{"id":3752,"date":"2024-11-25T19:53:15","date_gmt":"2024-11-25T18:53:15","guid":{"rendered":"https:\/\/mauderli.ch\/?page_id=3752"},"modified":"2024-11-26T14:20:11","modified_gmt":"2024-11-26T13:20:11","slug":"notizie-2","status":"publish","type":"page","link":"https:\/\/mauderli.ch\/it\/notizie-2\/","title":{"rendered":"Stampa"},"content":{"rendered":"<div class=\"gb-container gb-container-bf88a1d2 alignfull\">\n<div class=\"gb-container gb-container-8c780689\">\n\n<h1 class=\"gb-headline gb-headline-b994ba93 gb-headline-text\">MAUDERLI nei media<\/h1>\n\n\n\n<div class=\"gb-grid-wrapper gb-grid-wrapper-b7cb83a1 gb-query-loop-wrapper\">\n<div class=\"gb-grid-column gb-grid-column-3728e43a gb-query-loop-item post-4088 post type-post status-publish format-standard has-post-thumbnail hentry category-stampa\"><div class=\"gb-container gb-container-3728e43a\">\n<figure class=\"border__radius__15 feat__image__blog__grid wp-block-post-featured-image\"><a href=\"https:\/\/mauderli.ch\/it\/radio-srf-visita-il-sito-di-mauderli-ag-lintervista-a-christoph-mauderli\/\" target=\"_self\"  ><img decoding=\"async\" width=\"2124\" height=\"1580\" src=\"https:\/\/mauderli.ch\/wp-content\/uploads\/2024\/11\/Mauderli_Logo_SRF.jpg\" class=\"attachment-post-thumbnail size-post-thumbnail wp-post-image\" alt=\"Radio SRF visita il sito di MAUDERLI AG. L&#8217;intervista a Christoph Mauderli.\" style=\"object-fit:cover;\" srcset=\"https:\/\/mauderli.ch\/wp-content\/uploads\/2024\/11\/Mauderli_Logo_SRF.jpg 2124w, https:\/\/mauderli.ch\/wp-content\/uploads\/2024\/11\/Mauderli_Logo_SRF-300x223.jpg 300w, https:\/\/mauderli.ch\/wp-content\/uploads\/2024\/11\/Mauderli_Logo_SRF-1024x762.jpg 1024w, https:\/\/mauderli.ch\/wp-content\/uploads\/2024\/11\/Mauderli_Logo_SRF-768x571.jpg 768w, https:\/\/mauderli.ch\/wp-content\/uploads\/2024\/11\/Mauderli_Logo_SRF-1536x1143.jpg 1536w, https:\/\/mauderli.ch\/wp-content\/uploads\/2024\/11\/Mauderli_Logo_SRF-2048x1523.jpg 2048w\" sizes=\"(max-width: 2124px) 100vw, 2124px\" \/><\/a><\/figure>\n\n<h3 style=\"font-size:20px;\" class=\"adjust__title post_title wp-block-post-title\"><a href=\"https:\/\/mauderli.ch\/it\/radio-srf-visita-il-sito-di-mauderli-ag-lintervista-a-christoph-mauderli\/\" target=\"_self\" >Radio SRF visita il sito di MAUDERLI AG. L&#8217;intervista a Christoph Mauderli.<\/a><\/h3>\n\n<div style=\"font-size:20px;\" class=\"make__it__button wp-block-post-excerpt\"><p class=\"wp-block-post-excerpt__excerpt\">CFAPChristoph Mauderli spiega le potenzialit\u00e0 e i vantaggi dizeroUltraone, il nuovo materiale da costruzione in fibra ad altissime&hellip;<\/p><p class=\"wp-block-post-excerpt__more-text\"><a class=\"wp-block-post-excerpt__more-link\" href=\"https:\/\/mauderli.ch\/it\/radio-srf-visita-il-sito-di-mauderli-ag-lintervista-a-christoph-mauderli\/\">Per saperne di pi\u00f9<\/a><\/p><\/div>\n<\/div><\/div>\n\n<div class=\"gb-grid-column gb-grid-column-3728e43a gb-query-loop-item post-3715 post type-post status-publish format-standard has-post-thumbnail hentry category-stampa\"><div class=\"gb-container gb-container-3728e43a\">\n<figure class=\"border__radius__15 feat__image__blog__grid wp-block-post-featured-image\"><a href=\"https:\/\/mauderli.ch\/it\/sembra-cemento-ma-non-lo-e-la-mauderli-ag-di-schachen-vince-il-premio-ihz-innovation-award-per-i-suoi-componenti\/\" target=\"_self\"  ><img decoding=\"async\" width=\"2124\" height=\"1580\" src=\"https:\/\/mauderli.ch\/wp-content\/uploads\/2024\/11\/Mauderli_Logo_Luzerner_Zeitung_241125.jpg\" class=\"attachment-post-thumbnail size-post-thumbnail wp-post-image\" alt=\"Sembra cemento, ma non lo \u00e8: la Mauderli AG di Schachen vince il premio IHZ Innovation Award per i suoi componenti\" style=\"object-fit:cover;\" srcset=\"https:\/\/mauderli.ch\/wp-content\/uploads\/2024\/11\/Mauderli_Logo_Luzerner_Zeitung_241125.jpg 2124w, https:\/\/mauderli.ch\/wp-content\/uploads\/2024\/11\/Mauderli_Logo_Luzerner_Zeitung_241125-300x223.jpg 300w, https:\/\/mauderli.ch\/wp-content\/uploads\/2024\/11\/Mauderli_Logo_Luzerner_Zeitung_241125-1024x762.jpg 1024w, https:\/\/mauderli.ch\/wp-content\/uploads\/2024\/11\/Mauderli_Logo_Luzerner_Zeitung_241125-768x571.jpg 768w, https:\/\/mauderli.ch\/wp-content\/uploads\/2024\/11\/Mauderli_Logo_Luzerner_Zeitung_241125-1536x1143.jpg 1536w, https:\/\/mauderli.ch\/wp-content\/uploads\/2024\/11\/Mauderli_Logo_Luzerner_Zeitung_241125-2048x1523.jpg 2048w\" sizes=\"(max-width: 2124px) 100vw, 2124px\" \/><\/a><\/figure>\n\n<h3 style=\"font-size:20px;\" class=\"adjust__title post_title wp-block-post-title\"><a href=\"https:\/\/mauderli.ch\/it\/sembra-cemento-ma-non-lo-e-la-mauderli-ag-di-schachen-vince-il-premio-ihz-innovation-award-per-i-suoi-componenti\/\" target=\"_self\" >Sembra cemento, ma non lo \u00e8: la Mauderli AG di Schachen vince il premio IHZ Innovation Award per i suoi componenti<\/a><\/h3>\n\n<div style=\"font-size:20px;\" class=\"make__it__button wp-block-post-excerpt\"><p class=\"wp-block-post-excerpt__excerpt\">Quest&#8217;anno il premio per l&#8217;innovazione della Camera di Commercio e dell&#8217;Industria della Svizzera Centrale va a Mauderli AG.&hellip;<\/p><p class=\"wp-block-post-excerpt__more-text\"><a class=\"wp-block-post-excerpt__more-link\" href=\"https:\/\/mauderli.ch\/it\/sembra-cemento-ma-non-lo-e-la-mauderli-ag-di-schachen-vince-il-premio-ihz-innovation-award-per-i-suoi-componenti\/\">Per saperne di pi\u00f9<\/a><\/p><\/div>\n<\/div><\/div>\n\n<div class=\"gb-grid-column gb-grid-column-3728e43a gb-query-loop-item post-3706 post type-post status-publish format-standard has-post-thumbnail hentry category-stampa\"><div class=\"gb-container gb-container-3728e43a\">\n<figure class=\"border__radius__15 feat__image__blog__grid wp-block-post-featured-image\"><a href=\"https:\/\/mauderli.ch\/it\/\" target=\"_self\"  ><img decoding=\"async\" width=\"2124\" height=\"1580\" src=\"https:\/\/mauderli.ch\/wp-content\/uploads\/2024\/11\/Mauderli_Logo_Handelszeitung_241125-1.jpg\" class=\"attachment-post-thumbnail size-post-thumbnail wp-post-image\" alt=\"Pi\u00f9 leggero, pi\u00f9 resistente, pi\u00f9 sostenibile\" style=\"object-fit:cover;\" srcset=\"https:\/\/mauderli.ch\/wp-content\/uploads\/2024\/11\/Mauderli_Logo_Handelszeitung_241125-1.jpg 2124w, https:\/\/mauderli.ch\/wp-content\/uploads\/2024\/11\/Mauderli_Logo_Handelszeitung_241125-1-300x223.jpg 300w, https:\/\/mauderli.ch\/wp-content\/uploads\/2024\/11\/Mauderli_Logo_Handelszeitung_241125-1-1024x762.jpg 1024w, https:\/\/mauderli.ch\/wp-content\/uploads\/2024\/11\/Mauderli_Logo_Handelszeitung_241125-1-768x571.jpg 768w, https:\/\/mauderli.ch\/wp-content\/uploads\/2024\/11\/Mauderli_Logo_Handelszeitung_241125-1-1536x1143.jpg 1536w, https:\/\/mauderli.ch\/wp-content\/uploads\/2024\/11\/Mauderli_Logo_Handelszeitung_241125-1-2048x1523.jpg 2048w\" sizes=\"(max-width: 2124px) 100vw, 2124px\" \/><\/a><\/figure>\n\n<h3 style=\"font-size:20px;\" class=\"adjust__title post_title wp-block-post-title\"><a href=\"https:\/\/mauderli.ch\/it\/\" target=\"_self\" >Pi\u00f9 leggero, pi\u00f9 resistente, pi\u00f9 sostenibile<\/a><\/h3>\n\n<div style=\"font-size:20px;\" class=\"make__it__button wp-block-post-excerpt\"><p class=\"wp-block-post-excerpt__excerpt\">Titolo Lorem Ipsum Dolore sit amet Lorem Ipsum sit amet Lorem Ipsum<\/p><p class=\"wp-block-post-excerpt__more-text\"><a class=\"wp-block-post-excerpt__more-link\" href=\"https:\/\/mauderli.ch\/it\/\">Per saperne di pi\u00f9<\/a><\/p><\/div>\n<\/div><\/div>\n\n<div class=\"gb-grid-column gb-grid-column-3728e43a gb-query-loop-item post-3696 post type-post status-publish format-standard has-post-thumbnail hentry category-stampa\"><div class=\"gb-container gb-container-3728e43a\">\n<figure class=\"border__radius__15 feat__image__blog__grid wp-block-post-featured-image\"><a href=\"https:\/\/mauderli.ch\/it\/\" target=\"_self\"  ><img decoding=\"async\" width=\"2124\" height=\"1580\" src=\"https:\/\/mauderli.ch\/wp-content\/uploads\/2024\/11\/Mauderli_Logo_Schweizerische_Gewerbezeitung_241125.jpg\" class=\"attachment-post-thumbnail size-post-thumbnail wp-post-image\" alt=\"&#8220;L&#8217;imprenditorialit\u00e0 \u00e8 come uno sport di alto livello&#8221;.\" style=\"object-fit:cover;\" srcset=\"https:\/\/mauderli.ch\/wp-content\/uploads\/2024\/11\/Mauderli_Logo_Schweizerische_Gewerbezeitung_241125.jpg 2124w, https:\/\/mauderli.ch\/wp-content\/uploads\/2024\/11\/Mauderli_Logo_Schweizerische_Gewerbezeitung_241125-300x223.jpg 300w, https:\/\/mauderli.ch\/wp-content\/uploads\/2024\/11\/Mauderli_Logo_Schweizerische_Gewerbezeitung_241125-1024x762.jpg 1024w, https:\/\/mauderli.ch\/wp-content\/uploads\/2024\/11\/Mauderli_Logo_Schweizerische_Gewerbezeitung_241125-768x571.jpg 768w, https:\/\/mauderli.ch\/wp-content\/uploads\/2024\/11\/Mauderli_Logo_Schweizerische_Gewerbezeitung_241125-1536x1143.jpg 1536w, https:\/\/mauderli.ch\/wp-content\/uploads\/2024\/11\/Mauderli_Logo_Schweizerische_Gewerbezeitung_241125-2048x1523.jpg 2048w\" sizes=\"(max-width: 2124px) 100vw, 2124px\" \/><\/a><\/figure>\n\n<h3 style=\"font-size:20px;\" class=\"adjust__title post_title wp-block-post-title\"><a href=\"https:\/\/mauderli.ch\/it\/\" target=\"_self\" >&#8220;L&#8217;imprenditorialit\u00e0 \u00e8 come uno sport di alto livello&#8221;.<\/a><\/h3>\n\n<div style=\"font-size:20px;\" class=\"make__it__button wp-block-post-excerpt\"><p class=\"wp-block-post-excerpt__excerpt\">Titolo Lorem Ipsum Dolore sit amet Lorem Ipsum sit amet Lorem Ipsum<\/p><p class=\"wp-block-post-excerpt__more-text\"><a class=\"wp-block-post-excerpt__more-link\" href=\"https:\/\/mauderli.ch\/it\/\">Per saperne di pi\u00f9<\/a><\/p><\/div>\n<\/div><\/div>\n\n<div class=\"gb-grid-column gb-grid-column-3728e43a gb-query-loop-item post-3685 post type-post status-publish format-standard has-post-thumbnail hentry category-stampa\"><div class=\"gb-container gb-container-3728e43a\">\n<figure class=\"border__radius__15 feat__image__blog__grid wp-block-post-featured-image\"><a href=\"https:\/\/mauderli.ch\/it\/\" target=\"_self\"  ><img decoding=\"async\" width=\"2124\" height=\"1580\" src=\"https:\/\/mauderli.ch\/wp-content\/uploads\/2024\/11\/Mauderli_Logo_fachbau_241125.jpg\" class=\"attachment-post-thumbnail size-post-thumbnail wp-post-image\" alt=\"Assegnato il Premio Innovazione IHZ 2024\" style=\"object-fit:cover;\" srcset=\"https:\/\/mauderli.ch\/wp-content\/uploads\/2024\/11\/Mauderli_Logo_fachbau_241125.jpg 2124w, https:\/\/mauderli.ch\/wp-content\/uploads\/2024\/11\/Mauderli_Logo_fachbau_241125-300x223.jpg 300w, https:\/\/mauderli.ch\/wp-content\/uploads\/2024\/11\/Mauderli_Logo_fachbau_241125-1024x762.jpg 1024w, https:\/\/mauderli.ch\/wp-content\/uploads\/2024\/11\/Mauderli_Logo_fachbau_241125-768x571.jpg 768w, https:\/\/mauderli.ch\/wp-content\/uploads\/2024\/11\/Mauderli_Logo_fachbau_241125-1536x1143.jpg 1536w, https:\/\/mauderli.ch\/wp-content\/uploads\/2024\/11\/Mauderli_Logo_fachbau_241125-2048x1523.jpg 2048w\" sizes=\"(max-width: 2124px) 100vw, 2124px\" \/><\/a><\/figure>\n\n<h3 style=\"font-size:20px;\" class=\"adjust__title post_title wp-block-post-title\"><a href=\"https:\/\/mauderli.ch\/it\/\" target=\"_self\" >Assegnato il Premio Innovazione IHZ 2024<\/a><\/h3>\n\n<div style=\"font-size:20px;\" class=\"make__it__button wp-block-post-excerpt\"><p class=\"wp-block-post-excerpt__excerpt\">Titolo Lorem Ipsum Dolore sit amet Lorem Ipsum sit amet Lorem Ipsum<\/p><p class=\"wp-block-post-excerpt__more-text\"><a class=\"wp-block-post-excerpt__more-link\" href=\"https:\/\/mauderli.ch\/it\/\">Per saperne di pi\u00f9<\/a><\/p><\/div>\n<\/div><\/div>\n\n<div class=\"gb-grid-column gb-grid-column-3728e43a gb-query-loop-item post-3674 post type-post status-publish format-standard has-post-thumbnail hentry category-stampa\"><div class=\"gb-container gb-container-3728e43a\">\n<figure class=\"border__radius__15 feat__image__blog__grid wp-block-post-featured-image\"><a href=\"https:\/\/mauderli.ch\/it\/premio-innovazione-ihz-per-mauderli-ag-di-schachen\/\" target=\"_self\"  ><img decoding=\"async\" width=\"2124\" height=\"1580\" src=\"https:\/\/mauderli.ch\/wp-content\/uploads\/2024\/11\/Mauderli_Logo_Entlebucher_Anzeiger_241125.jpg\" class=\"attachment-post-thumbnail size-post-thumbnail wp-post-image\" alt=\"Premio Innovazione IHZ per Mauderli AG di Schachen\" style=\"object-fit:cover;\" srcset=\"https:\/\/mauderli.ch\/wp-content\/uploads\/2024\/11\/Mauderli_Logo_Entlebucher_Anzeiger_241125.jpg 2124w, https:\/\/mauderli.ch\/wp-content\/uploads\/2024\/11\/Mauderli_Logo_Entlebucher_Anzeiger_241125-300x223.jpg 300w, https:\/\/mauderli.ch\/wp-content\/uploads\/2024\/11\/Mauderli_Logo_Entlebucher_Anzeiger_241125-1024x762.jpg 1024w, https:\/\/mauderli.ch\/wp-content\/uploads\/2024\/11\/Mauderli_Logo_Entlebucher_Anzeiger_241125-768x571.jpg 768w, https:\/\/mauderli.ch\/wp-content\/uploads\/2024\/11\/Mauderli_Logo_Entlebucher_Anzeiger_241125-1536x1143.jpg 1536w, https:\/\/mauderli.ch\/wp-content\/uploads\/2024\/11\/Mauderli_Logo_Entlebucher_Anzeiger_241125-2048x1523.jpg 2048w\" sizes=\"(max-width: 2124px) 100vw, 2124px\" \/><\/a><\/figure>\n\n<h3 style=\"font-size:20px;\" class=\"adjust__title post_title wp-block-post-title\"><a href=\"https:\/\/mauderli.ch\/it\/premio-innovazione-ihz-per-mauderli-ag-di-schachen\/\" target=\"_self\" >Premio Innovazione IHZ per Mauderli AG di Schachen<\/a><\/h3>\n\n<div style=\"font-size:20px;\" class=\"make__it__button wp-block-post-excerpt\"><p class=\"wp-block-post-excerpt__excerpt\">UHPFRCLa Mauderli AG di Schachen sta rivoluzionando la costruzione di infrastrutture con elementi prefabbricati in materiale composito in&hellip;<\/p><p class=\"wp-block-post-excerpt__more-text\"><a class=\"wp-block-post-excerpt__more-link\" href=\"https:\/\/mauderli.ch\/it\/premio-innovazione-ihz-per-mauderli-ag-di-schachen\/\">Per saperne di pi\u00f9<\/a><\/p><\/div>\n<\/div><\/div>\n\n<div class=\"gb-grid-column gb-grid-column-3728e43a gb-query-loop-item post-3774 post type-post status-publish format-standard has-post-thumbnail hentry category-stampa\"><div class=\"gb-container gb-container-3728e43a\">\n<figure class=\"border__radius__15 feat__image__blog__grid wp-block-post-featured-image\"><a href=\"https:\/\/mauderli.ch\/it\/mauderli-ag-vince-il-premio-innovazione-ihz\/\" target=\"_self\"  ><img decoding=\"async\" width=\"2124\" height=\"1580\" src=\"https:\/\/mauderli.ch\/wp-content\/uploads\/2024\/11\/Mauderli_Logo_Sitzerland_Global_Enterprise_241125.jpg\" class=\"attachment-post-thumbnail size-post-thumbnail wp-post-image\" alt=\"Mauderli AG vince il Premio Innovazione IHZ\" style=\"object-fit:cover;\" srcset=\"https:\/\/mauderli.ch\/wp-content\/uploads\/2024\/11\/Mauderli_Logo_Sitzerland_Global_Enterprise_241125.jpg 2124w, https:\/\/mauderli.ch\/wp-content\/uploads\/2024\/11\/Mauderli_Logo_Sitzerland_Global_Enterprise_241125-300x223.jpg 300w, https:\/\/mauderli.ch\/wp-content\/uploads\/2024\/11\/Mauderli_Logo_Sitzerland_Global_Enterprise_241125-1024x762.jpg 1024w, https:\/\/mauderli.ch\/wp-content\/uploads\/2024\/11\/Mauderli_Logo_Sitzerland_Global_Enterprise_241125-768x571.jpg 768w, https:\/\/mauderli.ch\/wp-content\/uploads\/2024\/11\/Mauderli_Logo_Sitzerland_Global_Enterprise_241125-1536x1143.jpg 1536w, https:\/\/mauderli.ch\/wp-content\/uploads\/2024\/11\/Mauderli_Logo_Sitzerland_Global_Enterprise_241125-2048x1523.jpg 2048w\" sizes=\"(max-width: 2124px) 100vw, 2124px\" \/><\/a><\/figure>\n\n<h3 style=\"font-size:20px;\" class=\"adjust__title post_title wp-block-post-title\"><a href=\"https:\/\/mauderli.ch\/it\/mauderli-ag-vince-il-premio-innovazione-ihz\/\" target=\"_self\" >Mauderli AG vince il Premio Innovazione IHZ<\/a><\/h3>\n\n<div style=\"font-size:20px;\" class=\"make__it__button wp-block-post-excerpt\"><p class=\"wp-block-post-excerpt__excerpt\">Mauderli AG ha vinto il premio per l&#8217;innovazione della Camera dell&#8217;Industria e del Commercio della Svizzera Centrale (IHZ).&hellip;<\/p><p class=\"wp-block-post-excerpt__more-text\"><a class=\"wp-block-post-excerpt__more-link\" href=\"https:\/\/mauderli.ch\/it\/mauderli-ag-vince-il-premio-innovazione-ihz\/\">Per saperne di pi\u00f9<\/a><\/p><\/div>\n<\/div><\/div>\n\n<div class=\"gb-grid-column gb-grid-column-3728e43a gb-query-loop-item post-3799 post type-post status-publish format-standard has-post-thumbnail hentry category-stampa\"><div class=\"gb-container gb-container-3728e43a\">\n<figure class=\"border__radius__15 feat__image__blog__grid wp-block-post-featured-image\"><a href=\"https:\/\/mauderli.ch\/it\/il-premio-innovazione-2024-va-allazienda-di-schachen-con-un-materiale-da-costruzione-ad-altissima-resistenza\/\" target=\"_self\"  ><img decoding=\"async\" width=\"2124\" height=\"1580\" src=\"https:\/\/mauderli.ch\/wp-content\/uploads\/2024\/11\/Mauderli_Logo_immoinvest_241125.jpg\" class=\"attachment-post-thumbnail size-post-thumbnail wp-post-image\" alt=\"Il Premio Innovazione 2024 va all&#8217;azienda di Schachen con un materiale da costruzione ad altissima resistenza\" style=\"object-fit:cover;\" srcset=\"https:\/\/mauderli.ch\/wp-content\/uploads\/2024\/11\/Mauderli_Logo_immoinvest_241125.jpg 2124w, https:\/\/mauderli.ch\/wp-content\/uploads\/2024\/11\/Mauderli_Logo_immoinvest_241125-300x223.jpg 300w, https:\/\/mauderli.ch\/wp-content\/uploads\/2024\/11\/Mauderli_Logo_immoinvest_241125-1024x762.jpg 1024w, https:\/\/mauderli.ch\/wp-content\/uploads\/2024\/11\/Mauderli_Logo_immoinvest_241125-768x571.jpg 768w, https:\/\/mauderli.ch\/wp-content\/uploads\/2024\/11\/Mauderli_Logo_immoinvest_241125-1536x1143.jpg 1536w, https:\/\/mauderli.ch\/wp-content\/uploads\/2024\/11\/Mauderli_Logo_immoinvest_241125-2048x1523.jpg 2048w\" sizes=\"(max-width: 2124px) 100vw, 2124px\" \/><\/a><\/figure>\n\n<h3 style=\"font-size:20px;\" class=\"adjust__title post_title wp-block-post-title\"><a href=\"https:\/\/mauderli.ch\/it\/il-premio-innovazione-2024-va-allazienda-di-schachen-con-un-materiale-da-costruzione-ad-altissima-resistenza\/\" target=\"_self\" >Il Premio Innovazione 2024 va all&#8217;azienda di Schachen con un materiale da costruzione ad altissima resistenza<\/a><\/h3>\n\n<div style=\"font-size:20px;\" class=\"make__it__button wp-block-post-excerpt\"><p class=\"wp-block-post-excerpt__excerpt\">Mauderli AG ha vinto il premio per l&#8217;innovazione della Camera dell&#8217;Industria e del Commercio della Svizzera Centrale (IHZ).&hellip;<\/p><p class=\"wp-block-post-excerpt__more-text\"><a class=\"wp-block-post-excerpt__more-link\" href=\"https:\/\/mauderli.ch\/it\/il-premio-innovazione-2024-va-allazienda-di-schachen-con-un-materiale-da-costruzione-ad-altissima-resistenza\/\">Per saperne di pi\u00f9<\/a><\/p><\/div>\n<\/div><\/div>\n\n<div class=\"gb-grid-column gb-grid-column-3728e43a gb-query-loop-item post-3788 post type-post status-publish format-standard has-post-thumbnail hentry category-stampa\"><div class=\"gb-container gb-container-3728e43a\">\n<figure class=\"border__radius__15 feat__image__blog__grid wp-block-post-featured-image\"><a href=\"https:\/\/mauderli.ch\/it\/il-premio-per-linnovazione-arriva-nel-cantone-di-lucerna\/\" target=\"_self\"  ><img decoding=\"async\" width=\"2124\" height=\"1580\" src=\"https:\/\/mauderli.ch\/wp-content\/uploads\/2024\/11\/Mauderli_Logo_zentralplus_241125.jpg\" class=\"attachment-post-thumbnail size-post-thumbnail wp-post-image\" alt=\"Il premio per l&#8217;innovazione arriva nel cantone di Lucerna\" style=\"object-fit:cover;\" srcset=\"https:\/\/mauderli.ch\/wp-content\/uploads\/2024\/11\/Mauderli_Logo_zentralplus_241125.jpg 2124w, https:\/\/mauderli.ch\/wp-content\/uploads\/2024\/11\/Mauderli_Logo_zentralplus_241125-300x223.jpg 300w, https:\/\/mauderli.ch\/wp-content\/uploads\/2024\/11\/Mauderli_Logo_zentralplus_241125-1024x762.jpg 1024w, https:\/\/mauderli.ch\/wp-content\/uploads\/2024\/11\/Mauderli_Logo_zentralplus_241125-768x571.jpg 768w, https:\/\/mauderli.ch\/wp-content\/uploads\/2024\/11\/Mauderli_Logo_zentralplus_241125-1536x1143.jpg 1536w, https:\/\/mauderli.ch\/wp-content\/uploads\/2024\/11\/Mauderli_Logo_zentralplus_241125-2048x1523.jpg 2048w\" sizes=\"(max-width: 2124px) 100vw, 2124px\" \/><\/a><\/figure>\n\n<h3 style=\"font-size:20px;\" class=\"adjust__title post_title wp-block-post-title\"><a href=\"https:\/\/mauderli.ch\/it\/il-premio-per-linnovazione-arriva-nel-cantone-di-lucerna\/\" target=\"_self\" >Il premio per l&#8217;innovazione arriva nel cantone di Lucerna<\/a><\/h3>\n\n<div style=\"font-size:20px;\" class=\"make__it__button wp-block-post-excerpt\"><p class=\"wp-block-post-excerpt__excerpt\">L&#8217;azienda edile di Lucerna Mauderli AG ha convinto la giuria della Camera dell&#8217;Industria e del Commercio della Svizzera&hellip;<\/p><p class=\"wp-block-post-excerpt__more-text\"><a class=\"wp-block-post-excerpt__more-link\" href=\"https:\/\/mauderli.ch\/it\/il-premio-per-linnovazione-arriva-nel-cantone-di-lucerna\/\">Per saperne di pi\u00f9<\/a><\/p><\/div>\n<\/div><\/div>\n\n<div class=\"gb-grid-column gb-grid-column-3728e43a gb-query-loop-item post-3571 post type-post status-publish format-standard has-post-thumbnail hentry category-stampa\"><div class=\"gb-container gb-container-3728e43a\">\n<figure class=\"border__radius__15 feat__image__blog__grid wp-block-post-featured-image\"><a href=\"https:\/\/mauderli.ch\/it\/2-lorem-ipsum-dolor-sit-amet-consetetur-sadipscing-elitr-sed-diam-nonumy-eirmod-tempor-invidunt-ut-labore-et-dolore\/\" target=\"_self\"  ><img decoding=\"async\" width=\"2124\" height=\"1580\" src=\"https:\/\/mauderli.ch\/wp-content\/uploads\/2024\/11\/Mauderli_Logo_Roi_Online_241125.jpg\" class=\"attachment-post-thumbnail size-post-thumbnail wp-post-image\" alt=\"Premio Innovazione IHZ 2024\" style=\"object-fit:cover;\" srcset=\"https:\/\/mauderli.ch\/wp-content\/uploads\/2024\/11\/Mauderli_Logo_Roi_Online_241125.jpg 2124w, https:\/\/mauderli.ch\/wp-content\/uploads\/2024\/11\/Mauderli_Logo_Roi_Online_241125-300x223.jpg 300w, https:\/\/mauderli.ch\/wp-content\/uploads\/2024\/11\/Mauderli_Logo_Roi_Online_241125-1024x762.jpg 1024w, https:\/\/mauderli.ch\/wp-content\/uploads\/2024\/11\/Mauderli_Logo_Roi_Online_241125-768x571.jpg 768w, https:\/\/mauderli.ch\/wp-content\/uploads\/2024\/11\/Mauderli_Logo_Roi_Online_241125-1536x1143.jpg 1536w, https:\/\/mauderli.ch\/wp-content\/uploads\/2024\/11\/Mauderli_Logo_Roi_Online_241125-2048x1523.jpg 2048w\" sizes=\"(max-width: 2124px) 100vw, 2124px\" \/><\/a><\/figure>\n\n<h3 style=\"font-size:20px;\" class=\"adjust__title post_title wp-block-post-title\"><a href=\"https:\/\/mauderli.ch\/it\/2-lorem-ipsum-dolor-sit-amet-consetetur-sadipscing-elitr-sed-diam-nonumy-eirmod-tempor-invidunt-ut-labore-et-dolore\/\" target=\"_self\" >Premio Innovazione IHZ 2024<\/a><\/h3>\n\n<div style=\"font-size:20px;\" class=\"make__it__button wp-block-post-excerpt\"><p class=\"wp-block-post-excerpt__excerpt\">UHPFRCLa Mauderli AG di Schachen sta rivoluzionando la costruzione di infrastrutture con elementi prefabbricati in materiale composito in&hellip;<\/p><p class=\"wp-block-post-excerpt__more-text\"><a class=\"wp-block-post-excerpt__more-link\" href=\"https:\/\/mauderli.ch\/it\/2-lorem-ipsum-dolor-sit-amet-consetetur-sadipscing-elitr-sed-diam-nonumy-eirmod-tempor-invidunt-ut-labore-et-dolore\/\">Per saperne di pi\u00f9<\/a><\/p><\/div>\n<\/div><\/div>\n\n<div class=\"gb-grid-column gb-grid-column-3728e43a gb-query-loop-item post-3783 post type-post status-publish format-standard has-post-thumbnail hentry category-stampa\"><div class=\"gb-container gb-container-3728e43a\">\n<figure class=\"border__radius__15 feat__image__blog__grid wp-block-post-featured-image\"><a href=\"https:\/\/mauderli.ch\/it\/mauderli-ag-vince-il-premio-innovazione-ihz-2\/\" target=\"_self\"  ><img decoding=\"async\" width=\"2124\" height=\"1580\" src=\"https:\/\/mauderli.ch\/wp-content\/uploads\/2024\/11\/Mauderli_Logo_booster_241125.jpg\" class=\"attachment-post-thumbnail size-post-thumbnail wp-post-image\" alt=\"Mauderli AG vince il Premio Innovazione IHZ\" style=\"object-fit:cover;\" srcset=\"https:\/\/mauderli.ch\/wp-content\/uploads\/2024\/11\/Mauderli_Logo_booster_241125.jpg 2124w, https:\/\/mauderli.ch\/wp-content\/uploads\/2024\/11\/Mauderli_Logo_booster_241125-300x223.jpg 300w, https:\/\/mauderli.ch\/wp-content\/uploads\/2024\/11\/Mauderli_Logo_booster_241125-1024x762.jpg 1024w, https:\/\/mauderli.ch\/wp-content\/uploads\/2024\/11\/Mauderli_Logo_booster_241125-768x571.jpg 768w, https:\/\/mauderli.ch\/wp-content\/uploads\/2024\/11\/Mauderli_Logo_booster_241125-1536x1143.jpg 1536w, https:\/\/mauderli.ch\/wp-content\/uploads\/2024\/11\/Mauderli_Logo_booster_241125-2048x1523.jpg 2048w\" sizes=\"(max-width: 2124px) 100vw, 2124px\" \/><\/a><\/figure>\n\n<h3 style=\"font-size:20px;\" class=\"adjust__title post_title wp-block-post-title\"><a href=\"https:\/\/mauderli.ch\/it\/mauderli-ag-vince-il-premio-innovazione-ihz-2\/\" target=\"_self\" >Mauderli AG vince il Premio Innovazione IHZ<\/a><\/h3>\n\n<div style=\"font-size:20px;\" class=\"make__it__button wp-block-post-excerpt\"><p class=\"wp-block-post-excerpt__excerpt\">Mauderli AG ha vinto il premio per l&#8217;innovazione della Camera dell&#8217;Industria e del Commercio della Svizzera Centrale (IHZ).&hellip;<\/p><p class=\"wp-block-post-excerpt__more-text\"><a class=\"wp-block-post-excerpt__more-link\" href=\"https:\/\/mauderli.ch\/it\/mauderli-ag-vince-il-premio-innovazione-ihz-2\/\">Per saperne di pi\u00f9<\/a><\/p><\/div>\n<\/div><\/div>\n<\/div>\n\n<\/div>\n<\/div>","protected":false},"excerpt":{"rendered":"<p>MAUDERLI nei media<\/p>\n","protected":false},"author":1,"featured_media":0,"parent":0,"menu_order":0,"comment_status":"closed","ping_status":"closed","template":"","meta":{"_acf_changed":false,"inline_featured_image":false,"footnotes":""},"class_list":["post-3752","page","type-page","status-publish"],"acf":[],"_links":{"self":[{"href":"https:\/\/mauderli.ch\/it\/wp-json\/wp\/v2\/pages\/3752","targetHints":{"allow":["GET"]}}],"collection":[{"href":"https:\/\/mauderli.ch\/it\/wp-json\/wp\/v2\/pages"}],"about":[{"href":"https:\/\/mauderli.ch\/it\/wp-json\/wp\/v2\/types\/page"}],"author":[{"embeddable":true,"href":"https:\/\/mauderli.ch\/it\/wp-json\/wp\/v2\/users\/1"}],"replies":[{"embeddable":true,"href":"https:\/\/mauderli.ch\/it\/wp-json\/wp\/v2\/comments?post=3752"}],"version-history":[{"count":5,"href":"https:\/\/mauderli.ch\/it\/wp-json\/wp\/v2\/pages\/3752\/revisions"}],"predecessor-version":[{"id":3966,"href":"https:\/\/mauderli.ch\/it\/wp-json\/wp\/v2\/pages\/3752\/revisions\/3966"}],"wp:attachment":[{"href":"https:\/\/mauderli.ch\/it\/wp-json\/wp\/v2\/media?parent=3752"}],"curies":[{"name":"wp","href":"https:\/\/api.w.org\/{rel}","templated":true}]}}