{"id":3276,"date":"2024-09-16T16:30:12","date_gmt":"2024-09-16T14:30:12","guid":{"rendered":"https:\/\/mauderli.ch\/laboratorio-di-plastica\/"},"modified":"2024-11-19T16:53:34","modified_gmt":"2024-11-19T15:53:34","slug":"laboratorio-di-plastica","status":"publish","type":"page","link":"https:\/\/mauderli.ch\/it\/laboratorio-di-plastica\/","title":{"rendered":"Laboratorio di plastica"},"content":{"rendered":"<div class=\"gb-container gb-container-6b1170d7\">\n<div class=\"gb-grid-wrapper gb-grid-wrapper-1d51386e rev_grid_mob\">\n<div class=\"gb-grid-column gb-grid-column-87913fb3\"><div class=\"gb-container gb-container-87913fb3\">\n<div class=\"gb-container gb-container-61eb29a6\">\n<h1 class=\"gb-headline gb-headline-2588b5e4 gb-headline-text\">Laboratorio di plastica<\/h1>\n\n\n<p class=\"f__25\"><strong>Soluzioni personalizzate con una lavorazione di alta qualit\u00e0<\/strong><\/p>\n\n\n\n<p class=\"f__25\">Nel nostro laboratorio di materie plastiche, combiniamo una perfetta abilit\u00e0 artigianale con una tecnologia innovativa per realizzare prodotti personalizzati che si adattano esattamente alle tue esigenze. Non abbiamo soluzioni standard: ogni idea viene realizzata con la massima precisione. Da pezzi speciali stampati e contenitori saldati a vasche d&#8217;acqua per il tuo giardino: Creiamo pezzi unici che danno vita alla tua visione.  <\/p>\n\n\n\n<p class=\"f__25\">Il nostro principio &#8220;Se non si pu\u00f2 fare, non lo facciamo&#8221; \u00e8 alla base del nostro lavoro. Insieme, sviluppiamo soluzioni creative e funzionali che convincono per la loro durata e il loro design unico. Il nostro team di esperti combina l&#8217;artigianato tradizionale con tecniche di produzione all&#8217;avanguardia per soddisfare le richieste pi\u00f9 elevate. Che si tratti di prototipi o di piccole serie, con noi puoi beneficiare di una lavorazione di alta qualit\u00e0 e di un processo fluido che trasforma le tue idee in realt\u00e0 tangibili.   <\/p>\n\n<\/div>\n<\/div><\/div>\n\n<div class=\"gb-grid-column gb-grid-column-89feef3b\"><div class=\"gb-container gb-container-89feef3b\">\n<figure class=\"gb-block-image gb-block-image-4b7a698d\"><img decoding=\"async\" width=\"952\" height=\"926\" src=\"https:\/\/mauderli.ch\/wp-content\/uploads\/2024\/09\/A4A9000_Fin-1.jpg\" class=\"gb-image-4b7a698d main__image__height\" alt=\"\" srcset=\"https:\/\/mauderli.ch\/wp-content\/uploads\/2024\/09\/A4A9000_Fin-1.jpg 952w, https:\/\/mauderli.ch\/wp-content\/uploads\/2024\/09\/A4A9000_Fin-1-300x292.jpg 300w, https:\/\/mauderli.ch\/wp-content\/uploads\/2024\/09\/A4A9000_Fin-1-768x747.jpg 768w\" sizes=\"(max-width: 952px) 100vw, 952px\" \/><\/figure>\n<\/div><\/div>\n<\/div>\n<\/div><div class=\"gb-container gb-container-c32d8553\" data-aos=\"fade-up\" data-aos-duration=\"800\">\n<div class=\"gb-grid-wrapper gb-grid-wrapper-89d7e3e2\">\n<div class=\"gb-grid-column gb-grid-column-2190ddcc\"><div class=\"gb-container gb-container-2190ddcc\">\n<section id=\"digicube-block-66e42bc9b576b\"  class=\"DEMO\" >\r\n    <div class=\"custom-slide-wrapper\">\r\n        <div class=\"custom-slider\">\r\n                        <div class=\"slick-item\">\r\n                <div class=\"slider-image\">\r\n                <img decoding=\"async\" src=\"https:\/\/mauderli.ch\/wp-content\/uploads\/2024\/09\/IMG_9147_Fin_R1_ohne_Logo-1-scaled.jpg\" alt=\"IMG_9147_Fin_R1_ohne_Logo\" \/>\r\n                <\/div>\r\n            <\/div>\r\n                        <div class=\"slick-item\">\r\n                <div class=\"slider-image\">\r\n                <img decoding=\"async\" src=\"https:\/\/mauderli.ch\/wp-content\/uploads\/2024\/09\/0279_MLook_ohne_Fremdlogo-1-scaled.jpg\" alt=\"0279_MLook_ohne_Fremdlogo\" \/>\r\n                <\/div>\r\n            <\/div>\r\n                        <div class=\"slick-item\">\r\n                <div class=\"slider-image\">\r\n                <img decoding=\"async\" src=\"https:\/\/mauderli.ch\/wp-content\/uploads\/2024\/09\/18-Mauderli_Tunnel_0239_RGB_oL-_MLook_ohne_Fremdlogo-scaled.jpg\" alt=\"18-Mauderli_Tunnel_0239_RGB_oL _MLook_ohne_Fremdlogo\" \/>\r\n                <\/div>\r\n            <\/div>\r\n                        <div class=\"slick-item\">\r\n                <div class=\"slider-image\">\r\n                <img decoding=\"async\" src=\"https:\/\/mauderli.ch\/wp-content\/uploads\/2024\/09\/PJOEE0511_Fin_R1_ohne_Logo_nieder.jpg\" alt=\"PJOEE0511_Fin_R1_ohne_Logo_nieder\" \/>\r\n                <\/div>\r\n            <\/div>\r\n                        <div class=\"slick-item\">\r\n                <div class=\"slider-image\">\r\n                <img decoding=\"async\" src=\"https:\/\/mauderli.ch\/wp-content\/uploads\/2024\/09\/IMG_1264_Fin_R1_ohne_Logo_breit-Kopie-scaled.jpg\" alt=\"IMG_1264_Fin_R1_ohne_Logo_breit Kopie\" \/>\r\n                <\/div>\r\n            <\/div>\r\n                        <div class=\"slick-item\">\r\n                <div class=\"slider-image\">\r\n                <img decoding=\"async\" src=\"https:\/\/mauderli.ch\/wp-content\/uploads\/2024\/09\/Schacht-5_01_breit-scaled.jpg\" alt=\"Schacht-5_01_breit\" \/>\r\n                <\/div>\r\n            <\/div>\r\n                        <div class=\"slick-item\">\r\n                <div class=\"slider-image\">\r\n                <img decoding=\"async\" src=\"https:\/\/mauderli.ch\/wp-content\/uploads\/2024\/09\/DSC01031_breit-scaled.jpg\" alt=\"DSC01031_breit\" \/>\r\n                <\/div>\r\n            <\/div>\r\n                        <div class=\"slick-item\">\r\n                <div class=\"slider-image\">\r\n                <img decoding=\"async\" src=\"https:\/\/mauderli.ch\/wp-content\/uploads\/2024\/09\/IMG_1279_breit-scaled.jpg\" alt=\"IMG_1279_breit\" \/>\r\n                <\/div>\r\n            <\/div>\r\n                        <div class=\"slick-item\">\r\n                <div class=\"slider-image\">\r\n                <img decoding=\"async\" src=\"https:\/\/mauderli.ch\/wp-content\/uploads\/2024\/09\/PP-Behaelter-004_breit-scaled.jpg\" alt=\"PP-Behaelter-004_breit\" \/>\r\n                <\/div>\r\n            <\/div>\r\n                    <\/div>\r\n    <\/div>\r\n<\/section>\r\n\n<\/div><\/div>\n\n<div class=\"gb-grid-column gb-grid-column-d8e27e9d\"><div class=\"gb-container gb-container-d8e27e9d\">\n<div class=\"gb-container gb-container-26367d19\">\n\n<h2 class=\"gb-headline gb-headline-c7ee95cf gb-headline-text\"><\/h2>\n\n<\/div>\n<\/div><\/div>\n<\/div>\n<\/div>","protected":false},"excerpt":{"rendered":"","protected":false},"author":1,"featured_media":2035,"parent":0,"menu_order":0,"comment_status":"closed","ping_status":"closed","template":"","meta":{"_acf_changed":false,"inline_featured_image":false,"footnotes":""},"class_list":["post-3276","page","type-page","status-publish","has-post-thumbnail"],"acf":[],"_links":{"self":[{"href":"https:\/\/mauderli.ch\/it\/wp-json\/wp\/v2\/pages\/3276","targetHints":{"allow":["GET"]}}],"collection":[{"href":"https:\/\/mauderli.ch\/it\/wp-json\/wp\/v2\/pages"}],"about":[{"href":"https:\/\/mauderli.ch\/it\/wp-json\/wp\/v2\/types\/page"}],"author":[{"embeddable":true,"href":"https:\/\/mauderli.ch\/it\/wp-json\/wp\/v2\/users\/1"}],"replies":[{"embeddable":true,"href":"https:\/\/mauderli.ch\/it\/wp-json\/wp\/v2\/comments?post=3276"}],"version-history":[{"count":2,"href":"https:\/\/mauderli.ch\/it\/wp-json\/wp\/v2\/pages\/3276\/revisions"}],"predecessor-version":[{"id":3278,"href":"https:\/\/mauderli.ch\/it\/wp-json\/wp\/v2\/pages\/3276\/revisions\/3278"}],"wp:featuredmedia":[{"embeddable":true,"href":"https:\/\/mauderli.ch\/it\/wp-json\/wp\/v2\/media\/2035"}],"wp:attachment":[{"href":"https:\/\/mauderli.ch\/it\/wp-json\/wp\/v2\/media?parent=3276"}],"curies":[{"name":"wp","href":"https:\/\/api.w.org\/{rel}","templated":true}]}}