{"id":3114,"date":"2024-09-13T14:10:04","date_gmt":"2024-09-13T12:10:04","guid":{"rendered":"https:\/\/mauderli.ch\/alberi\/"},"modified":"2024-11-26T12:44:10","modified_gmt":"2024-11-26T11:44:10","slug":"alberi","status":"publish","type":"page","link":"https:\/\/mauderli.ch\/it\/alberi\/","title":{"rendered":"Alberi"},"content":{"rendered":"<div class=\"gb-container gb-container-6b1170d7\" data-aos=\"fade-up\" data-aos-duration=\"800\">\n<div class=\"gb-grid-wrapper gb-grid-wrapper-1d51386e rev_grid_mob\">\n<div class=\"gb-grid-column gb-grid-column-87913fb3\"><div class=\"gb-container gb-container-87913fb3\">\n<div class=\"gb-container gb-container-61eb29a6\">\n<h1 class=\"gb-headline gb-headline-2588b5e4 gb-headline-text\">Alberi<\/h1>\n\n\n<p class=\"f__25\">Offriamo una gamma completa di pozzetti per il drenaggio, l&#8217;approvvigionamento e la protezione dei cavi. Produciamo pozzetti in cemento, plastica o nel materiale del futuro per la costruzione di infrastrutture, CFAP zeroUltra<sub>one<\/sub>, su misura per le tue esigenze individuali in cantiere.<\/p>\n\n\n\n<p class=\"f__25\">Grazie alle propriet\u00e0 del&#8217;CFAP zeroUltra<sub>one<\/sub> e agli spessori di parete estremamente sottili che ne derivano, \u00e8 possibile produrre strutture prefabbricate per pozzetti che in precedenza potevano essere realizzate solo in calcestruzzo gettato in opera.<\/p>\n\n<\/div>\n<\/div><\/div>\n\n<div class=\"gb-grid-column gb-grid-column-89feef3b\"><div class=\"gb-container gb-container-89feef3b\">\n<figure class=\"gb-block-image gb-block-image-4b7a698d\"><img decoding=\"async\" width=\"830\" height=\"926\" src=\"https:\/\/mauderli.ch\/wp-content\/uploads\/2024\/09\/A4A4351_ohne_Fremdlogo-2.jpg\" class=\"gb-image-4b7a698d main__image__height\" alt=\"\" srcset=\"https:\/\/mauderli.ch\/wp-content\/uploads\/2024\/09\/A4A4351_ohne_Fremdlogo-2.jpg 830w, https:\/\/mauderli.ch\/wp-content\/uploads\/2024\/09\/A4A4351_ohne_Fremdlogo-2-269x300.jpg 269w, https:\/\/mauderli.ch\/wp-content\/uploads\/2024\/09\/A4A4351_ohne_Fremdlogo-2-768x857.jpg 768w\" sizes=\"(max-width: 830px) 100vw, 830px\" \/><\/figure>\n<\/div><\/div>\n<\/div>\n<\/div>\n\n<div class=\"gb-container gb-container-f91b1acd\" data-aos=\"fade-up\" data-aos-duration=\"800\">\n<div class=\"gb-grid-wrapper gb-grid-wrapper-e578118e rev_grid\">\n<div class=\"gb-grid-column gb-grid-column-739b36d1\"><div class=\"gb-container gb-container-739b36d1\">\n<div class=\"gb-container gb-container-fb9ae985\">\n\n<h2 class=\"gb-headline gb-headline-6b8c4ead gb-headline-text\">Pozzetti con sistema in calcestruzzo RIDUR<\/h2>\n\n\n\n<p><\/p>\n\n\n\n<a class=\"gb-button gb-button-6118987f gb-button-text\" href=\"https:\/\/mauderli.ch\/it\/alberi\/pozzetti-con-sistema-in-calcestruzzo-ridur\/\">Per saperne di pi\u00f9<\/a>\n\n<\/div>\n<\/div><\/div>\n\n<div class=\"gb-grid-column gb-grid-column-1ebc76cc\"><div class=\"gb-container gb-container-1ebc76cc\">\n<section id=\"digicube-block-66e42bc9b576b\"  class=\"DEMO\" >\r\n    <div class=\"custom-slide-wrapper\">\r\n        <div class=\"custom-slider\">\r\n                        <div class=\"slick-item\">\r\n                <div class=\"slider-image\">\r\n                <img decoding=\"async\" src=\"https:\/\/mauderli.ch\/wp-content\/uploads\/2024\/09\/Mauderli_Schacht8-3.jpg\" alt=\"Mauderli_Schacht8\" \/>\r\n                <\/div>\r\n            <\/div>\r\n                    <\/div>\r\n    <\/div>\r\n<\/section>\r\n\n<\/div><\/div>\n<\/div>\n<\/div>\n\n<div class=\"gb-container gb-container-9b97b049\" data-aos=\"800\">\n<div class=\"gb-container gb-container-d081e473\">\n<div class=\"gb-grid-wrapper gb-grid-wrapper-5695c2d5\">\n<div class=\"gb-grid-column gb-grid-column-77e0b8e8\"><div class=\"gb-container gb-container-77e0b8e8\">\n<div class=\"gb-container gb-container-dfb9ec4f\">\n<section id=\"digicube-block-66e42bc9b576b\"  class=\"DEMO\" >\r\n    <div class=\"custom-slide-wrapper\">\r\n        <div class=\"custom-slider\">\r\n                        <div class=\"slick-item\">\r\n                <div class=\"slider-image\">\r\n                <img decoding=\"async\" src=\"https:\/\/mauderli.ch\/wp-content\/uploads\/2024\/09\/A4A4351_ohne_Fremdlogo-1.jpg\" alt=\"_A4A4351_ohne_Fremdlogo\" \/>\r\n                <\/div>\r\n            <\/div>\r\n                    <\/div>\r\n    <\/div>\r\n<\/section>\r\n\n<\/div>\n<\/div><\/div>\n\n<div class=\"gb-grid-column gb-grid-column-ad491f21\"><div class=\"gb-container gb-container-ad491f21\">\n<div class=\"gb-container gb-container-6950ccee\">\n\n<h2 class=\"gb-headline gb-headline-bd3c7eff gb-headline-text\">Chiusini in plastica<\/h2>\n\n\n\n<p>Offriamo sistemi di ispezione, alberi di pompaggio e di scorrimento, raccoglitori di fango e assorbitori di energia come sistema completo.<\/p>\n\n\n\n<a class=\"gb-button gb-button-67efffca gb-button-text\" href=\"https:\/\/mauderli.ch\/it\/alberi\/chiusini-in-plastica\/\">Per saperne di pi\u00f9<\/a>\n\n<\/div>\n<\/div><\/div>\n<\/div>\n<\/div>\n<\/div>\n\n<div class=\"gb-container gb-container-78af713f\" data-aos=\"fade-up\" data-aos-duration=\"800\">\n<div class=\"gb-grid-wrapper gb-grid-wrapper-53fc9831 rev_grid\">\n<div class=\"gb-grid-column gb-grid-column-1019fdaa\"><div class=\"gb-container gb-container-1019fdaa\">\n<div class=\"gb-container gb-container-d330b22c\">\n\n<h2 class=\"gb-headline gb-headline-f883136d gb-headline-text\">Canaline per cavi in CFAP zeroUltra<sub>one<\/sub><\/h2>\n\n\n\n<p>L&#8217;uso del calcestruzzo fibrorinforzato ad altissime prestazioni (CFAP) consente di produrre cavidotti conformi allo standard ASTRA (A1, A2, A3, S2, S3) nonch\u00e9 cavidotti standard o personalizzati con pareti sottili (4-6 cm). Il vantaggio decisivo sta nel notevole risparmio di peso: questi pozzetti sono fino a 4-5 volte pi\u00f9 leggeri dei tradizionali pozzetti in cemento. Ci\u00f2 si traduce in una logistica notevolmente semplificata, in quanto i pozzetti possono essere facilmente spostati in loco utilizzando macchinari edili senza la necessit\u00e0 di pesanti attrezzature specializzate. Grazie ai collegamenti prefabbricati, i pozzetti possono anche essere installati pi\u00f9 rapidamente, velocizzando l&#8217;intero processo di costruzione e rendendolo pi\u00f9 sostenibile. La riduzione dei requisiti di trasporto e l&#8217;uso pi\u00f9 efficiente dei macchinari aiutano a preservare le risorse e a ridurre l&#8217;impatto ambientale. Con il CFAP, i progetti possono essere realizzati pi\u00f9 velocemente, in modo pi\u00f9 efficiente dal punto di vista dei costi e pi\u00f9 rispettoso dell&#8217;ambiente: una soluzione ideale per l&#8217;industria edilizia moderna.<\/p>\n\n<\/div>\n<\/div><\/div>\n\n<div class=\"gb-grid-column gb-grid-column-9459028f\"><div class=\"gb-container gb-container-9459028f\">\n<section id=\"digicube-block-66e42bc9b576b\"  class=\"DEMO\" >\r\n    <div class=\"custom-slide-wrapper\">\r\n        <div class=\"custom-slider\">\r\n                        <div class=\"slick-item\">\r\n                <div class=\"slider-image\">\r\n                <img decoding=\"async\" src=\"https:\/\/mauderli.ch\/wp-content\/uploads\/2024\/09\/A4A4277.jpg\" alt=\"_A4A4277\" \/>\r\n                <\/div>\r\n            <\/div>\r\n                        <div class=\"slick-item\">\r\n                <div class=\"slider-image\">\r\n                <img decoding=\"async\" src=\"https:\/\/mauderli.ch\/wp-content\/uploads\/2024\/09\/A4A4351_ohne_Fremdlogo-3-scaled.jpg\" alt=\"_A4A4351_ohne_Fremdlogo\" \/>\r\n                <\/div>\r\n            <\/div>\r\n                        <div class=\"slick-item\">\r\n                <div class=\"slider-image\">\r\n                <img decoding=\"async\" src=\"https:\/\/mauderli.ch\/wp-content\/uploads\/2024\/09\/IMG_20210812_095918_Fin_R1_ohne_Logo-scaled.jpg\" alt=\"IMG_20210812_095918_Fin_R1_ohne_Logo\" \/>\r\n                <\/div>\r\n            <\/div>\r\n                        <div class=\"slick-item\">\r\n                <div class=\"slider-image\">\r\n                <img decoding=\"async\" src=\"https:\/\/mauderli.ch\/wp-content\/uploads\/2024\/09\/Foto-26.02.21-13-26-07b_FREISELLER_Fin_R1_ohne_Logo-scaled.jpg\" alt=\"Foto 26.02.21, 13 26 07b_FREISELLER_Fin_R1_ohne_Logo\" \/>\r\n                <\/div>\r\n            <\/div>\r\n                        <div class=\"slick-item\">\r\n                <div class=\"slider-image\">\r\n                <img decoding=\"async\" src=\"https:\/\/mauderli.ch\/wp-content\/uploads\/2024\/09\/Foto-26.02.21-13-24-05_FREISTELLER_Fin_R1_ohne_Logo-scaled.jpg\" alt=\"Foto 26.02.21, 13 24 05_FREISTELLER_Fin_R1_ohne_Logo\" \/>\r\n                <\/div>\r\n            <\/div>\r\n                    <\/div>\r\n    <\/div>\r\n<\/section>\r\n\n<\/div><\/div>\n<\/div>\n<\/div>\n\n<div class=\"gb-container gb-container-5ddcb56a\" data-aos=\"fade-up\" data-aos-duration=\"800\">\n<div class=\"gb-grid-wrapper gb-grid-wrapper-a3125dd0\">\n<div class=\"gb-grid-column gb-grid-column-413db226\"><div class=\"gb-container gb-container-413db226\">\n<section id=\"digicube-block-66e42bc9b576b\"  class=\"DEMO\" >\r\n    <div class=\"custom-slide-wrapper\">\r\n        <div class=\"custom-slider\">\r\n                        <div class=\"slick-item\">\r\n                <div class=\"slider-image\">\r\n                <img decoding=\"async\" src=\"https:\/\/mauderli.ch\/wp-content\/uploads\/2024\/09\/99d90c8b-ef14-481f-bcc0-bc9d152fba72-2.jpg\" alt=\"99d90c8b-ef14-481f-bcc0-bc9d152fba72\" \/>\r\n                <\/div>\r\n            <\/div>\r\n                        <div class=\"slick-item\">\r\n                <div class=\"slider-image\">\r\n                <img decoding=\"async\" src=\"https:\/\/mauderli.ch\/wp-content\/uploads\/2024\/09\/cfe8e1a2-de69-4976-9756-919c97916e3e_Fin_R1_ohne_Logo-rotated-e1727384373625.jpg\" alt=\"cfe8e1a2-de69-4976-9756-919c97916e3e_Fin_R1_ohne_Logo\" \/>\r\n                <\/div>\r\n            <\/div>\r\n                        <div class=\"slick-item\">\r\n                <div class=\"slider-image\">\r\n                <img decoding=\"async\" src=\"https:\/\/mauderli.ch\/wp-content\/uploads\/2024\/09\/d21fb275-2b9d-4dbb-abab-353fdbe03de7.jpg\" alt=\"d21fb275-2b9d-4dbb-abab-353fdbe03de7\" \/>\r\n                <\/div>\r\n            <\/div>\r\n                        <div class=\"slick-item\">\r\n                <div class=\"slider-image\">\r\n                <img decoding=\"async\" src=\"https:\/\/mauderli.ch\/wp-content\/uploads\/2024\/09\/IMG_3555_Fin_R1_ohne_Logo-scaled.jpg\" alt=\"IMG_3555_Fin_R1_ohne_Logo\" \/>\r\n                <\/div>\r\n            <\/div>\r\n                        <div class=\"slick-item\">\r\n                <div class=\"slider-image\">\r\n                <img decoding=\"async\" src=\"https:\/\/mauderli.ch\/wp-content\/uploads\/2024\/09\/IMG_8341-scaled.jpg\" alt=\"IMG_8341\" \/>\r\n                <\/div>\r\n            <\/div>\r\n                        <div class=\"slick-item\">\r\n                <div class=\"slider-image\">\r\n                <img decoding=\"async\" src=\"https:\/\/mauderli.ch\/wp-content\/uploads\/2024\/09\/IMG_8736_Fin_R1_ohne_Logo-1-scaled.jpg\" alt=\"IMG_8736_Fin_R1_ohne_Logo\" \/>\r\n                <\/div>\r\n            <\/div>\r\n                    <\/div>\r\n    <\/div>\r\n<\/section>\r\n\n<\/div><\/div>\n\n<div class=\"gb-grid-column gb-grid-column-e0c10d78\"><div class=\"gb-container gb-container-e0c10d78\">\n<div class=\"gb-container gb-container-79cf448d\">\n\n<h2 class=\"gb-headline gb-headline-fe466642 gb-headline-text\">Soluzioni personalizzate per chiusini realizzate con il materiale da costruzione del futuro \u2013 CFAP zeroUltra<sub>one<\/sub><\/h2>\n\n\n\n<p>Utilizziamo l&#8217;innovativo materiale da costruzione CFAP zeroUltra<sub>one<\/sub> per produrre soluzioni personalizzate per tunnel, autostrade e altre applicazioni infrastrutturali impegnative. Queste soluzioni offrono un&#8217;eccezionale combinazione di spessori sottili, peso ridotto, elevata durata e resistenza all&#8217;abrasione. Grazie alle eccellenti propriet\u00e0 meccaniche dell&#8217;UHPFRC e agli spessori di parete eccezionalmente sottili che si possono realizzare con l&#8217;CFAP, produciamo strutture prefabbricate per pozzetti con la massima stabilit\u00e0 e durata che in precedenza potevano essere realizzate solo in calcestruzzo gettato in opera. Il design leggero ma robusto consente a queste strutture di essere trasportate in modo efficiente e spostate in cantiere con i normali macchinari da cantiere. Con l&#8217;CFAP, combiniamo i vantaggi della prefabbricazione con la stabilit\u00e0 e la durata del materiale da costruzione ad alte prestazioni, accorciando i tempi di costruzione e riducendo i costi. Che si tratti di progetti personalizzati o di esigenze specifiche, con zeroUltra<sub>one<\/sub> creiamo soluzioni all&#8217;avanguardia che convincono sia dal punto di vista tecnico che economico. Puoi affidarti alla nostra esperienza nella realizzazione di soluzioni individuali di pozzetti in CFAP in grado di sopportare i carichi pi\u00f9 elevati e di adattarsi in modo ottimale ai tuoi progetti.<\/p>\n\n\n\n<p><\/p>\n\n<\/div>\n<\/div><\/div>\n<\/div>\n<\/div>\n\n<div class=\"gb-container gb-container-56e6e966\" data-aos=\"fade-up\" data-aos-duration=\"800\">\n<div class=\"gb-grid-wrapper gb-grid-wrapper-65e046ac rev_grid\">\n<div class=\"gb-grid-column gb-grid-column-d3c2c55f\"><div class=\"gb-container gb-container-d3c2c55f\">\n<div class=\"gb-container gb-container-ce437bb1\">\n\n<h2 class=\"gb-headline gb-headline-d77fed8a gb-headline-text\">Strutture di pozzetti in calcestruzzo personalizzate &#8211; su misura per le tue esigenze<\/h2>\n\n\n\n<p><\/p>\n\n\n\n<p>Realizziamo strutture di pozzetti in calcestruzzo personalizzate, progettate esattamente in base alle tue esigenze e ai tuoi desideri specifici. Che si tratti di drenaggio, gallerie o infrastrutture, le nostre strutture per pozzetti personalizzate ti offrono la massima qualit\u00e0, durata e funzionalit\u00e0. Grazie alla nostra flessibilit\u00e0 e alla nostra esperienza nella costruzione del calcestruzzo, siamo in grado di trasformare qualsiasi idea in realt\u00e0, sia per applicazioni standard che speciali. Grazie all&#8217;attenzione ai dettagli e alle tue esigenze individuali, sviluppiamo e produciamo strutture per pozzi non solo robuste, ma anche personalizzate per i tuoi progetti. Puoi contare sulla nostra esperienza quando si tratta di soluzioni personalizzate per le costruzioni in calcestruzzo. Ti supportiamo dalla progettazione alla produzione e ti offriamo strutture per pozzetti che soddisfano i requisiti pi\u00f9 elevati.     <\/p>\n\n<\/div>\n<\/div><\/div>\n\n<div class=\"gb-grid-column gb-grid-column-53867561\"><div class=\"gb-container gb-container-53867561\">\n<section id=\"digicube-block-66e42bc9b576b\"  class=\"DEMO\" >\r\n    <div class=\"custom-slide-wrapper\">\r\n        <div class=\"custom-slider\">\r\n                        <div class=\"slick-item\">\r\n                <div class=\"slider-image\">\r\n                <img decoding=\"async\" src=\"https:\/\/mauderli.ch\/wp-content\/uploads\/2024\/09\/Mauderli_Thun_oL_ZIV3035-2-scaled.jpg\" alt=\"Mauderli_Thun_oL_ZIV3035\" \/>\r\n                <\/div>\r\n            <\/div>\r\n                        <div class=\"slick-item\">\r\n                <div class=\"slider-image\">\r\n                <img decoding=\"async\" src=\"https:\/\/mauderli.ch\/wp-content\/uploads\/2024\/09\/Foto-09.05.18-17-03-51_oL_Fin-1-scaled.jpg\" alt=\"Foto 09.05.18, 17 03 51_oL_Fin\" \/>\r\n                <\/div>\r\n            <\/div>\r\n                        <div class=\"slick-item\">\r\n                <div class=\"slider-image\">\r\n                <img decoding=\"async\" src=\"https:\/\/mauderli.ch\/wp-content\/uploads\/2024\/09\/Foto-09.05.18-17-05-42_oL_Fin-1-scaled.jpg\" alt=\"Foto 09.05.18, 17 05 42_oL_Fin\" \/>\r\n                <\/div>\r\n            <\/div>\r\n                        <div class=\"slick-item\">\r\n                <div class=\"slider-image\">\r\n                <img decoding=\"async\" src=\"https:\/\/mauderli.ch\/wp-content\/uploads\/2024\/09\/Mauderli_Thun_oL_ZIV3273-1-scaled.jpg\" alt=\"Mauderli_Thun_oL_ZIV3273\" \/>\r\n                <\/div>\r\n            <\/div>\r\n                        <div class=\"slick-item\">\r\n                <div class=\"slider-image\">\r\n                <img decoding=\"async\" src=\"https:\/\/mauderli.ch\/wp-content\/uploads\/2024\/09\/Mauderli_Thun_oL_ZIV3276-1-scaled.jpg\" alt=\"Mauderli_Thun_oL_ZIV3276\" \/>\r\n                <\/div>\r\n            <\/div>\r\n                    <\/div>\r\n    <\/div>\r\n<\/section>\r\n\n<\/div><\/div>\n<\/div>\n<\/div>","protected":false},"excerpt":{"rendered":"","protected":false},"author":1,"featured_media":2095,"parent":0,"menu_order":0,"comment_status":"closed","ping_status":"closed","template":"","meta":{"_acf_changed":false,"inline_featured_image":false,"footnotes":""},"class_list":["post-3114","page","type-page","status-publish","has-post-thumbnail"],"acf":[],"_links":{"self":[{"href":"https:\/\/mauderli.ch\/it\/wp-json\/wp\/v2\/pages\/3114","targetHints":{"allow":["GET"]}}],"collection":[{"href":"https:\/\/mauderli.ch\/it\/wp-json\/wp\/v2\/pages"}],"about":[{"href":"https:\/\/mauderli.ch\/it\/wp-json\/wp\/v2\/types\/page"}],"author":[{"embeddable":true,"href":"https:\/\/mauderli.ch\/it\/wp-json\/wp\/v2\/users\/1"}],"replies":[{"embeddable":true,"href":"https:\/\/mauderli.ch\/it\/wp-json\/wp\/v2\/comments?post=3114"}],"version-history":[{"count":6,"href":"https:\/\/mauderli.ch\/it\/wp-json\/wp\/v2\/pages\/3114\/revisions"}],"predecessor-version":[{"id":3935,"href":"https:\/\/mauderli.ch\/it\/wp-json\/wp\/v2\/pages\/3114\/revisions\/3935"}],"wp:featuredmedia":[{"embeddable":true,"href":"https:\/\/mauderli.ch\/it\/wp-json\/wp\/v2\/media\/2095"}],"wp:attachment":[{"href":"https:\/\/mauderli.ch\/it\/wp-json\/wp\/v2\/media?parent=3114"}],"curies":[{"name":"wp","href":"https:\/\/api.w.org\/{rel}","templated":true}]}}