{"id":3113,"date":"2024-09-17T11:09:51","date_gmt":"2024-09-17T09:09:51","guid":{"rendered":"https:\/\/mauderli.ch\/chiusini\/"},"modified":"2024-12-20T15:57:34","modified_gmt":"2024-12-20T14:57:34","slug":"chiusini","status":"publish","type":"page","link":"https:\/\/mauderli.ch\/it\/chiusini\/","title":{"rendered":"Chiusini"},"content":{"rendered":"<div class=\"gb-container gb-container-6b1170d7\" data-aos=\"fade-up\" data-aos-duration=\"800\">\n<div class=\"gb-grid-wrapper gb-grid-wrapper-1d51386e rev_grid_mob\">\n<div class=\"gb-grid-column gb-grid-column-87913fb3\"><div class=\"gb-container gb-container-87913fb3\">\n<div class=\"gb-container gb-container-61eb29a6\">\n<h1 class=\"gb-headline gb-headline-2588b5e4 gb-headline-text\">Chiusini<\/h1>\n\n\n<p class=\"f__25\">I chiusini KIO stabiliscono nuovi standard nelle infrastrutture moderne. Sono realizzati con un materiale composito ad alte prestazioni che ha dato prova di s\u00e9 in Formula 1 e nell&#8217;aviazione. Sono leggeri e quindi ergonomicamente facili da maneggiare. I chiusini KIO sono estremamente durevoli e resistenti. Possono sopportare le condizioni pi\u00f9 avverse, sono resistenti agli agenti chimici, non temono la corrosione e sono resistenti ai raggi UV. Che si tratti di ambienti urbani, aree industriali o zone a traffico intenso, i chiusini KIO offrono la massima affidabilit\u00e0. Con classi di carico da A15 a F900 in conformit\u00e0 alle norme EN 124-1 e EN 124-5, garantiscono la massima sicurezza e flessibilit\u00e0 per ogni progetto. Per le applicazioni in gallerie, aeroporti, stazioni ferroviarie ed edifici fieristici, ecc. produciamo la versione ignifuga &#8220;c&#8221;. Tutte queste propriet\u00e0 fanno dei nostri chiusini KIO i chiusini del futuro.        <\/p>\n\n\n\n<a class=\"gb-button gb-button-da194a8e gb-button-text\" href=\"https:\/\/mauderli.ch\/wp-content\/uploads\/2024\/12\/45870-BR_KIO_MANUAL_DE.pdf\" target=\"_blank\" rel=\"noopener noreferrer\">Visualizza il catalogo<\/a>\n\n<\/div>\n<\/div><\/div>\n\n<div class=\"gb-grid-column gb-grid-column-89feef3b\"><div class=\"gb-container gb-container-89feef3b\">\n\n<figure class=\"wp-block-image size-full is-resized main__image__height\"><img decoding=\"async\" width=\"830\" height=\"588\" src=\"https:\/\/mauderli.ch\/wp-content\/uploads\/2024\/09\/A4A6390_1.jpg\" alt=\"\" class=\"wp-image-543\" style=\"aspect-ratio:1;object-fit:cover;width:auto;height:800px\" srcset=\"https:\/\/mauderli.ch\/wp-content\/uploads\/2024\/09\/A4A6390_1.jpg 830w, https:\/\/mauderli.ch\/wp-content\/uploads\/2024\/09\/A4A6390_1-300x213.jpg 300w, https:\/\/mauderli.ch\/wp-content\/uploads\/2024\/09\/A4A6390_1-768x544.jpg 768w\" sizes=\"(max-width: 830px) 100vw, 830px\" \/><\/figure>\n\n<\/div><\/div>\n<\/div>\n<\/div><div class=\"gb-container gb-container-9b97b049\" data-aos=\"800\">\n<div class=\"gb-grid-wrapper gb-grid-wrapper-5695c2d5\">\n<div class=\"gb-grid-column gb-grid-column-77e0b8e8\"><div class=\"gb-container gb-container-77e0b8e8\">\n<section id=\"digicube-block-66e42bc9b576b\"  class=\"DEMO\" >\r\n    <div class=\"custom-slide-wrapper\">\r\n        <div class=\"custom-slider\">\r\n                        <div class=\"slick-item\">\r\n                <div class=\"slider-image\">\r\n                <img decoding=\"async\" src=\"https:\/\/mauderli.ch\/wp-content\/uploads\/2024\/09\/Mauderli_Eppenberg_A4A2553_ohne_Fremdlogos_Verlauf-scaled.jpg\" alt=\"Mauderli_Eppenberg_A4A2553_ohne_Fremdlogos_Verlauf\" \/>\r\n                <\/div>\r\n            <\/div>\r\n                        <div class=\"slick-item\">\r\n                <div class=\"slider-image\">\r\n                <img decoding=\"async\" src=\"https:\/\/mauderli.ch\/wp-content\/uploads\/2024\/10\/IMG_3935_breit-scaled.jpg\" alt=\"IMG_3935_breit\" \/>\r\n                <\/div>\r\n            <\/div>\r\n                    <\/div>\r\n    <\/div>\r\n<\/section>\r\n\n<\/div><\/div>\n\n<div class=\"gb-grid-column gb-grid-column-ad491f21\"><div class=\"gb-container gb-container-ad491f21\">\n<div class=\"gb-container gb-container-6950ccee\">\n\n<h2 class=\"gb-headline gb-headline-bd3c7eff gb-headline-text\">Chiusini<\/h2>\n\n\n\n<p><\/p>\n\n<\/div>\n<\/div><\/div>\n<\/div>\n<\/div><div class=\"gb-container gb-container-51607e90\" data-aos=\"fade-up\" data-aos-duration=\"800\">\n<div class=\"gb-grid-wrapper gb-grid-wrapper-1d28fa6d rev_grid\">\n<div class=\"gb-grid-column gb-grid-column-377bec52\"><div class=\"gb-container gb-container-377bec52\">\n<div class=\"gb-container gb-container-149acbf5\">\n\n<h2 class=\"gb-headline gb-headline-65181776 gb-headline-text\">Coperture di superficie KIO &#8211; soluzioni personalizzate per tutti i pozzetti<\/h2>\n\n\n\n<p>Le nostre coperture superficiali KIO sono personalizzate in base alle tue esigenze e sono disponibili per tutti i pozzetti nelle classi di carico da A15 a F900. Offrono la massima flessibilit\u00e0 e possono essere personalizzati per i tuoi progetti specifici. CFAP A seconda delle tue esigenze specifiche, i coperchi di superficie sono disponibili con telaio in acciaio inox, con base o con una combinazione di entrambi i materiali per garantire una soluzione ottimale per i tuoi progetti infrastrutturali. Il peso pi\u00f9 leggero di oltre 20 volte delle coperture di superficie KIO le rende la scelta perfetta per l&#8217;utilizzo in tunnel e autostrade. La riduzione del peso semplifica la movimentazione e velocizza il processo di installazione, mentre le coperture offrono comunque la robustezza necessaria per le aree ad alto traffico. Le coperture KIO combinano efficienza, durata e funzionalit\u00e0: la soluzione ideale per le applicazioni infrastrutturali pi\u00f9 esigenti.     <\/p>\n\n<\/div>\n<\/div><\/div>\n\n<div class=\"gb-grid-column gb-grid-column-20d77a80\"><div class=\"gb-container gb-container-20d77a80\">\n<section id=\"digicube-block-66e42bc9b576b\"  class=\"DEMO\" >\r\n    <div class=\"custom-slide-wrapper\">\r\n        <div class=\"custom-slider\">\r\n                        <div class=\"slick-item\">\r\n                <div class=\"slider-image\">\r\n                <img decoding=\"async\" src=\"https:\/\/mauderli.ch\/wp-content\/uploads\/2024\/09\/IMG_7638-scaled.jpg\" alt=\"IMG_7638\" \/>\r\n                <\/div>\r\n            <\/div>\r\n                        <div class=\"slick-item\">\r\n                <div class=\"slider-image\">\r\n                <img decoding=\"async\" src=\"https:\/\/mauderli.ch\/wp-content\/uploads\/2024\/09\/A4A6413_1-scaled.jpg\" alt=\"_A4A6413_1\" \/>\r\n                <\/div>\r\n            <\/div>\r\n                        <div class=\"slick-item\">\r\n                <div class=\"slider-image\">\r\n                <img decoding=\"async\" src=\"https:\/\/mauderli.ch\/wp-content\/uploads\/2024\/09\/A4A6069_1-scaled.jpg\" alt=\"_A4A6069_1\" \/>\r\n                <\/div>\r\n            <\/div>\r\n                        <div class=\"slick-item\">\r\n                <div class=\"slider-image\">\r\n                <img decoding=\"async\" src=\"https:\/\/mauderli.ch\/wp-content\/uploads\/2024\/09\/IMG_8819-1-scaled.jpg\" alt=\"IMG_8819\" \/>\r\n                <\/div>\r\n            <\/div>\r\n                    <\/div>\r\n    <\/div>\r\n<\/section>\r\n\n<\/div><\/div>\n<\/div>\n<\/div><div class=\"gb-container gb-container-1aeaa423\" data-aos=\"800\">\n<div class=\"gb-container gb-container-50f2b083\"><\/div>\n<\/div><div class=\"gb-container gb-container-124f2df6\" data-aos=\"800\">\n<div class=\"gb-grid-wrapper gb-grid-wrapper-aedb5797\">\n<div class=\"gb-grid-column gb-grid-column-5f73326e\"><div class=\"gb-container gb-container-5f73326e\">\n<section id=\"digicube-block-66e42bc9b576b\"  class=\"DEMO\" >\r\n    <div class=\"custom-slide-wrapper\">\r\n        <div class=\"custom-slider\">\r\n                        <div class=\"slick-item\">\r\n                <div class=\"slider-image\">\r\n                <img decoding=\"async\" src=\"https:\/\/mauderli.ch\/wp-content\/uploads\/2024\/09\/Foto-02.05.23-22-11-00-scaled.jpg\" alt=\"Foto 02.05.23, 22 11 00\" \/>\r\n                <\/div>\r\n            <\/div>\r\n                    <\/div>\r\n    <\/div>\r\n<\/section>\r\n\n<\/div><\/div>\n\n<div class=\"gb-grid-column gb-grid-column-c984d77f\"><div class=\"gb-container gb-container-c984d77f\">\n<div class=\"gb-container gb-container-b82e0988\">\n\n<h2 class=\"gb-headline gb-headline-4c73aa06 gb-headline-text\">Coperture speciali KIO &#8211; progettazione, consulenza e produzione personalizzata<\/h2>\n\n\n\n<p>Produciamo coperture speciali KIO esattamente secondo le dimensioni e i requisiti da te desiderati. Il nostro servizio va ben oltre la semplice produzione: lavoriamo con te per pianificare la tua soluzione personalizzata, ti offriamo una consulenza completa per garantire che tutti i requisiti tecnici e funzionali siano soddisfatti e infine produciamo coperture che soddisfano i tuoi standard di qualit\u00e0. Che si tratti di aree infrastrutturali impegnative o di progetti individuali, siamo al tuo fianco come partner competente dall&#8217;idea iniziale fino alla realizzazione.  <\/p>\n\n<\/div>\n<\/div><\/div>\n<\/div>\n<\/div>\n<p><\/p>\n","protected":false},"excerpt":{"rendered":"","protected":false},"author":1,"featured_media":2005,"parent":0,"menu_order":0,"comment_status":"closed","ping_status":"closed","template":"","meta":{"_acf_changed":false,"inline_featured_image":false,"footnotes":""},"class_list":["post-3113","page","type-page","status-publish","has-post-thumbnail"],"acf":[],"_links":{"self":[{"href":"https:\/\/mauderli.ch\/it\/wp-json\/wp\/v2\/pages\/3113","targetHints":{"allow":["GET"]}}],"collection":[{"href":"https:\/\/mauderli.ch\/it\/wp-json\/wp\/v2\/pages"}],"about":[{"href":"https:\/\/mauderli.ch\/it\/wp-json\/wp\/v2\/types\/page"}],"author":[{"embeddable":true,"href":"https:\/\/mauderli.ch\/it\/wp-json\/wp\/v2\/users\/1"}],"replies":[{"embeddable":true,"href":"https:\/\/mauderli.ch\/it\/wp-json\/wp\/v2\/comments?post=3113"}],"version-history":[{"count":3,"href":"https:\/\/mauderli.ch\/it\/wp-json\/wp\/v2\/pages\/3113\/revisions"}],"predecessor-version":[{"id":4252,"href":"https:\/\/mauderli.ch\/it\/wp-json\/wp\/v2\/pages\/3113\/revisions\/4252"}],"wp:featuredmedia":[{"embeddable":true,"href":"https:\/\/mauderli.ch\/it\/wp-json\/wp\/v2\/media\/2005"}],"wp:attachment":[{"href":"https:\/\/mauderli.ch\/it\/wp-json\/wp\/v2\/media?parent=3113"}],"curies":[{"name":"wp","href":"https:\/\/api.w.org\/{rel}","templated":true}]}}