{"id":2987,"date":"2024-09-16T15:48:06","date_gmt":"2024-09-16T13:48:06","guid":{"rendered":"https:\/\/mauderli.ch\/sistemi-infrastrutturali\/"},"modified":"2025-03-18T14:35:18","modified_gmt":"2025-03-18T13:35:18","slug":"sistemi-infrastrutturali","status":"publish","type":"page","link":"https:\/\/mauderli.ch\/it\/sistemi-infrastrutturali\/","title":{"rendered":"Sistemi infrastrutturali"},"content":{"rendered":"<div class=\"gb-container gb-container-6b1170d7\" data-aos=\"fade-up\" data-aos-duration=\"800\">\n<div class=\"gb-grid-wrapper gb-grid-wrapper-1d51386e rev_grid_mob\">\n<div class=\"gb-grid-column gb-grid-column-87913fb3\"><div class=\"gb-container gb-container-87913fb3\">\n<div class=\"gb-container gb-container-61eb29a6\">\n<h1 class=\"gb-headline gb-headline-2588b5e4 gb-headline-text\">Sistemi infrastrutturali<\/h1>\n\n\n<p class=\"f__25\">MAUDERLI ti offre soluzioni di sistema personalizzate per la costruzione di tunnel e infrastrutture. Ti forniamo tubi, pozzetti, canali di drenaggio e chiusini personalizzati in base alle tue esigenze individuali. Tutto da un&#8217;unica fonte, dalla pianificazione alla realizzazione, per progetti di costruzione efficienti, affidabili e duraturi. Affidati alla nostra vasta esperienza e approfitta dei nostri prodotti di alta qualit\u00e0, perfettamente abbinati tra loro.<\/p>\n\n<\/div>\n<\/div><\/div>\n\n<div class=\"gb-grid-column gb-grid-column-89feef3b\"><div class=\"gb-container gb-container-89feef3b\">\n<figure class=\"gb-block-image gb-block-image-4b7a698d\"><img decoding=\"async\" width=\"952\" height=\"926\" src=\"https:\/\/mauderli.ch\/wp-content\/uploads\/2024\/09\/A4A6557_1.jpg\" class=\"gb-image-4b7a698d main__image__height\" alt=\"\" srcset=\"https:\/\/mauderli.ch\/wp-content\/uploads\/2024\/09\/A4A6557_1.jpg 952w, https:\/\/mauderli.ch\/wp-content\/uploads\/2024\/09\/A4A6557_1-300x292.jpg 300w, https:\/\/mauderli.ch\/wp-content\/uploads\/2024\/09\/A4A6557_1-768x747.jpg 768w\" sizes=\"(max-width: 952px) 100vw, 952px\" \/><\/figure>\n<\/div><\/div>\n<\/div>\n<\/div>\n\n<div class=\"gb-container gb-container-56e6e966\" data-aos=\"fade-up\" data-aos-duration=\"800\">\n<div class=\"gb-grid-wrapper gb-grid-wrapper-65e046ac rev_grid\">\n<div class=\"gb-grid-column gb-grid-column-d3c2c55f\"><div class=\"gb-container gb-container-d3c2c55f\">\n<div class=\"gb-container gb-container-ce437bb1\">\n\n<h2 class=\"gb-headline gb-headline-d77fed8a gb-headline-text\">Sistemi di drenaggio in CFAP zeroUltra<sub>one<\/sub> nelle gallerie autostradali  <\/h2>\n\n\n\n<p>Negli ultimi quattro anni, i canali a fessura, i cordoli e i pozzi sifonati realizzati in calcestruzzo fibrorinforzato ad altissime prestazioni (CFAP) sono diventati il nuovo standard nelle gallerie autostradali svizzere. Grazie alla loro enorme capacit\u00e0 di carico e alla loro durata, questi sistemi offrono chiari vantaggi rispetto ai canali di drenaggio tradizionali. I nostri sistemi zeroUltra<sub>one<\/sub> CFAP soddisfano e superano i severi requisiti del manuale tecnico ASTRA e convincono durante l&#8217;installazione e il funzionamento. Grazie all&#8217;innovativo materiale CFAP, in caso di collisione si previene efficacemente il distacco e il cedimento del canale. I danni durante il trasporto o l&#8217;installazione appartengono al passato. Inoltre, CFAP zeroUltra<sub>one<\/sub> \u00e8 caratterizzato da un&#8217;impressionante combinazione di propriet\u00e0: \u00c8 duttile, resistente all&#8217;abrasione, resistente agli agenti chimici e ai solfati e assolutamente incombustibile (A1). Questi vantaggi dei materiali garantiscono una lunga durata e minimizzano i costi di manutenzione. Gli spessori sottili delle pareti dei canali scanalati consentono di ottenere volumi di drenaggio maggiori o di risparmiare spazio prezioso per l&#8217;installazione.<\/p>\n\n<\/div>\n<\/div><\/div>\n\n<div class=\"gb-grid-column gb-grid-column-53867561\"><div class=\"gb-container gb-container-53867561\">\n<section id=\"digicube-block-66e42bc9b576b\"  class=\"DEMO\" >\r\n    <div class=\"custom-slide-wrapper\">\r\n        <div class=\"custom-slider\">\r\n                        <div class=\"slick-item\">\r\n                <div class=\"slider-image\">\r\n                <img decoding=\"async\" src=\"https:\/\/mauderli.ch\/wp-content\/uploads\/2024\/09\/58757-UHFB-Neue-Materialien-im-Tiefbau-2023-7.jpg\" alt=\"58757-UHFB-Neue Materialien-im-Tiefbau-2023.indd\" \/>\r\n                <\/div>\r\n            <\/div>\r\n                        <div class=\"slick-item\">\r\n                <div class=\"slider-image\">\r\n                <img decoding=\"async\" src=\"https:\/\/mauderli.ch\/wp-content\/uploads\/2024\/09\/A4A6517_1-1-scaled.jpg\" alt=\"_A4A6517_1\" \/>\r\n                <\/div>\r\n            <\/div>\r\n                        <div class=\"slick-item\">\r\n                <div class=\"slider-image\">\r\n                <img decoding=\"async\" src=\"https:\/\/mauderli.ch\/wp-content\/uploads\/2024\/09\/1640164427579_Fin_R1_ohne_Logo.jpg\" alt=\"1640164427579_Fin_R1_ohne_Logo\" \/>\r\n                <\/div>\r\n            <\/div>\r\n                        <div class=\"slick-item\">\r\n                <div class=\"slider-image\">\r\n                <img decoding=\"async\" src=\"https:\/\/mauderli.ch\/wp-content\/uploads\/2024\/09\/IMG_8821-1-scaled.jpg\" alt=\"IMG_8821\" \/>\r\n                <\/div>\r\n            <\/div>\r\n                        <div class=\"slick-item\">\r\n                <div class=\"slider-image\">\r\n                <img decoding=\"async\" src=\"https:\/\/mauderli.ch\/wp-content\/uploads\/2024\/09\/A4A6275_1-1-scaled.jpg\" alt=\"_A4A6275_1\" \/>\r\n                <\/div>\r\n            <\/div>\r\n                        <div class=\"slick-item\">\r\n                <div class=\"slider-image\">\r\n                <img decoding=\"async\" src=\"https:\/\/mauderli.ch\/wp-content\/uploads\/2024\/09\/A4A6361_1-1-scaled.jpg\" alt=\"_A4A6361_1\" \/>\r\n                <\/div>\r\n            <\/div>\r\n                        <div class=\"slick-item\">\r\n                <div class=\"slider-image\">\r\n                <img decoding=\"async\" src=\"https:\/\/mauderli.ch\/wp-content\/uploads\/2024\/09\/IMG_8826-1-scaled.jpg\" alt=\"IMG_8826\" \/>\r\n                <\/div>\r\n            <\/div>\r\n                        <div class=\"slick-item\">\r\n                <div class=\"slider-image\">\r\n                <img decoding=\"async\" src=\"https:\/\/mauderli.ch\/wp-content\/uploads\/2024\/09\/UHFB-Siphonschacht-EHS-1-scaled.jpg\" alt=\"UHFB Siphonschacht EHS\" \/>\r\n                <\/div>\r\n            <\/div>\r\n                    <\/div>\r\n    <\/div>\r\n<\/section>\r\n\n<\/div><\/div>\n<\/div>\n<\/div>\n\n<div class=\"gb-container gb-container-c32d8553\" data-aos=\"fade-up\" data-aos-duration=\"800\">\n<div class=\"gb-grid-wrapper gb-grid-wrapper-89d7e3e2\">\n<div class=\"gb-grid-column gb-grid-column-2190ddcc\"><div class=\"gb-container gb-container-2190ddcc\">\n<section id=\"digicube-block-66e42bc9b576b\"  class=\"DEMO\" >\r\n    <div class=\"custom-slide-wrapper\">\r\n        <div class=\"custom-slider\">\r\n                        <div class=\"slick-item\">\r\n                <div class=\"slider-image\">\r\n                <img decoding=\"async\" src=\"https:\/\/mauderli.ch\/wp-content\/uploads\/2024\/09\/ea4883d0-906e-44ca-995e-49014ed24dfe_Fin_R1_ohne_Logo.jpg\" alt=\"ea4883d0-906e-44ca-995e-49014ed24dfe_Fin_R1_ohne_Logo\" \/>\r\n                <\/div>\r\n            <\/div>\r\n                        <div class=\"slick-item\">\r\n                <div class=\"slider-image\">\r\n                <img decoding=\"async\" src=\"https:\/\/mauderli.ch\/wp-content\/uploads\/2024\/09\/57fc496d-56dc-47d1-b170-52dc70a33c26_Fin_R1_ohne_Logo.jpg\" alt=\"57fc496d-56dc-47d1-b170-52dc70a33c26_Fin_R1_ohne_Logo\" \/>\r\n                <\/div>\r\n            <\/div>\r\n                    <\/div>\r\n    <\/div>\r\n<\/section>\r\n\n<\/div><\/div>\n\n<div class=\"gb-grid-column gb-grid-column-d8e27e9d\"><div class=\"gb-container gb-container-d8e27e9d\">\n<div class=\"gb-container gb-container-26367d19\">\n\n<h2 class=\"gb-headline gb-headline-c7ee95cf gb-headline-text\">Canali di drenaggio CFAP FORCEDRAIN: la soluzione perfetta per le aree soggette a carichi pesanti<\/h2>\n\n\n\n<p><\/p>\n\n\n\n<p>I nostri canali per impieghi gravosi in CFAP zeroUltra<sub>one<\/sub> (classi di carico E600-F900) sono la soluzione ideale e duratura per i sistemi di drenaggio su superfici molto utilizzate come autostrade e impianti industriali. Grazie alle eccellenti propriet\u00e0 meccaniche di UHFB, non \u00e8 necessaria alcuna protezione aggiuntiva per i bordi in acciaio inox. Per la massima sicurezza, offriamo anche i canali per impieghi gravosi con una superficie antiscivolo opzionale per garantire una presa ottimale nelle aree con maggiori requisiti di sicurezza. Inoltre, sono stati sviluppati pezzi di transizione e pozzetti preparati per garantire connessioni senza problemi ai sistemi di drenaggio. Le aperture di lavaggio e gli scarichi sono integrati direttamente nel canale, il che aumenta notevolmente la velocit\u00e0 di installazione e rende il funzionamento ancora pi\u00f9 efficiente e a bassa manutenzione.<\/p>\n\n<\/div>\n<\/div><\/div>\n<\/div>\n<\/div>\n\n<div class=\"gb-container gb-container-f96403f6\" data-aos=\"fade-up\" data-aos-duration=\"800\">\n<div class=\"gb-grid-wrapper gb-grid-wrapper-28fa9451 rev_grid\">\n<div class=\"gb-grid-column gb-grid-column-d83bfaa6\"><div class=\"gb-container gb-container-d83bfaa6\">\n<div class=\"gb-container gb-container-374d2313\"><\/div>\n<\/div><\/div>\n\n<div class=\"gb-grid-column gb-grid-column-9d6294d1\"><div class=\"gb-container gb-container-9d6294d1\"><\/div><\/div>\n<\/div>\n<\/div>\n\n<div class=\"gb-container gb-container-aefb8dfd\" data-aos=\"fade-up\" data-aos-duration=\"800\">\n<div class=\"gb-grid-wrapper gb-grid-wrapper-d5359012\">\n<div class=\"gb-grid-column gb-grid-column-586b2b4e\"><div class=\"gb-container gb-container-586b2b4e\"><\/div><\/div>\n\n<div class=\"gb-grid-column gb-grid-column-f2196e3a\"><div class=\"gb-container gb-container-f2196e3a\">\n<div class=\"gb-container gb-container-bf3a829a\">\n\n<h2 class=\"gb-headline gb-headline-1426e561 gb-headline-text\"><\/h2>\n\n\n\n<p><\/p>\n\n<\/div>\n<\/div><\/div>\n<\/div>\n<\/div>\n\n\n<p><\/p>\n","protected":false},"excerpt":{"rendered":"","protected":false},"author":1,"featured_media":2023,"parent":0,"menu_order":0,"comment_status":"closed","ping_status":"closed","template":"","meta":{"_acf_changed":false,"inline_featured_image":false,"footnotes":""},"class_list":["post-2987","page","type-page","status-publish","has-post-thumbnail"],"acf":[],"_links":{"self":[{"href":"https:\/\/mauderli.ch\/it\/wp-json\/wp\/v2\/pages\/2987","targetHints":{"allow":["GET"]}}],"collection":[{"href":"https:\/\/mauderli.ch\/it\/wp-json\/wp\/v2\/pages"}],"about":[{"href":"https:\/\/mauderli.ch\/it\/wp-json\/wp\/v2\/types\/page"}],"author":[{"embeddable":true,"href":"https:\/\/mauderli.ch\/it\/wp-json\/wp\/v2\/users\/1"}],"replies":[{"embeddable":true,"href":"https:\/\/mauderli.ch\/it\/wp-json\/wp\/v2\/comments?post=2987"}],"version-history":[{"count":5,"href":"https:\/\/mauderli.ch\/it\/wp-json\/wp\/v2\/pages\/2987\/revisions"}],"predecessor-version":[{"id":4433,"href":"https:\/\/mauderli.ch\/it\/wp-json\/wp\/v2\/pages\/2987\/revisions\/4433"}],"wp:featuredmedia":[{"embeddable":true,"href":"https:\/\/mauderli.ch\/it\/wp-json\/wp\/v2\/media\/2023"}],"wp:attachment":[{"href":"https:\/\/mauderli.ch\/it\/wp-json\/wp\/v2\/media?parent=2987"}],"curies":[{"name":"wp","href":"https:\/\/api.w.org\/{rel}","templated":true}]}}