{"id":4406,"date":"2025-03-06T16:49:56","date_gmt":"2025-03-06T15:49:56","guid":{"rendered":"https:\/\/mauderli.ch\/?page_id=4406"},"modified":"2025-03-12T09:24:40","modified_gmt":"2025-03-12T08:24:40","slug":"emplois","status":"publish","type":"page","link":"https:\/\/mauderli.ch\/fr\/emplois\/","title":{"rendered":"Emplois"},"content":{"rendered":"<div class=\"gb-container gb-container-6b1170d7\" data-aos=\"fade-up\" data-aos-duration=\"800\">\n<div class=\"gb-container gb-container-89feef3b\">\n\n<figure class=\"gb-block-image gb-block-image-45f68d5d\"><img decoding=\"async\" width=\"728\" height=\"252\" class=\"gb-image gb-image-45f68d5d object__cover\" src=\"https:\/\/mauderli.ch\/wp-content\/uploads\/2025\/02\/A4A4351_ohne_Fremdlogo.jpg\" alt=\"\" title=\"_A4A4351_ohne_Fremdlogo\" srcset=\"https:\/\/mauderli.ch\/wp-content\/uploads\/2025\/02\/A4A4351_ohne_Fremdlogo.jpg 728w, https:\/\/mauderli.ch\/wp-content\/uploads\/2025\/02\/A4A4351_ohne_Fremdlogo-300x104.jpg 300w\" sizes=\"(max-width: 728px) 100vw, 728px\" \/><\/figure>\n\n<\/div>\n\n<div class=\"gb-container gb-container-87913fb3\">\n<div class=\"gb-container gb-container-61eb29a6\">\n<h1 class=\"gb-headline gb-headline-2588b5e4 gb-headline-text\">Emplois<\/h1>\n\n\n<p class=\"f__25\">En tant qu&#8217;employeur leader dans le domaine des solutions syst\u00e8mes en plastique, b\u00e9ton ou BFUP pour le g\u00e9nie civil, la construction de routes et de tunnels, nous recherchons des collaborateurs hautement qualifi\u00e9s et motiv\u00e9s. Rejoignez notre \u00e9quipe sp\u00e9cialis\u00e9e qui \u00e9labore des solutions durables et orient\u00e9es vers le client pour des chantiers de premier plan. <\/p>\n\n<\/div>\n<\/div>\n<\/div>\n\n<div class=\"gb-container gb-container-334fe612\">\n\n<h2 class=\"gb-headline gb-headline-18057f34 gb-headline-text\">Postes \u00e0 pourvoir<\/h2>\n\n\n\n<div id=\"join-widget\">\n        <script\n          defer\n          type=\"text\/javascript\"\n          data-mount-in=\"#join-widget\"\n          src=\"https:\/\/join.com\/api\/widget\/bundle\/eyJhbGciOiJIUzI1NiIsInR5cCI6IkpXVCJ9.eyJzZXR0aW5ncyI6eyJzaG93Q2F0ZWdvcnlGaWx0ZXIiOnRydWUsInNob3dMb2NhdGlvbkZpbHRlciI6ZmFsc2UsInNob3dFbXBsb3ltZW50VHlwZUZpbHRlciI6ZmFsc2UsImxhbmd1YWdlIjoiZnIiLCJqb2JzUGVyUGFnZSI6MjV9LCJqb2JzIjp7fSwiZGVzaWduIjp7InNob3dMb2dvIjp0cnVlLCJzaG93TG9jYXRpb24iOnRydWUsInNob3dFbXBsb3ltZW50VHlwZSI6dHJ1ZSwic2hvd0NhdGVnb3J5Ijp0cnVlLCJjb2xvcnMiOnsid2lkZ2V0Ijp7ImJhY2tncm91bmQiOiIjRkZGRkZGIiwiZmlsdGVyQm9yZGVyIjoiI2ZmZmZmZiIsInBhZ2luYXRpb24iOiIjMjU2M0VCIn0sImpvYkNhcmQiOnsic2hhZG93IjoiI0Q0RDREOCIsImJhY2tncm91bmQiOiIjZmZmZmZmIiwicHJpbWFyeVRleHQiOiIjMjU2M0VCIiwic2Vjb25kYXJ5VGV4dCI6IiMyNTYzRUIifX19LCJ2ZXJzaW9uIjoyLCJjb21wYW55UHVibGljSWQiOiI1NDYxNTliNWU5NTEwMmFiZmQ3MDljMDM3NTExYzQ4OSIsImlhdCI6MTc0MTE2Mzk5MSwianRpIjoiYzYwM2U3YmEtYWM2ZC00NTZkLWE2MTctNmFlZmZjZGFmYjgxIn0.HcKvwimxr-Jgjp1XVNlpDSFskyrWK7NYJ423lwrFkb4\"\n        ><\/script>\n      <\/div>\n\n<\/div>\n\n<div class=\"gb-container gb-container-de481536\">\n<div class=\"gb-container gb-container-1978d86d\">\n\n<h2 class=\"gb-headline gb-headline-4f70ef16 gb-headline-text\">Candidatures spontan\u00e9es<\/h2>\n\n\n\n<p>Vous n&rsquo;avez pas trouv\u00e9 de poste ad\u00e9quat ? Nous sommes toujours int\u00e9ress\u00e9s par des contacts avec des personnes comp\u00e9tentes et amicales. <\/p>\n\n\n\n<div class=\"wp-block-buttons job_p_buttons is-layout-flex wp-block-buttons-is-layout-flex\">\n<div class=\"wp-block-button somebtns__fs\"><a class=\"wp-block-button__link wp-element-button\" href=\"mailto:personal@mauderli.ch\">Postuler spontan\u00e9ment<\/a><\/div>\n\n\n\n<div class=\"wp-block-button somebtns__fs\"><a class=\"wp-block-button__link wp-element-button\" href=\"https:\/\/www.linkedin.com\/company\/mauderli\/\" target=\"_blank\" rel=\"noreferrer noopener\">Suivez-nous sur Linkedin<\/a><\/div>\n<\/div>\n\n<\/div>\n<\/div>","protected":false},"excerpt":{"rendered":"<p>Emplois En tant qu&#8217;employeur leader dans le domaine des solutions syst\u00e8mes en plastique, b\u00e9ton ou BFUP pour le g\u00e9nie civil, la construction de routes et de tunnels, nous recherchons des collaborateurs hautement qualifi\u00e9s et motiv\u00e9s. Rejoignez notre \u00e9quipe sp\u00e9cialis\u00e9e qui \u00e9labore des solutions durables et orient\u00e9es vers le client pour des chantiers de premier plan. &#8230; <a title=\"Emplois\" class=\"read-more\" href=\"https:\/\/mauderli.ch\/fr\/emplois\/\" aria-label=\"En savoir plus sur Emplois\">Lire plus<\/a><\/p>\n","protected":false},"author":1,"featured_media":0,"parent":0,"menu_order":0,"comment_status":"closed","ping_status":"closed","template":"","meta":{"_acf_changed":false,"inline_featured_image":false,"footnotes":""},"class_list":["post-4406","page","type-page","status-publish"],"acf":[],"_links":{"self":[{"href":"https:\/\/mauderli.ch\/fr\/wp-json\/wp\/v2\/pages\/4406","targetHints":{"allow":["GET"]}}],"collection":[{"href":"https:\/\/mauderli.ch\/fr\/wp-json\/wp\/v2\/pages"}],"about":[{"href":"https:\/\/mauderli.ch\/fr\/wp-json\/wp\/v2\/types\/page"}],"author":[{"embeddable":true,"href":"https:\/\/mauderli.ch\/fr\/wp-json\/wp\/v2\/users\/1"}],"replies":[{"embeddable":true,"href":"https:\/\/mauderli.ch\/fr\/wp-json\/wp\/v2\/comments?post=4406"}],"version-history":[{"count":5,"href":"https:\/\/mauderli.ch\/fr\/wp-json\/wp\/v2\/pages\/4406\/revisions"}],"predecessor-version":[{"id":4423,"href":"https:\/\/mauderli.ch\/fr\/wp-json\/wp\/v2\/pages\/4406\/revisions\/4423"}],"wp:attachment":[{"href":"https:\/\/mauderli.ch\/fr\/wp-json\/wp\/v2\/media?parent=4406"}],"curies":[{"name":"wp","href":"https:\/\/api.w.org\/{rel}","templated":true}]}}