{"id":3279,"date":"2024-09-16T16:30:12","date_gmt":"2024-09-16T14:30:12","guid":{"rendered":"https:\/\/mauderli.ch\/atelier-de-plasturgie\/"},"modified":"2024-11-19T16:53:34","modified_gmt":"2024-11-19T15:53:34","slug":"atelier-de-plasturgie","status":"publish","type":"page","link":"https:\/\/mauderli.ch\/fr\/atelier-de-plasturgie\/","title":{"rendered":"Atelier de plasturgie"},"content":{"rendered":"<div class=\"gb-container gb-container-6b1170d7\">\n<div class=\"gb-grid-wrapper gb-grid-wrapper-1d51386e rev_grid_mob\">\n<div class=\"gb-grid-column gb-grid-column-87913fb3\"><div class=\"gb-container gb-container-87913fb3\">\n<div class=\"gb-container gb-container-61eb29a6\">\n<h1 class=\"gb-headline gb-headline-2588b5e4 gb-headline-text\">Atelier de plasturgie<\/h1>\n\n\n<p class=\"f__25\"><strong>Des solutions personnalis\u00e9es d&rsquo;une qualit\u00e9 artisanale sup\u00e9rieure<\/strong><\/p>\n\n\n\n<p class=\"f__25\">Dans notre atelier de plasturgie, nous associons la perfection artisanale \u00e0 une technologie innovante pour fabriquer des produits sur mesure, parfaitement adapt\u00e9s \u00e0 vos besoins. Chez nous, il n&rsquo;y a pas de solutions standard &#8211; chaque id\u00e9e est mise en \u0153uvre avec la plus grande pr\u00e9cision. Des pi\u00e8ces moul\u00e9es sp\u00e9ciales aux r\u00e9servoirs soud\u00e9s, en passant par les bassins d&rsquo;eau pour votre jardin : Nous cr\u00e9ons des pi\u00e8ces uniques qui donnent vie \u00e0 votre vision.  <\/p>\n\n\n\n<p class=\"f__25\">Notre principe \u00ab\u00a0Impossible, nous n&rsquo;avons pas\u00a0\u00bb est \u00e0 la base de notre travail. Ensemble, nous d\u00e9veloppons des solutions cr\u00e9atives et fonctionnelles qui s\u00e9duisent \u00e0 la fois par leur long\u00e9vit\u00e9 et leur design unique. Notre \u00e9quipe exp\u00e9riment\u00e9e associe l&rsquo;artisanat traditionnel aux techniques de fabrication les plus modernes afin de r\u00e9pondre aux exigences les plus \u00e9lev\u00e9es. Qu&rsquo;il s&rsquo;agisse d&rsquo;un prototype ou d&rsquo;une petite s\u00e9rie, vous b\u00e9n\u00e9ficiez chez nous d&rsquo;une qualit\u00e9 artisanale de pointe et d&rsquo;un processus sans faille qui transforme vos id\u00e9es en une r\u00e9alit\u00e9 tangible.   <\/p>\n\n<\/div>\n<\/div><\/div>\n\n<div class=\"gb-grid-column gb-grid-column-89feef3b\"><div class=\"gb-container gb-container-89feef3b\">\n<figure class=\"gb-block-image gb-block-image-4b7a698d\"><img decoding=\"async\" width=\"952\" height=\"926\" src=\"https:\/\/mauderli.ch\/wp-content\/uploads\/2024\/09\/A4A9000_Fin-1.jpg\" class=\"gb-image-4b7a698d main__image__height\" alt=\"\" srcset=\"https:\/\/mauderli.ch\/wp-content\/uploads\/2024\/09\/A4A9000_Fin-1.jpg 952w, https:\/\/mauderli.ch\/wp-content\/uploads\/2024\/09\/A4A9000_Fin-1-300x292.jpg 300w, https:\/\/mauderli.ch\/wp-content\/uploads\/2024\/09\/A4A9000_Fin-1-768x747.jpg 768w\" sizes=\"(max-width: 952px) 100vw, 952px\" \/><\/figure>\n<\/div><\/div>\n<\/div>\n<\/div><div class=\"gb-container gb-container-c32d8553\" data-aos=\"fade-up\" data-aos-duration=\"800\">\n<div class=\"gb-grid-wrapper gb-grid-wrapper-89d7e3e2\">\n<div class=\"gb-grid-column gb-grid-column-2190ddcc\"><div class=\"gb-container gb-container-2190ddcc\">\n<section id=\"digicube-block-66e42bc9b576b\"  class=\"DEMO\" >\r\n    <div class=\"custom-slide-wrapper\">\r\n        <div class=\"custom-slider\">\r\n                        <div class=\"slick-item\">\r\n                <div class=\"slider-image\">\r\n                <img decoding=\"async\" src=\"https:\/\/mauderli.ch\/wp-content\/uploads\/2024\/09\/IMG_9147_Fin_R1_ohne_Logo-1-scaled.jpg\" alt=\"IMG_9147_Fin_R1_ohne_Logo\" \/>\r\n                <\/div>\r\n            <\/div>\r\n                        <div class=\"slick-item\">\r\n                <div class=\"slider-image\">\r\n                <img decoding=\"async\" src=\"https:\/\/mauderli.ch\/wp-content\/uploads\/2024\/09\/0279_MLook_ohne_Fremdlogo-1-scaled.jpg\" alt=\"0279_MLook_ohne_Fremdlogo\" \/>\r\n                <\/div>\r\n            <\/div>\r\n                        <div class=\"slick-item\">\r\n                <div class=\"slider-image\">\r\n                <img decoding=\"async\" src=\"https:\/\/mauderli.ch\/wp-content\/uploads\/2024\/09\/18-Mauderli_Tunnel_0239_RGB_oL-_MLook_ohne_Fremdlogo-scaled.jpg\" alt=\"18-Mauderli_Tunnel_0239_RGB_oL _MLook_ohne_Fremdlogo\" \/>\r\n                <\/div>\r\n            <\/div>\r\n                        <div class=\"slick-item\">\r\n                <div class=\"slider-image\">\r\n                <img decoding=\"async\" src=\"https:\/\/mauderli.ch\/wp-content\/uploads\/2024\/09\/PJOEE0511_Fin_R1_ohne_Logo_nieder.jpg\" alt=\"PJOEE0511_Fin_R1_ohne_Logo_nieder\" \/>\r\n                <\/div>\r\n            <\/div>\r\n                        <div class=\"slick-item\">\r\n                <div class=\"slider-image\">\r\n                <img decoding=\"async\" src=\"https:\/\/mauderli.ch\/wp-content\/uploads\/2024\/09\/IMG_1264_Fin_R1_ohne_Logo_breit-Kopie-scaled.jpg\" alt=\"IMG_1264_Fin_R1_ohne_Logo_breit Kopie\" \/>\r\n                <\/div>\r\n            <\/div>\r\n                        <div class=\"slick-item\">\r\n                <div class=\"slider-image\">\r\n                <img decoding=\"async\" src=\"https:\/\/mauderli.ch\/wp-content\/uploads\/2024\/09\/Schacht-5_01_breit-scaled.jpg\" alt=\"Schacht-5_01_breit\" \/>\r\n                <\/div>\r\n            <\/div>\r\n                        <div class=\"slick-item\">\r\n                <div class=\"slider-image\">\r\n                <img decoding=\"async\" src=\"https:\/\/mauderli.ch\/wp-content\/uploads\/2024\/09\/DSC01031_breit-scaled.jpg\" alt=\"DSC01031_breit\" \/>\r\n                <\/div>\r\n            <\/div>\r\n                        <div class=\"slick-item\">\r\n                <div class=\"slider-image\">\r\n                <img decoding=\"async\" src=\"https:\/\/mauderli.ch\/wp-content\/uploads\/2024\/09\/IMG_1279_breit-scaled.jpg\" alt=\"IMG_1279_breit\" \/>\r\n                <\/div>\r\n            <\/div>\r\n                        <div class=\"slick-item\">\r\n                <div class=\"slider-image\">\r\n                <img decoding=\"async\" src=\"https:\/\/mauderli.ch\/wp-content\/uploads\/2024\/09\/PP-Behaelter-004_breit-scaled.jpg\" alt=\"PP-Behaelter-004_breit\" \/>\r\n                <\/div>\r\n            <\/div>\r\n                    <\/div>\r\n    <\/div>\r\n<\/section>\r\n\n<\/div><\/div>\n\n<div class=\"gb-grid-column gb-grid-column-d8e27e9d\"><div class=\"gb-container gb-container-d8e27e9d\">\n<div class=\"gb-container gb-container-26367d19\">\n\n<h2 class=\"gb-headline gb-headline-c7ee95cf gb-headline-text\"><\/h2>\n\n<\/div>\n<\/div><\/div>\n<\/div>\n<\/div>","protected":false},"excerpt":{"rendered":"","protected":false},"author":1,"featured_media":2034,"parent":0,"menu_order":0,"comment_status":"closed","ping_status":"closed","template":"","meta":{"_acf_changed":false,"inline_featured_image":false,"footnotes":""},"class_list":["post-3279","page","type-page","status-publish","has-post-thumbnail"],"acf":[],"_links":{"self":[{"href":"https:\/\/mauderli.ch\/fr\/wp-json\/wp\/v2\/pages\/3279","targetHints":{"allow":["GET"]}}],"collection":[{"href":"https:\/\/mauderli.ch\/fr\/wp-json\/wp\/v2\/pages"}],"about":[{"href":"https:\/\/mauderli.ch\/fr\/wp-json\/wp\/v2\/types\/page"}],"author":[{"embeddable":true,"href":"https:\/\/mauderli.ch\/fr\/wp-json\/wp\/v2\/users\/1"}],"replies":[{"embeddable":true,"href":"https:\/\/mauderli.ch\/fr\/wp-json\/wp\/v2\/comments?post=3279"}],"version-history":[{"count":2,"href":"https:\/\/mauderli.ch\/fr\/wp-json\/wp\/v2\/pages\/3279\/revisions"}],"predecessor-version":[{"id":3281,"href":"https:\/\/mauderli.ch\/fr\/wp-json\/wp\/v2\/pages\/3279\/revisions\/3281"}],"wp:featuredmedia":[{"embeddable":true,"href":"https:\/\/mauderli.ch\/fr\/wp-json\/wp\/v2\/media\/2034"}],"wp:attachment":[{"href":"https:\/\/mauderli.ch\/fr\/wp-json\/wp\/v2\/media?parent=3279"}],"curies":[{"name":"wp","href":"https:\/\/api.w.org\/{rel}","templated":true}]}}