{"id":3267,"date":"2024-09-17T13:53:42","date_gmt":"2024-09-17T11:53:42","guid":{"rendered":"https:\/\/mauderli.ch\/conteneurs-de-stockage-mauderli\/"},"modified":"2024-12-20T15:47:28","modified_gmt":"2024-12-20T14:47:28","slug":"conteneurs-de-stockage-mauderli","status":"publish","type":"page","link":"https:\/\/mauderli.ch\/fr\/conteneurs-de-stockage-mauderli\/","title":{"rendered":"Conteneurs de stockage MAUDERLI"},"content":{"rendered":"<div class=\"gb-container gb-container-6b1170d7\" data-aos=\"fade-up\" data-aos-duration=\"800\">\n<div class=\"gb-grid-wrapper gb-grid-wrapper-1d51386e rev_grid_mob\">\n<div class=\"gb-grid-column gb-grid-column-87913fb3\"><div class=\"gb-container gb-container-87913fb3\">\n<div class=\"gb-container gb-container-61eb29a6\">\n<h1 class=\"gb-headline gb-headline-2588b5e4 gb-headline-text\">Conteneurs de stockage MAUDERLI<\/h1>\n\n\n<p>Si vous le souhaitez, nous pouvons vous fournir votre stock de pi\u00e8ces moul\u00e9es assorties individuellement directement sur le chantier. Nous remplissons r\u00e9guli\u00e8rement votre conteneur de stockage pour vous. Choisissez entre un mod\u00e8le de 10 pieds et un mod\u00e8le de 20 pieds.  <\/p>\n\n\n\n<a class=\"gb-button gb-button-5d2a6174 gb-button-text\" href=\"https:\/\/mauderli.ch\/wp-content\/uploads\/2024\/12\/38123-Lagercontainer_A4_4Seiten_100Ex-.pdf\" target=\"_blank\" rel=\"noopener noreferrer\">Voir le catalogue<\/a>\n\n<\/div>\n<\/div><\/div>\n\n<div class=\"gb-grid-column gb-grid-column-89feef3b\"><div class=\"gb-container gb-container-89feef3b\">\n<figure class=\"gb-block-image gb-block-image-4b7a698d\"><img decoding=\"async\" width=\"2560\" height=\"1919\" src=\"https:\/\/mauderli.ch\/wp-content\/uploads\/2024\/09\/Mauderli_Unten_0185_RGB_oL-scaled.jpg\" class=\"gb-image-4b7a698d main__image__height\" alt=\"\" srcset=\"https:\/\/mauderli.ch\/wp-content\/uploads\/2024\/09\/Mauderli_Unten_0185_RGB_oL-scaled.jpg 2560w, https:\/\/mauderli.ch\/wp-content\/uploads\/2024\/09\/Mauderli_Unten_0185_RGB_oL-300x225.jpg 300w, https:\/\/mauderli.ch\/wp-content\/uploads\/2024\/09\/Mauderli_Unten_0185_RGB_oL-1024x768.jpg 1024w, https:\/\/mauderli.ch\/wp-content\/uploads\/2024\/09\/Mauderli_Unten_0185_RGB_oL-768x576.jpg 768w, https:\/\/mauderli.ch\/wp-content\/uploads\/2024\/09\/Mauderli_Unten_0185_RGB_oL-1536x1151.jpg 1536w, https:\/\/mauderli.ch\/wp-content\/uploads\/2024\/09\/Mauderli_Unten_0185_RGB_oL-2048x1535.jpg 2048w\" sizes=\"(max-width: 2560px) 100vw, 2560px\" \/><\/figure>\n<\/div><\/div>\n<\/div>\n<\/div><div class=\"gb-container gb-container-f91b1acd\" data-aos=\"fade-up\" data-aos-duration=\"800\">\n<div class=\"gb-grid-wrapper gb-grid-wrapper-e578118e rev_grid\">\n<div class=\"gb-grid-column gb-grid-column-739b36d1\"><div class=\"gb-container gb-container-739b36d1\">\n<div class=\"gb-container gb-container-fb9ae985\">\n\n<h2 class=\"gb-headline gb-headline-6b8c4ead gb-headline-text\">Conteneur de stockage 10<\/h2>\n\n\n\n<p>&#8211; Verrouillable, serrure \u00e0 conteneur avec 3 cl\u00e9s<br\/>&#8211; \u00c9quip\u00e9 individuellement selon les besoins du chantier<br\/>&#8211; Raccordement \u00e9lectrique ext\u00e9rieur (400V\/32A\/5 p\u00f4les)<br\/>&#8211; Bo\u00eete de distribution \u00e9lectrique avec prises de courant<br\/>&#8211; \u00c9clairage int\u00e9rieur avec interrupteur<br\/>&#8211; Filets d&rsquo;arrimage pour le transport<br\/>&#8211; D\u00e9pla\u00e7able avec grue ou chariot \u00e9l\u00e9vateur<br\/>&#8211; Poids \u00e0 vide : 825 kg<\/p>\n\n<\/div>\n<\/div><\/div>\n\n<div class=\"gb-grid-column gb-grid-column-1ebc76cc\"><div class=\"gb-container gb-container-1ebc76cc\">\n<section id=\"digicube-block-66e42bc9b576b\"  class=\"DEMO\" >\r\n    <div class=\"custom-slide-wrapper\">\r\n        <div class=\"custom-slider\">\r\n                        <div class=\"slick-item\">\r\n                <div class=\"slider-image\">\r\n                <img decoding=\"async\" src=\"https:\/\/mauderli.ch\/wp-content\/uploads\/2024\/09\/Lagercontainer_10_Illu_breit-1-scaled.jpg\" alt=\"Lagercontainer_10_Illu_breit\" \/>\r\n                <\/div>\r\n            <\/div>\r\n                        <div class=\"slick-item\">\r\n                <div class=\"slider-image\">\r\n                <img decoding=\"async\" src=\"https:\/\/mauderli.ch\/wp-content\/uploads\/2024\/09\/Lagercontainer_10-1-scaled.jpg\" alt=\"Lagercontainer_10\" \/>\r\n                <\/div>\r\n            <\/div>\r\n                    <\/div>\r\n    <\/div>\r\n<\/section>\r\n\n<\/div><\/div>\n<\/div>\n<\/div><div class=\"gb-container gb-container-c32d8553\" data-aos=\"fade-up\" data-aos-duration=\"800\">\n<div class=\"gb-grid-wrapper gb-grid-wrapper-89d7e3e2\">\n<div class=\"gb-grid-column gb-grid-column-2190ddcc\"><div class=\"gb-container gb-container-2190ddcc\">\n<section id=\"digicube-block-66e42bc9b576b\"  class=\"DEMO\" >\r\n    <div class=\"custom-slide-wrapper\">\r\n        <div class=\"custom-slider\">\r\n                        <div class=\"slick-item\">\r\n                <div class=\"slider-image\">\r\n                <img decoding=\"async\" src=\"https:\/\/mauderli.ch\/wp-content\/uploads\/2024\/09\/Lagercontainer_20_Illu_breit-scaled.jpg\" alt=\"Lagercontainer_20_Illu_breit\" \/>\r\n                <\/div>\r\n            <\/div>\r\n                        <div class=\"slick-item\">\r\n                <div class=\"slider-image\">\r\n                <img decoding=\"async\" src=\"https:\/\/mauderli.ch\/wp-content\/uploads\/2024\/09\/Lagercontainer_20.jpg\" alt=\"Druck\" \/>\r\n                <\/div>\r\n            <\/div>\r\n                    <\/div>\r\n    <\/div>\r\n<\/section>\r\n\n<\/div><\/div>\n\n<div class=\"gb-grid-column gb-grid-column-d8e27e9d\"><div class=\"gb-container gb-container-d8e27e9d\">\n<div class=\"gb-container gb-container-26367d19\">\n\n<h2 class=\"gb-headline gb-headline-c7ee95cf gb-headline-text\">Conteneur de stockage 20<\/h2>\n\n\n\n<p>&#8211; Verrouillable, serrure \u00e0 conteneur avec 3 cl\u00e9s<br\/>&#8211; \u00c9quip\u00e9 individuellement selon les besoins du chantier<br\/>&#8211; Raccordement \u00e9lectrique ext\u00e9rieur (400V\/32A\/5 p\u00f4les)<br\/>&#8211; Bo\u00eete de distribution \u00e9lectrique avec prises de courant<br\/>&#8211; \u00c9clairage int\u00e9rieur avec interrupteur<br\/>&#8211; Filets d&rsquo;arrimage pour le transport<br\/>&#8211; D\u00e9pla\u00e7able avec grue ou chariot \u00e9l\u00e9vateur<br\/>&#8211; Poids \u00e0 vide : 1270 kg<\/p>\n\n<\/div>\n<\/div><\/div>\n<\/div>\n<\/div>","protected":false},"excerpt":{"rendered":"","protected":false},"author":1,"featured_media":2511,"parent":0,"menu_order":0,"comment_status":"closed","ping_status":"closed","template":"","meta":{"_acf_changed":false,"inline_featured_image":false,"footnotes":""},"class_list":["post-3267","page","type-page","status-publish","has-post-thumbnail"],"acf":[],"_links":{"self":[{"href":"https:\/\/mauderli.ch\/fr\/wp-json\/wp\/v2\/pages\/3267","targetHints":{"allow":["GET"]}}],"collection":[{"href":"https:\/\/mauderli.ch\/fr\/wp-json\/wp\/v2\/pages"}],"about":[{"href":"https:\/\/mauderli.ch\/fr\/wp-json\/wp\/v2\/types\/page"}],"author":[{"embeddable":true,"href":"https:\/\/mauderli.ch\/fr\/wp-json\/wp\/v2\/users\/1"}],"replies":[{"embeddable":true,"href":"https:\/\/mauderli.ch\/fr\/wp-json\/wp\/v2\/comments?post=3267"}],"version-history":[{"count":3,"href":"https:\/\/mauderli.ch\/fr\/wp-json\/wp\/v2\/pages\/3267\/revisions"}],"predecessor-version":[{"id":4240,"href":"https:\/\/mauderli.ch\/fr\/wp-json\/wp\/v2\/pages\/3267\/revisions\/4240"}],"wp:featuredmedia":[{"embeddable":true,"href":"https:\/\/mauderli.ch\/fr\/wp-json\/wp\/v2\/media\/2511"}],"wp:attachment":[{"href":"https:\/\/mauderli.ch\/fr\/wp-json\/wp\/v2\/media?parent=3267"}],"curies":[{"name":"wp","href":"https:\/\/api.w.org\/{rel}","templated":true}]}}