{"id":3230,"date":"2024-09-18T15:32:45","date_gmt":"2024-09-18T13:32:45","guid":{"rendered":"https:\/\/mauderli.ch\/puits\/systeme-de-regards-de-visite-ridur-en-beton\/"},"modified":"2025-01-10T09:41:26","modified_gmt":"2025-01-10T08:41:26","slug":"systeme-de-regards-de-visite-ridur-en-beton","status":"publish","type":"page","link":"https:\/\/mauderli.ch\/fr\/puits\/systeme-de-regards-de-visite-ridur-en-beton\/","title":{"rendered":"Syst\u00e8me de regards de visite RIDUR en b\u00e9ton"},"content":{"rendered":"<div class=\"gb-container gb-container-6b1170d7\">\n<div class=\"gb-grid-wrapper gb-grid-wrapper-1d51386e rev_grid_mob\">\n<div class=\"gb-grid-column gb-grid-column-87913fb3\"><div class=\"gb-container gb-container-87913fb3\">\n<div class=\"gb-container gb-container-61eb29a6\">\n<h1 class=\"gb-headline gb-headline-2588b5e4 gb-headline-text\">Syst\u00e8me de regards de visite RIDUR en b\u00e9ton<\/h1>\n\n\n<p class=\"f__25\">Les regards de visite RIDUR se caract\u00e9risent par une installation rapide &#8211; ils peuvent \u00eatre d\u00e9plac\u00e9s jusqu&rsquo;\u00e0 30 % plus rapidement que les syst\u00e8mes de regards de visite traditionnels. Les fonds de regards sont dot\u00e9s d&rsquo;un canal de regard en plastique b\u00e9tonn\u00e9 qui offre une durabilit\u00e9 exceptionnelle et r\u00e9siste aux eaux us\u00e9es agressives. Sur demande, les regards sont disponibles en deux couleurs attrayantes, ce qui permet de les distinguer visuellement dans les syst\u00e8mes de s\u00e9paration. Nos c\u00f4nes en b\u00e9ton monolithique et nos regards de visite sont disponibles dans des hauteurs standard allant jusqu&rsquo;\u00e0 2,1 m &#8211; soit en une seule pi\u00e8ce, soit sur mesure. Chaque regard est \u00e9quip\u00e9 d&rsquo;un joint d&rsquo;\u00e9tanch\u00e9it\u00e9 b\u00e9tonn\u00e9 et de douilles filet\u00e9es b\u00e9tonn\u00e9es pour le montage des conducteurs. De plus, nous permettons une adaptation flexible de la hauteur du couvercle du puits gr\u00e2ce \u00e0 notre t\u00e9lescope r\u00e9glable en continu, qui permet des hauteurs de 0 \u00e0 30 cm ainsi qu&rsquo;une adaptation de l&rsquo;inclinaison jusqu&rsquo;\u00e0 10\u00b0. Nous fournissons volontiers les \u00e9chelles appropri\u00e9es, soit s\u00e9par\u00e9ment, soit d\u00e9j\u00e0 pr\u00e9mont\u00e9es.      <\/p>\n\n\n\n<div class=\"wp-block-group is-nowrap is-layout-flex wp-container-core-group-is-layout-9123dee2 wp-block-group-is-layout-flex\">\n<a class=\"gb-button gb-button-da194a8e gb-button-text\" href=\"https:\/\/mauderli.ch\/wp-content\/uploads\/2025\/01\/00000-RIDUR_Systemschacht_C.pdf\" target=\"_blank\" rel=\"noopener noreferrer\">Voir le catalogue<\/a>\n\n\n\n<a class=\"gb-button gb-button-3066be21 gb-button-text\" href=\"https:\/\/mauderli.ch\/wp-content\/uploads\/2024\/09\/Gutachten-Schaechte-Schachtauskleidungen_gesamt.pdf\" target=\"_blank\" rel=\"noopener noreferrer\">Voir l&rsquo;expertise<\/a>\n<\/div>\n\n<\/div>\n<\/div><\/div>\n\n<div class=\"gb-grid-column gb-grid-column-89feef3b\"><div class=\"gb-container gb-container-89feef3b\">\n\n<figure class=\"gb-block-image gb-block-image-34072b0b\"><img decoding=\"async\" width=\"1280\" height=\"960\" class=\"gb-image gb-image-34072b0b main__image__height\" src=\"https:\/\/mauderli.ch\/wp-content\/uploads\/2024\/09\/Mauderli_Schacht8-2.jpg\" srcset=\"https:\/\/mauderli.ch\/wp-content\/uploads\/2024\/09\/Mauderli_Schacht8-2.jpg 1280w, https:\/\/mauderli.ch\/wp-content\/uploads\/2024\/09\/Mauderli_Schacht8-2-300x225.jpg 300w, https:\/\/mauderli.ch\/wp-content\/uploads\/2024\/09\/Mauderli_Schacht8-2-1024x768.jpg 1024w, https:\/\/mauderli.ch\/wp-content\/uploads\/2024\/09\/Mauderli_Schacht8-2-768x576.jpg 768w\" sizes=\"(max-width: 1280px) 100vw, 1280px\" \/><\/figure>\n\n<\/div><\/div>\n<\/div>\n<\/div><div class=\"gb-container gb-container-f91b1acd\">\n<div class=\"gb-grid-wrapper gb-grid-wrapper-e578118e rev_grid\">\n<div class=\"gb-grid-column gb-grid-column-739b36d1\"><div class=\"gb-container gb-container-739b36d1\">\n<div class=\"gb-container gb-container-fb9ae985\">\n\n<h2 class=\"gb-headline gb-headline-6b8c4ead gb-headline-text\">Le transfert \u00e9tape par \u00e9tape<\/h2>\n\n\n\n<p><\/p>\n\n<\/div>\n<\/div><\/div>\n\n<div class=\"gb-grid-column gb-grid-column-1ebc76cc\"><div class=\"gb-container gb-container-1ebc76cc\">\n<section id=\"digicube-block-66e42bc9b576b\"  class=\"DEMO\" >\r\n    <div class=\"custom-slide-wrapper\">\r\n        <div class=\"custom-slider\">\r\n                        <div class=\"slick-item\">\r\n                <div class=\"slider-image\">\r\n                <img decoding=\"async\" src=\"https:\/\/mauderli.ch\/wp-content\/uploads\/2024\/09\/Mauderli_Schacht1-1.jpg\" alt=\"Mauderli_Schacht1\" \/>\r\n                <\/div>\r\n            <\/div>\r\n                        <div class=\"slick-item\">\r\n                <div class=\"slider-image\">\r\n                <img decoding=\"async\" src=\"https:\/\/mauderli.ch\/wp-content\/uploads\/2024\/09\/Mauderli_Schacht2-1.jpg\" alt=\"Mauderli_Schacht2\" \/>\r\n                <\/div>\r\n            <\/div>\r\n                        <div class=\"slick-item\">\r\n                <div class=\"slider-image\">\r\n                <img decoding=\"async\" src=\"https:\/\/mauderli.ch\/wp-content\/uploads\/2024\/09\/Mauderli_Schacht3-1.jpg\" alt=\"Mauderli_Schacht3\" \/>\r\n                <\/div>\r\n            <\/div>\r\n                        <div class=\"slick-item\">\r\n                <div class=\"slider-image\">\r\n                <img decoding=\"async\" src=\"https:\/\/mauderli.ch\/wp-content\/uploads\/2024\/09\/Mauderli_Schacht4-1.jpg\" alt=\"Mauderli_Schacht4\" \/>\r\n                <\/div>\r\n            <\/div>\r\n                        <div class=\"slick-item\">\r\n                <div class=\"slider-image\">\r\n                <img decoding=\"async\" src=\"https:\/\/mauderli.ch\/wp-content\/uploads\/2024\/09\/Mauderli_Schacht5-1.jpg\" alt=\"Mauderli_Schacht5\" \/>\r\n                <\/div>\r\n            <\/div>\r\n                        <div class=\"slick-item\">\r\n                <div class=\"slider-image\">\r\n                <img decoding=\"async\" src=\"https:\/\/mauderli.ch\/wp-content\/uploads\/2024\/09\/Mauderli_Schacht5_Meteorwasser-1-scaled.jpg\" alt=\"Mauderli_Schacht5_Meteorwasser\" \/>\r\n                <\/div>\r\n            <\/div>\r\n                        <div class=\"slick-item\">\r\n                <div class=\"slider-image\">\r\n                <img decoding=\"async\" src=\"https:\/\/mauderli.ch\/wp-content\/uploads\/2024\/09\/Mauderli_Schacht6-1.jpg\" alt=\"Mauderli_Schacht6\" \/>\r\n                <\/div>\r\n            <\/div>\r\n                        <div class=\"slick-item\">\r\n                <div class=\"slider-image\">\r\n                <img decoding=\"async\" src=\"https:\/\/mauderli.ch\/wp-content\/uploads\/2024\/09\/Mauderli_Schacht7-1.jpg\" alt=\"Mauderli_Schacht7\" \/>\r\n                <\/div>\r\n            <\/div>\r\n                        <div class=\"slick-item\">\r\n                <div class=\"slider-image\">\r\n                <img decoding=\"async\" src=\"https:\/\/mauderli.ch\/wp-content\/uploads\/2024\/09\/Mauderli_Schacht8-1.jpg\" alt=\"Mauderli_Schacht8\" \/>\r\n                <\/div>\r\n            <\/div>\r\n                        <div class=\"slick-item\">\r\n                <div class=\"slider-image\">\r\n                <img decoding=\"async\" src=\"https:\/\/mauderli.ch\/wp-content\/uploads\/2024\/09\/Mauderli_Schacht9_breit.jpg\" alt=\"Mauderli_Schacht9_breit\" \/>\r\n                <\/div>\r\n            <\/div>\r\n                        <div class=\"slick-item\">\r\n                <div class=\"slider-image\">\r\n                <img decoding=\"async\" src=\"https:\/\/mauderli.ch\/wp-content\/uploads\/2024\/09\/Mauderli_Schacht10_unten.jpg\" alt=\"Mauderli_Schacht10_unten\" \/>\r\n                <\/div>\r\n            <\/div>\r\n                        <div class=\"slick-item\">\r\n                <div class=\"slider-image\">\r\n                <img decoding=\"async\" src=\"https:\/\/mauderli.ch\/wp-content\/uploads\/2024\/09\/Mauderli_Schacht11_unten.jpg\" alt=\"Mauderli_Schacht11_unten\" \/>\r\n                <\/div>\r\n            <\/div>\r\n                        <div class=\"slick-item\">\r\n                <div class=\"slider-image\">\r\n                <img decoding=\"async\" src=\"https:\/\/mauderli.ch\/wp-content\/uploads\/2024\/09\/Mauderli_Schacht_montierteLeiter_breit.jpg\" alt=\"Mauderli_Schacht_montierteLeiter_breit\" \/>\r\n                <\/div>\r\n            <\/div>\r\n                        <div class=\"slick-item\">\r\n                <div class=\"slider-image\">\r\n                <img decoding=\"async\" src=\"https:\/\/mauderli.ch\/wp-content\/uploads\/2024\/09\/Mauderli_Schacht12-1.jpg\" alt=\"Mauderli_Schacht12\" \/>\r\n                <\/div>\r\n            <\/div>\r\n                        <div class=\"slick-item\">\r\n                <div class=\"slider-image\">\r\n                <img decoding=\"async\" src=\"https:\/\/mauderli.ch\/wp-content\/uploads\/2024\/09\/Mauderli_Schacht13-1.jpg\" alt=\"Mauderli_Schacht13\" \/>\r\n                <\/div>\r\n            <\/div>\r\n                        <div class=\"slick-item\">\r\n                <div class=\"slider-image\">\r\n                <img decoding=\"async\" src=\"https:\/\/mauderli.ch\/wp-content\/uploads\/2024\/09\/Mauderli_Schacht14-1.jpg\" alt=\"Mauderli_Schacht14\" \/>\r\n                <\/div>\r\n            <\/div>\r\n                        <div class=\"slick-item\">\r\n                <div class=\"slider-image\">\r\n                <img decoding=\"async\" src=\"https:\/\/mauderli.ch\/wp-content\/uploads\/2024\/09\/Mauderli_Schacht15-1.jpg\" alt=\"Mauderli_Schacht15\" \/>\r\n                <\/div>\r\n            <\/div>\r\n                        <div class=\"slick-item\">\r\n                <div class=\"slider-image\">\r\n                <img decoding=\"async\" src=\"https:\/\/mauderli.ch\/wp-content\/uploads\/2024\/09\/Mauderli_Schacht16_breit.jpg\" alt=\"Mauderli_Schacht16_breit\" \/>\r\n                <\/div>\r\n            <\/div>\r\n                    <\/div>\r\n    <\/div>\r\n<\/section>\r\n\n<\/div><\/div>\n<\/div>\n<\/div><div class=\"gb-container gb-container-c32d8553\">\n<div class=\"gb-grid-wrapper gb-grid-wrapper-89d7e3e2\">\n<div class=\"gb-grid-column gb-grid-column-2190ddcc\"><div class=\"gb-container gb-container-2190ddcc\"><\/div><\/div>\n\n<div class=\"gb-grid-column gb-grid-column-d8e27e9d\"><div class=\"gb-container gb-container-d8e27e9d\">\n<div class=\"gb-container gb-container-26367d19\"><\/div>\n<\/div><\/div>\n<\/div>\n<\/div>\n<p><\/p>\n","protected":false},"excerpt":{"rendered":"","protected":false},"author":1,"featured_media":2067,"parent":2988,"menu_order":0,"comment_status":"closed","ping_status":"closed","template":"","meta":{"_acf_changed":false,"inline_featured_image":false,"footnotes":""},"class_list":["post-3230","page","type-page","status-publish","has-post-thumbnail"],"acf":[],"_links":{"self":[{"href":"https:\/\/mauderli.ch\/fr\/wp-json\/wp\/v2\/pages\/3230","targetHints":{"allow":["GET"]}}],"collection":[{"href":"https:\/\/mauderli.ch\/fr\/wp-json\/wp\/v2\/pages"}],"about":[{"href":"https:\/\/mauderli.ch\/fr\/wp-json\/wp\/v2\/types\/page"}],"author":[{"embeddable":true,"href":"https:\/\/mauderli.ch\/fr\/wp-json\/wp\/v2\/users\/1"}],"replies":[{"embeddable":true,"href":"https:\/\/mauderli.ch\/fr\/wp-json\/wp\/v2\/comments?post=3230"}],"version-history":[{"count":3,"href":"https:\/\/mauderli.ch\/fr\/wp-json\/wp\/v2\/pages\/3230\/revisions"}],"predecessor-version":[{"id":4290,"href":"https:\/\/mauderli.ch\/fr\/wp-json\/wp\/v2\/pages\/3230\/revisions\/4290"}],"up":[{"embeddable":true,"href":"https:\/\/mauderli.ch\/fr\/wp-json\/wp\/v2\/pages\/2988"}],"wp:featuredmedia":[{"embeddable":true,"href":"https:\/\/mauderli.ch\/fr\/wp-json\/wp\/v2\/media\/2067"}],"wp:attachment":[{"href":"https:\/\/mauderli.ch\/fr\/wp-json\/wp\/v2\/media?parent=3230"}],"curies":[{"name":"wp","href":"https:\/\/api.w.org\/{rel}","templated":true}]}}