{"id":3214,"date":"2024-09-18T15:33:47","date_gmt":"2024-09-18T13:33:47","guid":{"rendered":"https:\/\/mauderli.ch\/puits\/regards-en-plastique\/"},"modified":"2024-12-20T15:50:55","modified_gmt":"2024-12-20T14:50:55","slug":"regards-en-plastique","status":"publish","type":"page","link":"https:\/\/mauderli.ch\/fr\/puits\/regards-en-plastique\/","title":{"rendered":"Regards en plastique"},"content":{"rendered":"<div class=\"gb-container gb-container-6b1170d7\">\n<div class=\"gb-grid-wrapper gb-grid-wrapper-1d51386e rev_grid_mob\">\n<div class=\"gb-grid-column gb-grid-column-87913fb3\"><div class=\"gb-container gb-container-87913fb3\">\n<div class=\"gb-container gb-container-61eb29a6\">\n<h1 class=\"gb-headline gb-headline-2588b5e4 gb-headline-text\">Regards en plastique<\/h1>\n\n\n<p class=\"f__25\"><strong>Des solutions vari\u00e9es pour vos syst\u00e8mes de drainage<\/strong><\/p>\n\n\n\n<p class=\"f__25\">Nous proposons une large gamme de regards de visite en plastique, disponibles en diff\u00e9rents mod\u00e8les et tailles, et livr\u00e9s en tant que syst\u00e8me complet. Nos regards de haute qualit\u00e9 sont id\u00e9aux pour les applications les plus diverses, telles que les regards de contr\u00f4le, de pompage et \u00e0 vanne, les collecteurs de boue, les destructeurs d&rsquo;\u00e9nergie et les puits de c\u00e2bles. <\/p>\n\n\n\n<p class=\"f__25\">Nos syst\u00e8mes de regards en plastique sont con\u00e7us pour un drainage efficace, durable et s\u00fbr &#8211; flexibles et robustes, ils r\u00e9pondent exactement \u00e0 vos besoins.<\/p>\n\n\n\n<p><\/p>\n\n\n\n<a class=\"gb-button gb-button-5d2a6174 gb-button-text\" href=\"https:\/\/mauderli.ch\/wp-content\/uploads\/2024\/12\/38123-Mauderli_BR_DUPLEX-Schachtsystem_A4_12Seiten_100Ex.pdf\">Voir le catalogue<\/a>\n\n<\/div>\n<\/div><\/div>\n\n<div class=\"gb-grid-column gb-grid-column-89feef3b\"><div class=\"gb-container gb-container-89feef3b\">\n<figure class=\"gb-block-image gb-block-image-4b7a698d\"><img decoding=\"async\" width=\"830\" height=\"926\" src=\"https:\/\/mauderli.ch\/wp-content\/uploads\/2024\/09\/A4A4351_ohne_Fremdlogo-1.jpg\" class=\"gb-image-4b7a698d main__image__height\" alt=\"\" srcset=\"https:\/\/mauderli.ch\/wp-content\/uploads\/2024\/09\/A4A4351_ohne_Fremdlogo-1.jpg 830w, https:\/\/mauderli.ch\/wp-content\/uploads\/2024\/09\/A4A4351_ohne_Fremdlogo-1-269x300.jpg 269w, https:\/\/mauderli.ch\/wp-content\/uploads\/2024\/09\/A4A4351_ohne_Fremdlogo-1-768x857.jpg 768w\" sizes=\"(max-width: 830px) 100vw, 830px\" \/><\/figure>\n<\/div><\/div>\n<\/div>\n<\/div><div class=\"gb-container gb-container-f91b1acd\">\n<div class=\"gb-grid-wrapper gb-grid-wrapper-e578118e rev_grid\">\n<div class=\"gb-grid-column gb-grid-column-739b36d1\"><div class=\"gb-container gb-container-739b36d1\">\n<div class=\"gb-container gb-container-fb9ae985\">\n\n<h2 class=\"gb-headline gb-headline-6b8c4ead gb-headline-text\">Puits de drainage DUPLEX<\/h2>\n\n\n\n<p>Fabriqu\u00e9 en PP\/PE, disponible en tant que puits standard ou sur mesure. Diam\u00e8tre : 600-1000 mm. <\/p>\n\n\n\n<a class=\"gb-button gb-button-da194a8e gb-button-text\" href=\"https:\/\/mauderli.ch\/wp-content\/uploads\/2024\/11\/Mauderli_DUPLEX-Schachsystem_GC.pdf\" target=\"_blank\" rel=\"noopener noreferrer\">Voir le catalogue<\/a>\n\n<\/div>\n<\/div><\/div>\n\n<div class=\"gb-grid-column gb-grid-column-1ebc76cc\"><div class=\"gb-container gb-container-1ebc76cc\">\n<section id=\"digicube-block-66e42bc9b576b\"  class=\"DEMO\" >\r\n    <div class=\"custom-slide-wrapper\">\r\n        <div class=\"custom-slider\">\r\n                        <div class=\"slick-item\">\r\n                <div class=\"slider-image\">\r\n                <img decoding=\"async\" src=\"https:\/\/mauderli.ch\/wp-content\/uploads\/2024\/09\/A4A0033_ohne_Fremdlogo-scaled.jpg\" alt=\"_A4A0033_ohne_Fremdlogo\" \/>\r\n                <\/div>\r\n            <\/div>\r\n                        <div class=\"slick-item\">\r\n                <div class=\"slider-image\">\r\n                <img decoding=\"async\" src=\"https:\/\/mauderli.ch\/wp-content\/uploads\/2024\/09\/Mauderli_Duplex_oL_02_0119_RGB-scaled.jpg\" alt=\"Mauderli_Duplex_oL_02_0119_RGB\" \/>\r\n                <\/div>\r\n            <\/div>\r\n                        <div class=\"slick-item\">\r\n                <div class=\"slider-image\">\r\n                <img decoding=\"async\" src=\"https:\/\/mauderli.ch\/wp-content\/uploads\/2024\/09\/Mauderli_Eppenberg_A4A2520_ohne_Fremdlogos_schmal.jpg\" alt=\"Mauderli_Eppenberg_A4A2520_ohne_Fremdlogos_schmal\" \/>\r\n                <\/div>\r\n            <\/div>\r\n                        <div class=\"slick-item\">\r\n                <div class=\"slider-image\">\r\n                <img decoding=\"async\" src=\"https:\/\/mauderli.ch\/wp-content\/uploads\/2024\/09\/Mauderli_Eppenberg_A4A2661_ohne_Fremdlogos-scaled.jpg\" alt=\"Mauderli_Eppenberg_A4A2661_ohne_Fremdlogos\" \/>\r\n                <\/div>\r\n            <\/div>\r\n                        <div class=\"slick-item\">\r\n                <div class=\"slider-image\">\r\n                <img decoding=\"async\" src=\"https:\/\/mauderli.ch\/wp-content\/uploads\/2024\/09\/Mauderli_Packshot_0050_RGB_oL_breit--scaled.jpg\" alt=\"Mauderli_Packshot_0050_RGB_oL_breit\" \/>\r\n                <\/div>\r\n            <\/div>\r\n                    <\/div>\r\n    <\/div>\r\n<\/section>\r\n\n<\/div><\/div>\n<\/div>\n<\/div><div class=\"gb-container gb-container-c32d8553\">\n<div class=\"gb-grid-wrapper gb-grid-wrapper-89d7e3e2\">\n<div class=\"gb-grid-column gb-grid-column-2190ddcc\"><div class=\"gb-container gb-container-2190ddcc\">\n<section id=\"digicube-block-66e42bc9b576b\"  class=\"DEMO\" >\r\n    <div class=\"custom-slide-wrapper\">\r\n        <div class=\"custom-slider\">\r\n                        <div class=\"slick-item\">\r\n                <div class=\"slider-image\">\r\n                <img decoding=\"async\" src=\"https:\/\/mauderli.ch\/wp-content\/uploads\/2024\/09\/Mauderli_Jumbo_composing_DDD_breit-scaled.jpg\" alt=\"Mauderli_Jumbo_composing_DDD_breit\" \/>\r\n                <\/div>\r\n            <\/div>\r\n                    <\/div>\r\n    <\/div>\r\n<\/section>\r\n\n<\/div><\/div>\n\n<div class=\"gb-grid-column gb-grid-column-d8e27e9d\"><div class=\"gb-container gb-container-d8e27e9d\">\n<div class=\"gb-container gb-container-26367d19\">\n\n<h2 class=\"gb-headline gb-headline-c7ee95cf gb-headline-text\">Puits JUMBOPLAST XXL<\/h2>\n\n\n\n<p>Fabriqu\u00e9 en PE robuste, id\u00e9al pour les applications de grande taille. Diam\u00e8tre : jusqu&rsquo;\u00e0 3000 mm. <\/p>\n\n<\/div>\n<\/div><\/div>\n<\/div>\n<\/div><div class=\"gb-container gb-container-fc9826d7\">\n<div class=\"gb-grid-wrapper gb-grid-wrapper-6583b1bd rev_grid\">\n<div class=\"gb-grid-column gb-grid-column-b7a0c060\"><div class=\"gb-container gb-container-b7a0c060\">\n<div class=\"gb-container gb-container-c9a725a3\">\n\n<h2 class=\"gb-headline gb-headline-708bde1e gb-headline-text\">Gaines de c\u00e2bles NEXUS<\/h2>\n\n\n\n<p>Ces gaines sont r\u00e9sistantes au trafic lourd. Nous les livrons selon les dimensions souhait\u00e9es. <\/p>\n\n\n\n<a class=\"gb-button gb-button-3066be21 gb-button-text\" href=\"https:\/\/mauderli.ch\/wp-content\/uploads\/2024\/09\/Datenblatt-NEXUS.pdf\" target=\"_blank\" rel=\"noopener noreferrer\">Voir la fiche technique<\/a>\n\n<\/div>\n<\/div><\/div>\n\n<div class=\"gb-grid-column gb-grid-column-9723e88d\"><div class=\"gb-container gb-container-9723e88d\">\n<section id=\"digicube-block-66e42bc9b576b\"  class=\"DEMO\" >\r\n    <div class=\"custom-slide-wrapper\">\r\n        <div class=\"custom-slider\">\r\n                        <div class=\"slick-item\">\r\n                <div class=\"slider-image\">\r\n                <img decoding=\"async\" src=\"https:\/\/mauderli.ch\/wp-content\/uploads\/2024\/09\/DSC7394_ohne_Fremdlogo-scaled.jpg\" alt=\"_DSC7394_ohne_Fremdlogo\" \/>\r\n                <\/div>\r\n            <\/div>\r\n                        <div class=\"slick-item\">\r\n                <div class=\"slider-image\">\r\n                <img decoding=\"async\" src=\"https:\/\/mauderli.ch\/wp-content\/uploads\/2024\/09\/DSC7143_ohne_Fremdlogo-scaled.jpg\" alt=\"_DSC7143_ohne_Fremdlogo\" \/>\r\n                <\/div>\r\n            <\/div>\r\n                        <div class=\"slick-item\">\r\n                <div class=\"slider-image\">\r\n                <img decoding=\"async\" src=\"https:\/\/mauderli.ch\/wp-content\/uploads\/2024\/09\/DSC7154_ohne_Fremdlogo.jpg\" alt=\"_DSC7154_ohne_Fremdlogo\" \/>\r\n                <\/div>\r\n            <\/div>\r\n                        <div class=\"slick-item\">\r\n                <div class=\"slider-image\">\r\n                <img decoding=\"async\" src=\"https:\/\/mauderli.ch\/wp-content\/uploads\/2024\/09\/DSC7192_ohne_Fremdlogo.jpg\" alt=\"_DSC7192_ohne_Fremdlogo\" \/>\r\n                <\/div>\r\n            <\/div>\r\n                        <div class=\"slick-item\">\r\n                <div class=\"slider-image\">\r\n                <img decoding=\"async\" src=\"https:\/\/mauderli.ch\/wp-content\/uploads\/2024\/09\/Foto-17.12.19-15-29-25_AAA-scaled.jpg\" alt=\"Foto 17.12.19, 15 29 25_AAA\" \/>\r\n                <\/div>\r\n            <\/div>\r\n                    <\/div>\r\n    <\/div>\r\n<\/section>\r\n\n<\/div><\/div>\n<\/div>\n<\/div>","protected":false},"excerpt":{"rendered":"","protected":false},"author":1,"featured_media":2070,"parent":2988,"menu_order":0,"comment_status":"closed","ping_status":"closed","template":"","meta":{"_acf_changed":false,"inline_featured_image":false,"footnotes":""},"class_list":["post-3214","page","type-page","status-publish","has-post-thumbnail"],"acf":[],"_links":{"self":[{"href":"https:\/\/mauderli.ch\/fr\/wp-json\/wp\/v2\/pages\/3214","targetHints":{"allow":["GET"]}}],"collection":[{"href":"https:\/\/mauderli.ch\/fr\/wp-json\/wp\/v2\/pages"}],"about":[{"href":"https:\/\/mauderli.ch\/fr\/wp-json\/wp\/v2\/types\/page"}],"author":[{"embeddable":true,"href":"https:\/\/mauderli.ch\/fr\/wp-json\/wp\/v2\/users\/1"}],"replies":[{"embeddable":true,"href":"https:\/\/mauderli.ch\/fr\/wp-json\/wp\/v2\/comments?post=3214"}],"version-history":[{"count":3,"href":"https:\/\/mauderli.ch\/fr\/wp-json\/wp\/v2\/pages\/3214\/revisions"}],"predecessor-version":[{"id":4245,"href":"https:\/\/mauderli.ch\/fr\/wp-json\/wp\/v2\/pages\/3214\/revisions\/4245"}],"up":[{"embeddable":true,"href":"https:\/\/mauderli.ch\/fr\/wp-json\/wp\/v2\/pages\/2988"}],"wp:featuredmedia":[{"embeddable":true,"href":"https:\/\/mauderli.ch\/fr\/wp-json\/wp\/v2\/media\/2070"}],"wp:attachment":[{"href":"https:\/\/mauderli.ch\/fr\/wp-json\/wp\/v2\/media?parent=3214"}],"curies":[{"name":"wp","href":"https:\/\/api.w.org\/{rel}","templated":true}]}}