{"id":3208,"date":"2024-09-23T08:52:42","date_gmt":"2024-09-23T06:52:42","guid":{"rendered":"https:\/\/mauderli.ch\/service\/"},"modified":"2024-11-22T09:00:59","modified_gmt":"2024-11-22T08:00:59","slug":"service","status":"publish","type":"page","link":"https:\/\/mauderli.ch\/fr\/service\/","title":{"rendered":"Service"},"content":{"rendered":"<div class=\"gb-container gb-container-6b1170d7\" data-aos=\"fade-up\" data-aos-duration=\"800\">\n<div class=\"gb-grid-wrapper gb-grid-wrapper-1d51386e rev_grid_mob\">\n<div class=\"gb-grid-column gb-grid-column-87913fb3\"><div class=\"gb-container gb-container-87913fb3\">\n<div class=\"gb-container gb-container-61eb29a6\">\n<h1 class=\"gb-headline gb-headline-2588b5e4 gb-headline-text\">Service<\/h1>\n\n\n<p class=\"f__25\"><strong>Faisons de grandes choses ensemble<\/strong>!<\/p>\n\n\n\n<p>MAUDERLI &#8211; votre partenaire pour des solutions syst\u00e8me innovantes dans la construction d&rsquo;infrastructures.<br>Depuis plus de 50 ans, nous sommes synonymes de qualit\u00e9 et de fiabilit\u00e9 dans la production et la livraison de tuyaux en plastique, de regards et de syst\u00e8mes de r\u00e9tention &#8211; en Suisse, en Autriche, en Europe et au-del\u00e0.<\/p>\n\n\n\n<p>Ce qui nous rend sp\u00e9ciaux ? Nous misons sur l&rsquo;innovation et le service sur mesure, avec toujours un objectif : votre satisfaction. En collaboration avec vous, en tant que client, nous d\u00e9veloppons des solutions individuelles qui r\u00e9pondent exactement \u00e0 vos exigences, que ce soit pendant la phase de planification ou comme alternative pendant l&rsquo;ex\u00e9cution.  <\/p>\n\n\n\n<p>De l&rsquo;id\u00e9e initiale aux calculs statiques des \u00e9l\u00e9ments de construction et des tuyaux, en passant par des conceptions pr\u00e9cises, nous vous accompagnons \u00e0 chaque \u00e9tape. Avec MAUDERLI, vous gagnez un partenaire solide qui cr\u00e9e avec vous des solutions efficaces, innovantes, durables et \u00e9conomiques pour votre projet. <\/p>\n\n\n\n<p>Ensemble, donnons vie \u00e0 vos id\u00e9es et faisons de vos projets une r\u00e9ussite !<\/p>\n\n<\/div>\n<\/div><\/div>\n\n<div class=\"gb-grid-column gb-grid-column-89feef3b\"><div class=\"gb-container gb-container-89feef3b\">\n<figure class=\"gb-block-image gb-block-image-4b7a698d\"><img decoding=\"async\" width=\"2560\" height=\"1919\" src=\"https:\/\/mauderli.ch\/wp-content\/uploads\/2024\/09\/Mauderli_Unten_0185_RGB_oL-scaled.jpg\" class=\"gb-image-4b7a698d main__image__height\" alt=\"\" srcset=\"https:\/\/mauderli.ch\/wp-content\/uploads\/2024\/09\/Mauderli_Unten_0185_RGB_oL-scaled.jpg 2560w, https:\/\/mauderli.ch\/wp-content\/uploads\/2024\/09\/Mauderli_Unten_0185_RGB_oL-300x225.jpg 300w, https:\/\/mauderli.ch\/wp-content\/uploads\/2024\/09\/Mauderli_Unten_0185_RGB_oL-1024x768.jpg 1024w, https:\/\/mauderli.ch\/wp-content\/uploads\/2024\/09\/Mauderli_Unten_0185_RGB_oL-768x576.jpg 768w, https:\/\/mauderli.ch\/wp-content\/uploads\/2024\/09\/Mauderli_Unten_0185_RGB_oL-1536x1151.jpg 1536w, https:\/\/mauderli.ch\/wp-content\/uploads\/2024\/09\/Mauderli_Unten_0185_RGB_oL-2048x1535.jpg 2048w\" sizes=\"(max-width: 2560px) 100vw, 2560px\" \/><\/figure>\n<\/div><\/div>\n<\/div>\n<\/div>\n\n<div class=\"gb-container gb-container-f91b1acd\" data-aos=\"fade-up\" data-aos-duration=\"800\">\n<div class=\"gb-grid-wrapper gb-grid-wrapper-e578118e rev_grid\">\n<div class=\"gb-grid-column gb-grid-column-739b36d1\"><div class=\"gb-container gb-container-739b36d1\">\n<div class=\"gb-container gb-container-fb9ae985\">\n\n<h2 class=\"gb-headline gb-headline-6b8c4ead gb-headline-text\">Conteneurs de stockage MAUDERLI<\/h2>\n\n\n\n<p>Si vous le souhaitez, nous pouvons vous fournir votre stock de pi\u00e8ces moul\u00e9es assorties individuellement directement sur le chantier. Nous remplissons r\u00e9guli\u00e8rement votre conteneur de stockage pour vous. Choisissez entre un mod\u00e8le de 10 pieds et un mod\u00e8le de 20 pieds.  <strong><\/strong><\/p>\n\n\n\n<a class=\"gb-button gb-button-1ce241f0 gb-button-text\" href=\"https:\/\/mauderli.ch\/fr\/conteneurs-de-stockage-mauderli\/\">En savoir plus<\/a>\n\n<\/div>\n<\/div><\/div>\n\n<div class=\"gb-grid-column gb-grid-column-1ebc76cc\"><div class=\"gb-container gb-container-1ebc76cc\">\n<section id=\"digicube-block-66e42bc9b576b\"  class=\"DEMO\" >\r\n    <div class=\"custom-slide-wrapper\">\r\n        <div class=\"custom-slider\">\r\n                        <div class=\"slick-item\">\r\n                <div class=\"slider-image\">\r\n                <img decoding=\"async\" src=\"https:\/\/mauderli.ch\/wp-content\/uploads\/2024\/09\/Bildschirmfoto-2024-05-17-um-12.20.34.jpg\" alt=\"Mauderli AG - Container\" \/>\r\n                <\/div>\r\n            <\/div>\r\n                    <\/div>\r\n    <\/div>\r\n<\/section>\r\n\n<\/div><\/div>\n<\/div>\n<\/div>\n\n<div class=\"gb-container gb-container-9b97b049\" data-aos=\"fade-up\" data-aos-duration=\"800\">\n<div class=\"gb-grid-wrapper gb-grid-wrapper-5695c2d5\">\n<div class=\"gb-grid-column gb-grid-column-77e0b8e8\"><div class=\"gb-container gb-container-77e0b8e8\"><\/div><\/div>\n\n<div class=\"gb-grid-column gb-grid-column-ad491f21\"><div class=\"gb-container gb-container-ad491f21\">\n<div class=\"gb-container gb-container-6950ccee\">\n\n<p><\/p>\n\n<\/div>\n<\/div><\/div>\n<\/div>\n<\/div>\n\n<div class=\"gb-container gb-container-628b06ec\" data-aos=\"fade-up\" data-aos-duration=\"800\">\n<div class=\"gb-grid-wrapper gb-grid-wrapper-382357d8 rev_grid\">\n<div class=\"gb-grid-column gb-grid-column-50cef2b5\"><div class=\"gb-container gb-container-50cef2b5\">\n<div class=\"gb-container gb-container-c26534c9\"><\/div>\n<\/div><\/div>\n\n<div class=\"gb-grid-column gb-grid-column-32409ea7\"><div class=\"gb-container gb-container-32409ea7\"><\/div><\/div>\n<\/div>\n<\/div>\n\n<div class=\"gb-container gb-container-c486e1d1\" data-aos=\"fade-up\" data-aos-duration=\"800\">\n<div class=\"gb-grid-wrapper gb-grid-wrapper-50d20c9e\">\n<div class=\"gb-grid-column gb-grid-column-12216089\"><div class=\"gb-container gb-container-12216089\"><\/div><\/div>\n\n<div class=\"gb-grid-column gb-grid-column-1c20d6cd\"><div class=\"gb-container gb-container-1c20d6cd\">\n<div class=\"gb-container gb-container-5084015e\">\n\n<h2 class=\"gb-headline gb-headline-473e6d2a gb-headline-text\"><\/h2>\n\n\n\n<p><\/p>\n\n<\/div>\n<\/div><\/div>\n<\/div>\n<\/div>","protected":false},"excerpt":{"rendered":"","protected":false},"author":1,"featured_media":2511,"parent":0,"menu_order":0,"comment_status":"closed","ping_status":"closed","template":"","meta":{"_acf_changed":false,"inline_featured_image":false,"footnotes":""},"class_list":["post-3208","page","type-page","status-publish","has-post-thumbnail"],"acf":[],"_links":{"self":[{"href":"https:\/\/mauderli.ch\/fr\/wp-json\/wp\/v2\/pages\/3208","targetHints":{"allow":["GET"]}}],"collection":[{"href":"https:\/\/mauderli.ch\/fr\/wp-json\/wp\/v2\/pages"}],"about":[{"href":"https:\/\/mauderli.ch\/fr\/wp-json\/wp\/v2\/types\/page"}],"author":[{"embeddable":true,"href":"https:\/\/mauderli.ch\/fr\/wp-json\/wp\/v2\/users\/1"}],"replies":[{"embeddable":true,"href":"https:\/\/mauderli.ch\/fr\/wp-json\/wp\/v2\/comments?post=3208"}],"version-history":[{"count":3,"href":"https:\/\/mauderli.ch\/fr\/wp-json\/wp\/v2\/pages\/3208\/revisions"}],"predecessor-version":[{"id":3455,"href":"https:\/\/mauderli.ch\/fr\/wp-json\/wp\/v2\/pages\/3208\/revisions\/3455"}],"wp:featuredmedia":[{"embeddable":true,"href":"https:\/\/mauderli.ch\/fr\/wp-json\/wp\/v2\/media\/2511"}],"wp:attachment":[{"href":"https:\/\/mauderli.ch\/fr\/wp-json\/wp\/v2\/media?parent=3208"}],"curies":[{"name":"wp","href":"https:\/\/api.w.org\/{rel}","templated":true}]}}