{"id":3122,"date":"2024-09-16T16:26:26","date_gmt":"2024-09-16T14:26:26","guid":{"rendered":"https:\/\/mauderli.ch\/uhfb-manufacture\/"},"modified":"2025-03-26T11:34:16","modified_gmt":"2025-03-26T10:34:16","slug":"uhfb-manufacture","status":"publish","type":"page","link":"https:\/\/mauderli.ch\/fr\/uhfb-manufacture\/","title":{"rendered":"BFUP-manufacture"},"content":{"rendered":"<div class=\"gb-container gb-container-6b1170d7\">\n<div class=\"gb-grid-wrapper gb-grid-wrapper-1d51386e rev_grid_mob\">\n<div class=\"gb-grid-column gb-grid-column-87913fb3\"><div class=\"gb-container gb-container-87913fb3\">\n<div class=\"gb-container gb-container-61eb29a6\">\n<h1 class=\"gb-headline gb-headline-2588b5e4 gb-headline-text\">BFUP-manufacture<\/h1>\n\n\n<p class=\"f__25\"><strong>Des solutions sur mesure pour les exigences les plus \u00e9lev\u00e9es<\/strong><\/p>\n\n\n\n<p>Dans notre usine ultramoderne BFUP, nous fabriquons des produits innovants en mat\u00e9riau de construction fibreux \u00e0 ultra-haute r\u00e9sistance (BFUP), con\u00e7us sur mesure pour les projets les plus exigeants.<\/p>\n\n\n\n<p>Qu&rsquo;il s&rsquo;agisse de couvertures sp\u00e9ciales, de fontaines de jardin, de piscines, de cuisines d&rsquo;ext\u00e9rieur ou de bacs \u00e0 plantes personnalis\u00e9s, avec BFUP, nous \u00e9tablissons de nouvelles normes en mati\u00e8re de robustesse, de long\u00e9vit\u00e9 et de pr\u00e9cision. Notre approche ? Chaque projet est r\u00e9alis\u00e9 avec un maximum de perfection artisanale et d&rsquo;expertise technique. Gr\u00e2ce aux caract\u00e9ristiques exceptionnelles de BFUP, nous pouvons r\u00e9pondre aux exigences les plus complexes, toujours dans le but de d\u00e9passer vos attentes. Nos artisans combinent un savoir-faire traditionnel et des techniques de pointe pour cr\u00e9er des solutions durables et esth\u00e9tiques. De la conception \u00e0 la r\u00e9alisation, nous sommes \u00e0 vos c\u00f4t\u00e9s pour vous proposer des produits flexibles et sur mesure pour vos projets. Faites confiance \u00e0 notre manufacture BFUP pour une qualit\u00e9 artisanale sup\u00e9rieure et des solutions durables.      <\/p>\n\n\n\n<a class=\"gb-button gb-button-da194a8e gb-button-text\" href=\"https:\/\/mauderli.ch\/wp-content\/uploads\/2025\/03\/zeroUltra-BR-A4-DE.pdf\" target=\"_blank\" rel=\"noopener noreferrer\">Voir le catalogue<\/a>\n\n\n\n<p><\/p>\n\n<\/div>\n<\/div><\/div>\n\n<div class=\"gb-grid-column gb-grid-column-89feef3b\"><div class=\"gb-container gb-container-89feef3b\">\n\n<figure class=\"wp-block-image size-full is-resized main__image__height\"><img decoding=\"async\" width=\"1920\" height=\"2560\" src=\"https:\/\/mauderli.ch\/wp-content\/uploads\/2024\/09\/IMG_6355-1-scaled.jpg\" alt=\"\" class=\"wp-image-1509\" style=\"aspect-ratio:1;object-fit:cover;width:auto;height:800px\" srcset=\"https:\/\/mauderli.ch\/wp-content\/uploads\/2024\/09\/IMG_6355-1-scaled.jpg 1920w, https:\/\/mauderli.ch\/wp-content\/uploads\/2024\/09\/IMG_6355-1-225x300.jpg 225w, https:\/\/mauderli.ch\/wp-content\/uploads\/2024\/09\/IMG_6355-1-768x1024.jpg 768w, https:\/\/mauderli.ch\/wp-content\/uploads\/2024\/09\/IMG_6355-1-1152x1536.jpg 1152w, https:\/\/mauderli.ch\/wp-content\/uploads\/2024\/09\/IMG_6355-1-1536x2048.jpg 1536w\" sizes=\"(max-width: 1920px) 100vw, 1920px\" \/><\/figure>\n\n<\/div><\/div>\n<\/div>\n<\/div><div class=\"gb-container gb-container-d3f38cb4\" data-aos=\"fade-up\" data-aos-duration=\"800\">\n<div class=\"gb-grid-wrapper gb-grid-wrapper-0ade41d8\">\n<div class=\"gb-grid-column gb-grid-column-9d37429b\"><div class=\"gb-container gb-container-9d37429b\"><\/div><\/div>\n\n<div class=\"gb-grid-column gb-grid-column-0718ac6a\"><div class=\"gb-container gb-container-0718ac6a\">\n<div class=\"gb-container gb-container-1a382f34\">\n\n<h2 class=\"gb-headline gb-headline-412ee849 gb-headline-text\"><\/h2>\n\n\n\n<p><br\/><\/p>\n\n<\/div>\n<\/div><\/div>\n<\/div>\n<\/div>","protected":false},"excerpt":{"rendered":"","protected":false},"author":1,"featured_media":2037,"parent":0,"menu_order":0,"comment_status":"closed","ping_status":"closed","template":"","meta":{"_acf_changed":false,"inline_featured_image":false,"footnotes":""},"class_list":["post-3122","page","type-page","status-publish","has-post-thumbnail"],"acf":[],"_links":{"self":[{"href":"https:\/\/mauderli.ch\/fr\/wp-json\/wp\/v2\/pages\/3122","targetHints":{"allow":["GET"]}}],"collection":[{"href":"https:\/\/mauderli.ch\/fr\/wp-json\/wp\/v2\/pages"}],"about":[{"href":"https:\/\/mauderli.ch\/fr\/wp-json\/wp\/v2\/types\/page"}],"author":[{"embeddable":true,"href":"https:\/\/mauderli.ch\/fr\/wp-json\/wp\/v2\/users\/1"}],"replies":[{"embeddable":true,"href":"https:\/\/mauderli.ch\/fr\/wp-json\/wp\/v2\/comments?post=3122"}],"version-history":[{"count":8,"href":"https:\/\/mauderli.ch\/fr\/wp-json\/wp\/v2\/pages\/3122\/revisions"}],"predecessor-version":[{"id":4446,"href":"https:\/\/mauderli.ch\/fr\/wp-json\/wp\/v2\/pages\/3122\/revisions\/4446"}],"wp:featuredmedia":[{"embeddable":true,"href":"https:\/\/mauderli.ch\/fr\/wp-json\/wp\/v2\/media\/2037"}],"wp:attachment":[{"href":"https:\/\/mauderli.ch\/fr\/wp-json\/wp\/v2\/media?parent=3122"}],"curies":[{"name":"wp","href":"https:\/\/api.w.org\/{rel}","templated":true}]}}