{"id":3119,"date":"2024-09-17T11:09:51","date_gmt":"2024-09-17T09:09:51","guid":{"rendered":"https:\/\/mauderli.ch\/couvercles-de-puits\/"},"modified":"2024-12-20T15:57:34","modified_gmt":"2024-12-20T14:57:34","slug":"couvercles-de-puits","status":"publish","type":"page","link":"https:\/\/mauderli.ch\/fr\/couvercles-de-puits\/","title":{"rendered":"Couvercles de puits"},"content":{"rendered":"<div class=\"gb-container gb-container-6b1170d7\" data-aos=\"fade-up\" data-aos-duration=\"800\">\n<div class=\"gb-grid-wrapper gb-grid-wrapper-1d51386e rev_grid_mob\">\n<div class=\"gb-grid-column gb-grid-column-87913fb3\"><div class=\"gb-container gb-container-87913fb3\">\n<div class=\"gb-container gb-container-61eb29a6\">\n<h1 class=\"gb-headline gb-headline-2588b5e4 gb-headline-text\">Couvercles de puits<\/h1>\n\n\n<p class=\"f__25\">Les couvercles de regards KIO \u00e9tablissent de nouvelles normes dans les infrastructures modernes. Ils sont fabriqu\u00e9s dans un mat\u00e9riau composite tr\u00e8s performant qui a fait ses preuves en Formule 1 et dans l&rsquo;aviation. Ils sont l\u00e9gers et donc faciles \u00e0 manipuler de mani\u00e8re ergonomique. Les couvercles de regards KIO sont extr\u00eamement durables et r\u00e9sistants. Ils r\u00e9sistent aux conditions les plus difficiles, aux produits chimiques, \u00e0 la corrosion et aux UV. Qu&rsquo;il s&rsquo;agisse d&rsquo;environnements urbains, industriels ou de zones de circulation tr\u00e8s fr\u00e9quent\u00e9es, les couvercles de regards KIO offrent une fiabilit\u00e9 maximale. Avec des classes de charge allant de A15 \u00e0 F900 selon EN 124-1 et EN 124-5, ils garantissent une s\u00e9curit\u00e9 et une flexibilit\u00e9 maximales pour chaque projet. Pour les applications dans les tunnels, les a\u00e9roports, les gares, les b\u00e2timents d&rsquo;exposition, etc., nous fabriquons la version difficilement inflammable \u00ab\u00a0c\u00a0\u00bb. Toutes ces caract\u00e9ristiques font de nos couvercles de puits KIO les couvercles de puits du futur.        <\/p>\n\n\n\n<a class=\"gb-button gb-button-da194a8e gb-button-text\" href=\"https:\/\/mauderli.ch\/wp-content\/uploads\/2024\/12\/45870-BR_KIO_MANUAL_DE.pdf\" target=\"_blank\" rel=\"noopener noreferrer\">Voir le catalogue<\/a>\n\n<\/div>\n<\/div><\/div>\n\n<div class=\"gb-grid-column gb-grid-column-89feef3b\"><div class=\"gb-container gb-container-89feef3b\">\n\n<figure class=\"wp-block-image size-full is-resized main__image__height\"><img decoding=\"async\" width=\"830\" height=\"588\" src=\"https:\/\/mauderli.ch\/wp-content\/uploads\/2024\/09\/A4A6390_1.jpg\" alt=\"\" class=\"wp-image-543\" style=\"aspect-ratio:1;object-fit:cover;width:auto;height:800px\" srcset=\"https:\/\/mauderli.ch\/wp-content\/uploads\/2024\/09\/A4A6390_1.jpg 830w, https:\/\/mauderli.ch\/wp-content\/uploads\/2024\/09\/A4A6390_1-300x213.jpg 300w, https:\/\/mauderli.ch\/wp-content\/uploads\/2024\/09\/A4A6390_1-768x544.jpg 768w\" sizes=\"(max-width: 830px) 100vw, 830px\" \/><\/figure>\n\n<\/div><\/div>\n<\/div>\n<\/div><div class=\"gb-container gb-container-9b97b049\" data-aos=\"800\">\n<div class=\"gb-grid-wrapper gb-grid-wrapper-5695c2d5\">\n<div class=\"gb-grid-column gb-grid-column-77e0b8e8\"><div class=\"gb-container gb-container-77e0b8e8\">\n<section id=\"digicube-block-66e42bc9b576b\"  class=\"DEMO\" >\r\n    <div class=\"custom-slide-wrapper\">\r\n        <div class=\"custom-slider\">\r\n                        <div class=\"slick-item\">\r\n                <div class=\"slider-image\">\r\n                <img decoding=\"async\" src=\"https:\/\/mauderli.ch\/wp-content\/uploads\/2024\/09\/Mauderli_Eppenberg_A4A2553_ohne_Fremdlogos_Verlauf-scaled.jpg\" alt=\"Mauderli_Eppenberg_A4A2553_ohne_Fremdlogos_Verlauf\" \/>\r\n                <\/div>\r\n            <\/div>\r\n                        <div class=\"slick-item\">\r\n                <div class=\"slider-image\">\r\n                <img decoding=\"async\" src=\"https:\/\/mauderli.ch\/wp-content\/uploads\/2024\/10\/IMG_3935_breit-scaled.jpg\" alt=\"IMG_3935_breit\" \/>\r\n                <\/div>\r\n            <\/div>\r\n                    <\/div>\r\n    <\/div>\r\n<\/section>\r\n\n<\/div><\/div>\n\n<div class=\"gb-grid-column gb-grid-column-ad491f21\"><div class=\"gb-container gb-container-ad491f21\">\n<div class=\"gb-container gb-container-6950ccee\">\n\n<h2 class=\"gb-headline gb-headline-bd3c7eff gb-headline-text\">Couvercles de puits<\/h2>\n\n\n\n<p><\/p>\n\n<\/div>\n<\/div><\/div>\n<\/div>\n<\/div><div class=\"gb-container gb-container-51607e90\" data-aos=\"fade-up\" data-aos-duration=\"800\">\n<div class=\"gb-grid-wrapper gb-grid-wrapper-1d28fa6d rev_grid\">\n<div class=\"gb-grid-column gb-grid-column-377bec52\"><div class=\"gb-container gb-container-377bec52\">\n<div class=\"gb-container gb-container-149acbf5\">\n\n<h2 class=\"gb-headline gb-headline-65181776 gb-headline-text\">Couvertures de surface KIO &#8211; des solutions sur mesure pour tous les regards de visite<\/h2>\n\n\n\n<p>Nos couvertures de surface KIO sont fabriqu\u00e9es individuellement selon vos exigences et sont disponibles pour tous les regards de visite dans les classes de charge A15 \u00e0 F900. Ils offrent une flexibilit\u00e9 maximale et peuvent \u00eatre con\u00e7us sur mesure pour vos projets sp\u00e9cifiques. En fonction de vos besoins sp\u00e9cifiques, les couvercles de surface sont disponibles avec un cadre en acier inoxydable, un socle BFUP ou une combinaison des deux mat\u00e9riaux, afin de garantir une solution optimale pour vos projets d&rsquo;infrastructure. Les couvertures KIO sont 20 fois plus l\u00e9g\u00e8res que les couvertures traditionnelles, ce qui en fait le choix id\u00e9al pour les tunnels et les autoroutes. Ce gain de poids simplifie la manipulation et acc\u00e9l\u00e8re le processus d&rsquo;installation, tout en offrant la robustesse n\u00e9cessaire pour les zones fortement sollicit\u00e9es. Les couvertures de surface KIO allient efficacit\u00e9, durabilit\u00e9 et fonctionnalit\u00e9 &#8211; la solution id\u00e9ale pour les applications d&rsquo;infrastructure exigeantes.     <\/p>\n\n<\/div>\n<\/div><\/div>\n\n<div class=\"gb-grid-column gb-grid-column-20d77a80\"><div class=\"gb-container gb-container-20d77a80\">\n<section id=\"digicube-block-66e42bc9b576b\"  class=\"DEMO\" >\r\n    <div class=\"custom-slide-wrapper\">\r\n        <div class=\"custom-slider\">\r\n                        <div class=\"slick-item\">\r\n                <div class=\"slider-image\">\r\n                <img decoding=\"async\" src=\"https:\/\/mauderli.ch\/wp-content\/uploads\/2024\/09\/IMG_7638-scaled.jpg\" alt=\"IMG_7638\" \/>\r\n                <\/div>\r\n            <\/div>\r\n                        <div class=\"slick-item\">\r\n                <div class=\"slider-image\">\r\n                <img decoding=\"async\" src=\"https:\/\/mauderli.ch\/wp-content\/uploads\/2024\/09\/A4A6413_1-scaled.jpg\" alt=\"_A4A6413_1\" \/>\r\n                <\/div>\r\n            <\/div>\r\n                        <div class=\"slick-item\">\r\n                <div class=\"slider-image\">\r\n                <img decoding=\"async\" src=\"https:\/\/mauderli.ch\/wp-content\/uploads\/2024\/09\/A4A6069_1-scaled.jpg\" alt=\"_A4A6069_1\" \/>\r\n                <\/div>\r\n            <\/div>\r\n                        <div class=\"slick-item\">\r\n                <div class=\"slider-image\">\r\n                <img decoding=\"async\" src=\"https:\/\/mauderli.ch\/wp-content\/uploads\/2024\/09\/IMG_8819-1-scaled.jpg\" alt=\"IMG_8819\" \/>\r\n                <\/div>\r\n            <\/div>\r\n                    <\/div>\r\n    <\/div>\r\n<\/section>\r\n\n<\/div><\/div>\n<\/div>\n<\/div><div class=\"gb-container gb-container-1aeaa423\" data-aos=\"800\">\n<div class=\"gb-container gb-container-50f2b083\"><\/div>\n<\/div><div class=\"gb-container gb-container-124f2df6\" data-aos=\"800\">\n<div class=\"gb-grid-wrapper gb-grid-wrapper-aedb5797\">\n<div class=\"gb-grid-column gb-grid-column-5f73326e\"><div class=\"gb-container gb-container-5f73326e\">\n<section id=\"digicube-block-66e42bc9b576b\"  class=\"DEMO\" >\r\n    <div class=\"custom-slide-wrapper\">\r\n        <div class=\"custom-slider\">\r\n                        <div class=\"slick-item\">\r\n                <div class=\"slider-image\">\r\n                <img decoding=\"async\" src=\"https:\/\/mauderli.ch\/wp-content\/uploads\/2024\/09\/Foto-02.05.23-22-11-00-scaled.jpg\" alt=\"Foto 02.05.23, 22 11 00\" \/>\r\n                <\/div>\r\n            <\/div>\r\n                    <\/div>\r\n    <\/div>\r\n<\/section>\r\n\n<\/div><\/div>\n\n<div class=\"gb-grid-column gb-grid-column-c984d77f\"><div class=\"gb-container gb-container-c984d77f\">\n<div class=\"gb-container gb-container-b82e0988\">\n\n<h2 class=\"gb-headline gb-headline-4c73aa06 gb-headline-text\">Couvertures sp\u00e9ciales KIO &#8211; Planification, conseil et fabrication sur mesure<\/h2>\n\n\n\n<p>Nous fabriquons des couvertures sp\u00e9ciales KIO exactement selon les dimensions et les exigences que vous souhaitez. Notre service va bien au-del\u00e0 de la simple fabrication : nous planifions avec vous votre solution sur mesure, nous vous offrons des conseils complets pour nous assurer que toutes les exigences techniques et fonctionnelles sont remplies, et nous fabriquons finalement des couvertures qui r\u00e9pondent \u00e0 vos exigences de qualit\u00e9. Que ce soit pour des zones d&rsquo;infrastructure exigeantes ou des projets individuels, nous sommes \u00e0 vos c\u00f4t\u00e9s en tant que partenaire comp\u00e9tent, de l&rsquo;id\u00e9e \u00e0 la r\u00e9alisation.  <\/p>\n\n<\/div>\n<\/div><\/div>\n<\/div>\n<\/div>\n<p><\/p>\n","protected":false},"excerpt":{"rendered":"","protected":false},"author":1,"featured_media":2004,"parent":0,"menu_order":0,"comment_status":"closed","ping_status":"closed","template":"","meta":{"_acf_changed":false,"inline_featured_image":false,"footnotes":""},"class_list":["post-3119","page","type-page","status-publish","has-post-thumbnail"],"acf":[],"_links":{"self":[{"href":"https:\/\/mauderli.ch\/fr\/wp-json\/wp\/v2\/pages\/3119","targetHints":{"allow":["GET"]}}],"collection":[{"href":"https:\/\/mauderli.ch\/fr\/wp-json\/wp\/v2\/pages"}],"about":[{"href":"https:\/\/mauderli.ch\/fr\/wp-json\/wp\/v2\/types\/page"}],"author":[{"embeddable":true,"href":"https:\/\/mauderli.ch\/fr\/wp-json\/wp\/v2\/users\/1"}],"replies":[{"embeddable":true,"href":"https:\/\/mauderli.ch\/fr\/wp-json\/wp\/v2\/comments?post=3119"}],"version-history":[{"count":3,"href":"https:\/\/mauderli.ch\/fr\/wp-json\/wp\/v2\/pages\/3119\/revisions"}],"predecessor-version":[{"id":4253,"href":"https:\/\/mauderli.ch\/fr\/wp-json\/wp\/v2\/pages\/3119\/revisions\/4253"}],"wp:featuredmedia":[{"embeddable":true,"href":"https:\/\/mauderli.ch\/fr\/wp-json\/wp\/v2\/media\/2004"}],"wp:attachment":[{"href":"https:\/\/mauderli.ch\/fr\/wp-json\/wp\/v2\/media?parent=3119"}],"curies":[{"name":"wp","href":"https:\/\/api.w.org\/{rel}","templated":true}]}}