{"id":3103,"date":"2024-09-17T11:25:34","date_gmt":"2024-09-17T09:25:34","guid":{"rendered":"https:\/\/mauderli.ch\/en-savoir-plus\/"},"modified":"2024-11-25T16:41:45","modified_gmt":"2024-11-25T15:41:45","slug":"en-savoir-plus","status":"publish","type":"page","link":"https:\/\/mauderli.ch\/fr\/en-savoir-plus\/","title":{"rendered":"En savoir plus &#8230;"},"content":{"rendered":"<div class=\"gb-container gb-container-6b1170d7\" data-aos=\"fade-up\" data-aos-duration=\"800\">\n<div class=\"gb-grid-wrapper gb-grid-wrapper-1d51386e rev_grid_mob\">\n<div class=\"gb-grid-column gb-grid-column-87913fb3\"><div class=\"gb-container gb-container-87913fb3\">\n<div class=\"gb-container gb-container-61eb29a6\">\n<h1 class=\"gb-headline gb-headline-2588b5e4 gb-headline-text\">En savoir plus &#8230;<\/h1>\n\n\n<p class=\"f__25\">Notre gamme compl\u00e8te de produits vous propose \u00e9galement des solutions sur mesure pour les r\u00e9tentions, les conteneurs et d&rsquo;autres applications.<\/p>\n\n<\/div>\n<\/div><\/div>\n\n<div class=\"gb-grid-column gb-grid-column-89feef3b\"><div class=\"gb-container gb-container-89feef3b\">\n<figure class=\"gb-block-image gb-block-image-4b7a698d\"><img decoding=\"async\" width=\"952\" height=\"926\" src=\"https:\/\/mauderli.ch\/wp-content\/uploads\/2024\/09\/Mauderli_Retention_oL_02_0017_RGB.jpg\" class=\"gb-image-4b7a698d main__image__height\" alt=\"\" srcset=\"https:\/\/mauderli.ch\/wp-content\/uploads\/2024\/09\/Mauderli_Retention_oL_02_0017_RGB.jpg 952w, https:\/\/mauderli.ch\/wp-content\/uploads\/2024\/09\/Mauderli_Retention_oL_02_0017_RGB-300x292.jpg 300w, https:\/\/mauderli.ch\/wp-content\/uploads\/2024\/09\/Mauderli_Retention_oL_02_0017_RGB-768x747.jpg 768w\" sizes=\"(max-width: 952px) 100vw, 952px\" \/><\/figure>\n<\/div><\/div>\n<\/div>\n<\/div>\n\n<div class=\"gb-container gb-container-9b97b049\" data-aos=\"fade-up\" data-aos-duration=\"800\">\n<div class=\"gb-grid-wrapper gb-grid-wrapper-5695c2d5\">\n<div class=\"gb-grid-column gb-grid-column-77e0b8e8\"><div class=\"gb-container gb-container-77e0b8e8\">\n<section id=\"digicube-block-66e42bc9b576b\"  class=\"DEMO\" >\r\n    <div class=\"custom-slide-wrapper\">\r\n        <div class=\"custom-slider\">\r\n                        <div class=\"slick-item\">\r\n                <div class=\"slider-image\">\r\n                <img decoding=\"async\" src=\"https:\/\/mauderli.ch\/wp-content\/uploads\/2024\/09\/IMG_1190_Fin_R1_ohne_Logo.jpg\" alt=\"IMG_1190_Fin_R1_ohne_Logo\" \/>\r\n                <\/div>\r\n            <\/div>\r\n                        <div class=\"slick-item\">\r\n                <div class=\"slider-image\">\r\n                <img decoding=\"async\" src=\"https:\/\/mauderli.ch\/wp-content\/uploads\/2024\/09\/b215e194-b54b-4cee-907e-49120c443222_Fin_R1_ohne_Logo.jpg\" alt=\"b215e194-b54b-4cee-907e-49120c443222_Fin_R1_ohne_Logo\" \/>\r\n                <\/div>\r\n            <\/div>\r\n                        <div class=\"slick-item\">\r\n                <div class=\"slider-image\">\r\n                <img decoding=\"async\" src=\"https:\/\/mauderli.ch\/wp-content\/uploads\/2024\/09\/Mauderli_Retention_oL_02_0020_RGB-scaled.jpg\" alt=\"Mauderli_Retention_oL_02_0020_RGB\" \/>\r\n                <\/div>\r\n            <\/div>\r\n                        <div class=\"slick-item\">\r\n                <div class=\"slider-image\">\r\n                <img decoding=\"async\" src=\"https:\/\/mauderli.ch\/wp-content\/uploads\/2024\/09\/Mauderli_Retention_oL_02_0027_RGB-scaled.jpg\" alt=\"Mauderli_Retention_oL_02_0027_RGB\" \/>\r\n                <\/div>\r\n            <\/div>\r\n                        <div class=\"slick-item\">\r\n                <div class=\"slider-image\">\r\n                <img decoding=\"async\" src=\"https:\/\/mauderli.ch\/wp-content\/uploads\/2024\/09\/Mauderli_Retention_oL_02_0068_RGB-scaled.jpg\" alt=\"Mauderli_Retention_oL_02_0068_RGB\" \/>\r\n                <\/div>\r\n            <\/div>\r\n                        <div class=\"slick-item\">\r\n                <div class=\"slider-image\">\r\n                <img decoding=\"async\" src=\"https:\/\/mauderli.ch\/wp-content\/uploads\/2024\/09\/Mauderli_Retention_oL_02_0097_RGB-scaled.jpg\" alt=\"Mauderli_Retention_oL_02_0097_RGB\" \/>\r\n                <\/div>\r\n            <\/div>\r\n                    <\/div>\r\n    <\/div>\r\n<\/section>\r\n\n<\/div><\/div>\n\n<div class=\"gb-grid-column gb-grid-column-ad491f21\"><div class=\"gb-container gb-container-ad491f21\">\n<div class=\"gb-container gb-container-6950ccee\">\n\n<h2 class=\"gb-headline gb-headline-bd3c7eff gb-headline-text\">R\u00e9tentions en plastique ou en BFUP<\/h2>\n\n\n\n<p>Nous concevons des r\u00e9tentions sur mesure, adapt\u00e9es \u00e0 votre chantier. Les temps de pose sont extr\u00eamement rapides et les r\u00e9tentions restent accessibles \u00e0 tout moment. Elles sont donc faciles \u00e0 rincer et \u00e0 nettoyer.  <\/p>\n\n<\/div>\n<\/div><\/div>\n<\/div>\n<\/div>\n\n<div class=\"gb-container gb-container-628b06ec\" data-aos=\"fade-up\" data-aos-duration=\"800\">\n<div class=\"gb-grid-wrapper gb-grid-wrapper-382357d8 rev_grid\">\n<div class=\"gb-grid-column gb-grid-column-50cef2b5\"><div class=\"gb-container gb-container-50cef2b5\">\n<div class=\"gb-container gb-container-c26534c9\">\n\n<h2 class=\"gb-headline gb-headline-f34cdd4b gb-headline-text\">Inserts de coffrage en plastique<\/h2>\n\n\n\n<p>Nous fabriquons des inserts de coffrage personnalis\u00e9s avec pr\u00e9cision, en fonction de vos exigences en mati\u00e8re de construction en b\u00e9ton. Ils sont l\u00e9gers, durables et garantissent des surfaces de b\u00e9ton parfaites. <\/p>\n\n<\/div>\n<\/div><\/div>\n\n<div class=\"gb-grid-column gb-grid-column-32409ea7\"><div class=\"gb-container gb-container-32409ea7\">\n<section id=\"digicube-block-66e42bc9b576b\"  class=\"DEMO\" >\r\n    <div class=\"custom-slide-wrapper\">\r\n        <div class=\"custom-slider\">\r\n                        <div class=\"slick-item\">\r\n                <div class=\"slider-image\">\r\n                <img decoding=\"async\" src=\"https:\/\/mauderli.ch\/wp-content\/uploads\/2024\/09\/D6920555-CB06-4F60-9BBA-4FB3EDF6B2A5.jpg\" alt=\"D6920555-CB06-4F60-9BBA-4FB3EDF6B2A5\" \/>\r\n                <\/div>\r\n            <\/div>\r\n                        <div class=\"slick-item\">\r\n                <div class=\"slider-image\">\r\n                <img decoding=\"async\" src=\"https:\/\/mauderli.ch\/wp-content\/uploads\/2024\/09\/E9A53051-3DDA-4DF0-8132-1607959A3961.jpg\" alt=\"E9A53051-3DDA-4DF0-8132-1607959A3961\" \/>\r\n                <\/div>\r\n            <\/div>\r\n                    <\/div>\r\n    <\/div>\r\n<\/section>\r\n\n<\/div><\/div>\n<\/div>\n<\/div>","protected":false},"excerpt":{"rendered":"","protected":false},"author":1,"featured_media":2013,"parent":0,"menu_order":0,"comment_status":"closed","ping_status":"closed","template":"","meta":{"_acf_changed":false,"inline_featured_image":false,"footnotes":""},"class_list":["post-3103","page","type-page","status-publish","has-post-thumbnail"],"acf":[],"_links":{"self":[{"href":"https:\/\/mauderli.ch\/fr\/wp-json\/wp\/v2\/pages\/3103","targetHints":{"allow":["GET"]}}],"collection":[{"href":"https:\/\/mauderli.ch\/fr\/wp-json\/wp\/v2\/pages"}],"about":[{"href":"https:\/\/mauderli.ch\/fr\/wp-json\/wp\/v2\/types\/page"}],"author":[{"embeddable":true,"href":"https:\/\/mauderli.ch\/fr\/wp-json\/wp\/v2\/users\/1"}],"replies":[{"embeddable":true,"href":"https:\/\/mauderli.ch\/fr\/wp-json\/wp\/v2\/comments?post=3103"}],"version-history":[{"count":3,"href":"https:\/\/mauderli.ch\/fr\/wp-json\/wp\/v2\/pages\/3103\/revisions"}],"predecessor-version":[{"id":3720,"href":"https:\/\/mauderli.ch\/fr\/wp-json\/wp\/v2\/pages\/3103\/revisions\/3720"}],"wp:featuredmedia":[{"embeddable":true,"href":"https:\/\/mauderli.ch\/fr\/wp-json\/wp\/v2\/media\/2013"}],"wp:attachment":[{"href":"https:\/\/mauderli.ch\/fr\/wp-json\/wp\/v2\/media?parent=3103"}],"curies":[{"name":"wp","href":"https:\/\/api.w.org\/{rel}","templated":true}]}}