{"id":3096,"date":"2024-09-17T13:58:29","date_gmt":"2024-09-17T11:58:29","guid":{"rendered":"https:\/\/mauderli.ch\/protection-des-donnees\/"},"modified":"2024-11-19T16:52:18","modified_gmt":"2024-11-19T15:52:18","slug":"protection-des-donnees","status":"publish","type":"page","link":"https:\/\/mauderli.ch\/fr\/protection-des-donnees\/","title":{"rendered":"Protection des donn\u00e9es"},"content":{"rendered":"<div class=\"gb-container gb-container-79be44b6\">\n<h2 class=\"gb-headline gb-headline-08463c75 gb-headline-text\">Protection des donn\u00e9es<\/h2>\n\n\n<p>Ce site web utilise Google Analytics, un service d&rsquo;analyse web de Google Inc., pour permettre une analyse de l&rsquo;utilisation du site web. Google Analytics utilise des cookies, qui sont des fichiers texte plac\u00e9s sur l&rsquo;ordinateur de l&rsquo;utilisateur, pour aider le site internet \u00e0 analyser l&rsquo;utilisation du site par ses utilisateurs. Les informations g\u00e9n\u00e9r\u00e9es par l&rsquo;utilisation de Google Analytics sur l&rsquo;utilisation de ce site Web (y compris l&rsquo;adresse IP) sont transmises \u00e0 un serveur de Google Inc. aux \u00c9tats-Unis et y sont enregistr\u00e9es. Google n&rsquo;utilisera ces informations que dans le but d&rsquo;analyser l&rsquo;utilisation du site web en cr\u00e9ant des rapports et des graphiques anonymes sur le nombre de visites, le nombre de pages consult\u00e9es par utilisateur, etc.<\/p>\n\n\n\n<p><strong>Droits d&rsquo;auteur<\/strong><br\/>Les droits d&rsquo;auteur et tous les autres droits li\u00e9s aux contenus, images, photos ou autres fichiers figurant sur le site Internet sont la propri\u00e9t\u00e9 exclusive de MAUDERLI AG ou des titulaires de droits sp\u00e9cialement cit\u00e9s. L&rsquo;autorisation \u00e9crite des d\u00e9tenteurs des droits d&rsquo;auteur doit \u00eatre obtenue au pr\u00e9alable pour la reproduction de tout \u00e9l\u00e9ment. <\/p>\n\n\n\n<p><\/p>\n\n<\/div>\n<p><\/p>\n","protected":false},"excerpt":{"rendered":"<p>Protection des donn\u00e9es Ce site web utilise Google Analytics, un service d&rsquo;analyse web de Google Inc., pour permettre une analyse de l&rsquo;utilisation du site web. Google Analytics utilise des cookies, qui sont des fichiers texte plac\u00e9s sur l&rsquo;ordinateur de l&rsquo;utilisateur, pour aider le site internet \u00e0 analyser l&rsquo;utilisation du site par ses utilisateurs. Les informations &#8230; <a title=\"Protection des donn\u00e9es\" class=\"read-more\" href=\"https:\/\/mauderli.ch\/fr\/protection-des-donnees\/\" aria-label=\"En savoir plus sur Protection des donn\u00e9es\">Lire plus<\/a><\/p>\n","protected":false},"author":1,"featured_media":0,"parent":0,"menu_order":0,"comment_status":"closed","ping_status":"closed","template":"","meta":{"_acf_changed":false,"inline_featured_image":false,"footnotes":""},"class_list":["post-3096","page","type-page","status-publish"],"acf":[],"_links":{"self":[{"href":"https:\/\/mauderli.ch\/fr\/wp-json\/wp\/v2\/pages\/3096","targetHints":{"allow":["GET"]}}],"collection":[{"href":"https:\/\/mauderli.ch\/fr\/wp-json\/wp\/v2\/pages"}],"about":[{"href":"https:\/\/mauderli.ch\/fr\/wp-json\/wp\/v2\/types\/page"}],"author":[{"embeddable":true,"href":"https:\/\/mauderli.ch\/fr\/wp-json\/wp\/v2\/users\/1"}],"replies":[{"embeddable":true,"href":"https:\/\/mauderli.ch\/fr\/wp-json\/wp\/v2\/comments?post=3096"}],"version-history":[{"count":2,"href":"https:\/\/mauderli.ch\/fr\/wp-json\/wp\/v2\/pages\/3096\/revisions"}],"predecessor-version":[{"id":3099,"href":"https:\/\/mauderli.ch\/fr\/wp-json\/wp\/v2\/pages\/3096\/revisions\/3099"}],"wp:attachment":[{"href":"https:\/\/mauderli.ch\/fr\/wp-json\/wp\/v2\/media?parent=3096"}],"curies":[{"name":"wp","href":"https:\/\/api.w.org\/{rel}","templated":true}]}}