{"id":3014,"date":"2024-09-16T15:48:06","date_gmt":"2024-09-16T13:48:06","guid":{"rendered":"https:\/\/mauderli.ch\/systemes-dinfrastructure\/"},"modified":"2025-03-18T14:34:24","modified_gmt":"2025-03-18T13:34:24","slug":"systemes-dinfrastructure","status":"publish","type":"page","link":"https:\/\/mauderli.ch\/fr\/systemes-dinfrastructure\/","title":{"rendered":"Syst\u00e8mes d&rsquo;infrastructure"},"content":{"rendered":"<div class=\"gb-container gb-container-6b1170d7\" data-aos=\"fade-up\" data-aos-duration=\"800\">\n<div class=\"gb-grid-wrapper gb-grid-wrapper-1d51386e rev_grid_mob\">\n<div class=\"gb-grid-column gb-grid-column-87913fb3\"><div class=\"gb-container gb-container-87913fb3\">\n<div class=\"gb-container gb-container-61eb29a6\">\n<h1 class=\"gb-headline gb-headline-2588b5e4 gb-headline-text\">Syst\u00e8mes d&rsquo;infrastructure<\/h1>\n\n\n<p class=\"f__25\">MAUDERLI vous propose des solutions syst\u00e8me sur mesure pour la construction de tunnels et d&rsquo;infrastructures. Nous vous fournissons des tuyaux, des regards, des caniveaux de drainage et des couvercles de puits qui r\u00e9pondent exactement \u00e0 vos besoins individuels. Un seul fournisseur, de la planification \u00e0 la mise en \u0153uvre, pour des projets de construction efficaces, fiables et durables. Faites confiance \u00e0 notre vaste expertise et profitez de nos produits de haute qualit\u00e9, parfaitement adapt\u00e9s les uns aux autres.   <\/p>\n\n<\/div>\n<\/div><\/div>\n\n<div class=\"gb-grid-column gb-grid-column-89feef3b\"><div class=\"gb-container gb-container-89feef3b\">\n<figure class=\"gb-block-image gb-block-image-4b7a698d\"><img decoding=\"async\" width=\"952\" height=\"926\" src=\"https:\/\/mauderli.ch\/wp-content\/uploads\/2024\/09\/A4A6557_1.jpg\" class=\"gb-image-4b7a698d main__image__height\" alt=\"\" srcset=\"https:\/\/mauderli.ch\/wp-content\/uploads\/2024\/09\/A4A6557_1.jpg 952w, https:\/\/mauderli.ch\/wp-content\/uploads\/2024\/09\/A4A6557_1-300x292.jpg 300w, https:\/\/mauderli.ch\/wp-content\/uploads\/2024\/09\/A4A6557_1-768x747.jpg 768w\" sizes=\"(max-width: 952px) 100vw, 952px\" \/><\/figure>\n<\/div><\/div>\n<\/div>\n<\/div>\n\n<div class=\"gb-container gb-container-56e6e966\" data-aos=\"fade-up\" data-aos-duration=\"800\">\n<div class=\"gb-grid-wrapper gb-grid-wrapper-65e046ac rev_grid\">\n<div class=\"gb-grid-column gb-grid-column-d3c2c55f\"><div class=\"gb-container gb-container-d3c2c55f\">\n<div class=\"gb-container gb-container-ce437bb1\">\n\n<h2 class=\"gb-headline gb-headline-d77fed8a gb-headline-text\">Syst\u00e8mes de drainage en BFUP zeroUltra<sub>one<\/sub> dans les tunnels autoroutiers  <\/h2>\n\n\n\n<p>Les caniveaux \u00e0 fente, les bordures et les puits de siphon en mat\u00e9riau fibreux \u00e0 ultra-hautes performances (BFUP) sont devenus la nouvelle norme dans les tunnels autoroutiers suisses au cours des quatre derni\u00e8res ann\u00e9es. Avec leur \u00e9norme capacit\u00e9 de charge et leur long\u00e9vit\u00e9, ces syst\u00e8mes offrent des avantages \u00e9vidents par rapport aux caniveaux de drainage traditionnels. Nos syst\u00e8mes en BFUP zeroUltra<sub>one<\/sub> satisfont et d\u00e9passent les exigences strictes du manuel technique de l&rsquo;OFROU et sont convaincants lors de l&rsquo;installation et du fonctionnement. Gr\u00e2ce au mat\u00e9riau innovant BFUP, l&rsquo;\u00e9caillage et la d\u00e9faillance du caniveau en cas de collision sont efficacement \u00e9vit\u00e9s. Les dommages pendant le transport ou l&rsquo;installation appartiennent au pass\u00e9. En outre, BFUP zeroUltra<sub>one<\/sub> se distingue par une combinaison impressionnante de propri\u00e9t\u00e9s : Il est ductile, r\u00e9sistant \u00e0 l&rsquo;abrasion, aux produits chimiques et aux sulfates et absolument incombustible (A1). Ces avantages de mat\u00e9riau garantissent une longue dur\u00e9e de vie et minimisent les co\u00fbts de maintenance. Les parois minces des caniveaux \u00e0 fente permettent d&rsquo;\u00e9vacuer des volumes plus importants ou d&rsquo;\u00e9conomiser un espace d&rsquo;installation pr\u00e9cieux.<\/p>\n\n<\/div>\n<\/div><\/div>\n\n<div class=\"gb-grid-column gb-grid-column-53867561\"><div class=\"gb-container gb-container-53867561\">\n<section id=\"digicube-block-66e42bc9b576b\"  class=\"DEMO\" >\r\n    <div class=\"custom-slide-wrapper\">\r\n        <div class=\"custom-slider\">\r\n                        <div class=\"slick-item\">\r\n                <div class=\"slider-image\">\r\n                <img decoding=\"async\" src=\"https:\/\/mauderli.ch\/wp-content\/uploads\/2024\/09\/58757-UHFB-Neue-Materialien-im-Tiefbau-2023-7.jpg\" alt=\"58757-UHFB-Neue Materialien-im-Tiefbau-2023.indd\" \/>\r\n                <\/div>\r\n            <\/div>\r\n                        <div class=\"slick-item\">\r\n                <div class=\"slider-image\">\r\n                <img decoding=\"async\" src=\"https:\/\/mauderli.ch\/wp-content\/uploads\/2024\/09\/A4A6517_1-1-scaled.jpg\" alt=\"_A4A6517_1\" \/>\r\n                <\/div>\r\n            <\/div>\r\n                        <div class=\"slick-item\">\r\n                <div class=\"slider-image\">\r\n                <img decoding=\"async\" src=\"https:\/\/mauderli.ch\/wp-content\/uploads\/2024\/09\/1640164427579_Fin_R1_ohne_Logo.jpg\" alt=\"1640164427579_Fin_R1_ohne_Logo\" \/>\r\n                <\/div>\r\n            <\/div>\r\n                        <div class=\"slick-item\">\r\n                <div class=\"slider-image\">\r\n                <img decoding=\"async\" src=\"https:\/\/mauderli.ch\/wp-content\/uploads\/2024\/09\/IMG_8821-1-scaled.jpg\" alt=\"IMG_8821\" \/>\r\n                <\/div>\r\n            <\/div>\r\n                        <div class=\"slick-item\">\r\n                <div class=\"slider-image\">\r\n                <img decoding=\"async\" src=\"https:\/\/mauderli.ch\/wp-content\/uploads\/2024\/09\/A4A6275_1-1-scaled.jpg\" alt=\"_A4A6275_1\" \/>\r\n                <\/div>\r\n            <\/div>\r\n                        <div class=\"slick-item\">\r\n                <div class=\"slider-image\">\r\n                <img decoding=\"async\" src=\"https:\/\/mauderli.ch\/wp-content\/uploads\/2024\/09\/A4A6361_1-1-scaled.jpg\" alt=\"_A4A6361_1\" \/>\r\n                <\/div>\r\n            <\/div>\r\n                        <div class=\"slick-item\">\r\n                <div class=\"slider-image\">\r\n                <img decoding=\"async\" src=\"https:\/\/mauderli.ch\/wp-content\/uploads\/2024\/09\/IMG_8826-1-scaled.jpg\" alt=\"IMG_8826\" \/>\r\n                <\/div>\r\n            <\/div>\r\n                        <div class=\"slick-item\">\r\n                <div class=\"slider-image\">\r\n                <img decoding=\"async\" src=\"https:\/\/mauderli.ch\/wp-content\/uploads\/2024\/09\/UHFB-Siphonschacht-EHS-1-scaled.jpg\" alt=\"UHFB Siphonschacht EHS\" \/>\r\n                <\/div>\r\n            <\/div>\r\n                    <\/div>\r\n    <\/div>\r\n<\/section>\r\n\n<\/div><\/div>\n<\/div>\n<\/div>\n\n<div class=\"gb-container gb-container-c32d8553\" data-aos=\"fade-up\" data-aos-duration=\"800\">\n<div class=\"gb-grid-wrapper gb-grid-wrapper-89d7e3e2\">\n<div class=\"gb-grid-column gb-grid-column-2190ddcc\"><div class=\"gb-container gb-container-2190ddcc\">\n<section id=\"digicube-block-66e42bc9b576b\"  class=\"DEMO\" >\r\n    <div class=\"custom-slide-wrapper\">\r\n        <div class=\"custom-slider\">\r\n                        <div class=\"slick-item\">\r\n                <div class=\"slider-image\">\r\n                <img decoding=\"async\" src=\"https:\/\/mauderli.ch\/wp-content\/uploads\/2024\/09\/ea4883d0-906e-44ca-995e-49014ed24dfe_Fin_R1_ohne_Logo.jpg\" alt=\"ea4883d0-906e-44ca-995e-49014ed24dfe_Fin_R1_ohne_Logo\" \/>\r\n                <\/div>\r\n            <\/div>\r\n                        <div class=\"slick-item\">\r\n                <div class=\"slider-image\">\r\n                <img decoding=\"async\" src=\"https:\/\/mauderli.ch\/wp-content\/uploads\/2024\/09\/57fc496d-56dc-47d1-b170-52dc70a33c26_Fin_R1_ohne_Logo.jpg\" alt=\"57fc496d-56dc-47d1-b170-52dc70a33c26_Fin_R1_ohne_Logo\" \/>\r\n                <\/div>\r\n            <\/div>\r\n                    <\/div>\r\n    <\/div>\r\n<\/section>\r\n\n<\/div><\/div>\n\n<div class=\"gb-grid-column gb-grid-column-d8e27e9d\"><div class=\"gb-container gb-container-d8e27e9d\">\n<div class=\"gb-container gb-container-26367d19\">\n\n<h2 class=\"gb-headline gb-headline-c7ee95cf gb-headline-text\">Caniveaux de drainage BFUP FORCEDRAIN &#8211; la solution parfaite pour les zones \u00e0 fort trafic<\/h2>\n\n\n\n<p><\/p>\n\n\n\n<p>Nos caniveaux pour charges lourdes en BFUP zeroUltra<sub>one<\/sub> (classes de charge E600-F900) sont la solution id\u00e9ale et durable pour les syst\u00e8mes de drainage sur des surfaces fortement sollicit\u00e9es comme les autoroutes et les sites industriels. Gr\u00e2ce aux excellentes propri\u00e9t\u00e9s m\u00e9caniques de l&rsquo;BFUP, aucune protection suppl\u00e9mentaire des bords en acier inoxydable n&rsquo;est n\u00e9cessaire. Pour une s\u00e9curit\u00e9 maximale, nous proposons \u00e9galement les caniveaux pour charges lourdes avec une surface antid\u00e9rapante en option, afin de garantir une adh\u00e9rence optimale dans les zones o\u00f9 les exigences de s\u00e9curit\u00e9 sont plus \u00e9lev\u00e9es. De plus, des pi\u00e8ces de transition et des regards pr\u00e9par\u00e9s ont \u00e9t\u00e9 con\u00e7us pour garantir des raccordements faciles aux syst\u00e8mes de drainage. Les ouvertures de rin\u00e7age et les \u00e9vacuations sont directement int\u00e9gr\u00e9es dans le caniveau, ce qui augmente consid\u00e9rablement la vitesse d&rsquo;installation et rend le fonctionnement encore plus efficace et n\u00e9cessitant moins d&rsquo;entretien.<\/p>\n\n<\/div>\n<\/div><\/div>\n<\/div>\n<\/div>\n\n<div class=\"gb-container gb-container-f96403f6\" data-aos=\"fade-up\" data-aos-duration=\"800\">\n<div class=\"gb-grid-wrapper gb-grid-wrapper-28fa9451 rev_grid\">\n<div class=\"gb-grid-column gb-grid-column-d83bfaa6\"><div class=\"gb-container gb-container-d83bfaa6\">\n<div class=\"gb-container gb-container-374d2313\"><\/div>\n<\/div><\/div>\n\n<div class=\"gb-grid-column gb-grid-column-9d6294d1\"><div class=\"gb-container gb-container-9d6294d1\"><\/div><\/div>\n<\/div>\n<\/div>\n\n<div class=\"gb-container gb-container-aefb8dfd\" data-aos=\"fade-up\" data-aos-duration=\"800\">\n<div class=\"gb-grid-wrapper gb-grid-wrapper-d5359012\">\n<div class=\"gb-grid-column gb-grid-column-586b2b4e\"><div class=\"gb-container gb-container-586b2b4e\"><\/div><\/div>\n\n<div class=\"gb-grid-column gb-grid-column-f2196e3a\"><div class=\"gb-container gb-container-f2196e3a\">\n<div class=\"gb-container gb-container-bf3a829a\">\n\n<h2 class=\"gb-headline gb-headline-1426e561 gb-headline-text\"><\/h2>\n\n\n\n<p><\/p>\n\n<\/div>\n<\/div><\/div>\n<\/div>\n<\/div>\n\n\n<p><\/p>\n","protected":false},"excerpt":{"rendered":"","protected":false},"author":1,"featured_media":2022,"parent":0,"menu_order":0,"comment_status":"closed","ping_status":"closed","template":"","meta":{"_acf_changed":false,"inline_featured_image":false,"footnotes":""},"class_list":["post-3014","page","type-page","status-publish","has-post-thumbnail"],"acf":[],"_links":{"self":[{"href":"https:\/\/mauderli.ch\/fr\/wp-json\/wp\/v2\/pages\/3014","targetHints":{"allow":["GET"]}}],"collection":[{"href":"https:\/\/mauderli.ch\/fr\/wp-json\/wp\/v2\/pages"}],"about":[{"href":"https:\/\/mauderli.ch\/fr\/wp-json\/wp\/v2\/types\/page"}],"author":[{"embeddable":true,"href":"https:\/\/mauderli.ch\/fr\/wp-json\/wp\/v2\/users\/1"}],"replies":[{"embeddable":true,"href":"https:\/\/mauderli.ch\/fr\/wp-json\/wp\/v2\/comments?post=3014"}],"version-history":[{"count":5,"href":"https:\/\/mauderli.ch\/fr\/wp-json\/wp\/v2\/pages\/3014\/revisions"}],"predecessor-version":[{"id":4432,"href":"https:\/\/mauderli.ch\/fr\/wp-json\/wp\/v2\/pages\/3014\/revisions\/4432"}],"wp:featuredmedia":[{"embeddable":true,"href":"https:\/\/mauderli.ch\/fr\/wp-json\/wp\/v2\/media\/2022"}],"wp:attachment":[{"href":"https:\/\/mauderli.ch\/fr\/wp-json\/wp\/v2\/media?parent=3014"}],"curies":[{"name":"wp","href":"https:\/\/api.w.org\/{rel}","templated":true}]}}