{"id":3007,"date":"2024-09-16T15:17:18","date_gmt":"2024-09-16T13:17:18","guid":{"rendered":"https:\/\/mauderli.ch\/tubes\/"},"modified":"2025-01-10T09:33:59","modified_gmt":"2025-01-10T08:33:59","slug":"tubes","status":"publish","type":"page","link":"https:\/\/mauderli.ch\/fr\/tubes\/","title":{"rendered":"Tubes"},"content":{"rendered":"<div class=\"gb-container gb-container-6b1170d7\" data-aos=\"fade-up\" data-aos-duration=\"800\">\n<div class=\"gb-grid-wrapper gb-grid-wrapper-1d51386e rev_grid_mob\">\n<div class=\"gb-grid-column gb-grid-column-87913fb3\"><div class=\"gb-container gb-container-87913fb3\">\n<div class=\"gb-container gb-container-61eb29a6\">\n<h1 class=\"gb-headline gb-headline-2588b5e4 gb-headline-text\">Tubes<\/h1>\n\n\n<p class=\"f__25\">Nous d\u00e9veloppons et produisons des syst\u00e8mes complets de tuyaux pour le drainage, l&rsquo;alimentation et la protection des c\u00e2bles. Nous proposons en outre la plus grande gamme de raccords de Suisse et fabriquons des raccords sp\u00e9ciaux selon vos exigences sp\u00e9cifiques dans des d\u00e9lais tr\u00e8s courts. <\/p>\n\n<\/div>\n<\/div><\/div>\n\n<div class=\"gb-grid-column gb-grid-column-89feef3b\"><div class=\"gb-container gb-container-89feef3b\">\n<figure class=\"gb-block-image gb-block-image-4b7a698d\"><img decoding=\"async\" width=\"952\" height=\"926\" src=\"https:\/\/mauderli.ch\/wp-content\/uploads\/2024\/09\/A4A9000_Fin.jpg\" class=\"gb-image-4b7a698d main__image__height\" alt=\"\" srcset=\"https:\/\/mauderli.ch\/wp-content\/uploads\/2024\/09\/A4A9000_Fin.jpg 952w, https:\/\/mauderli.ch\/wp-content\/uploads\/2024\/09\/A4A9000_Fin-300x292.jpg 300w, https:\/\/mauderli.ch\/wp-content\/uploads\/2024\/09\/A4A9000_Fin-768x747.jpg 768w\" sizes=\"(max-width: 952px) 100vw, 952px\" \/><\/figure>\n<\/div><\/div>\n<\/div>\n<\/div><div class=\"gb-container gb-container-c32d8553\" data-aos=\"fade-up\" data-aos-duration=\"800\">\n<div class=\"gb-grid-wrapper gb-grid-wrapper-89d7e3e2\">\n<div class=\"gb-grid-column gb-grid-column-2190ddcc\"><div class=\"gb-container gb-container-2190ddcc\">\n<section id=\"digicube-block-66e42bc9b576b\"  class=\"DEMO\" >\r\n    <div class=\"custom-slide-wrapper\">\r\n        <div class=\"custom-slider\">\r\n                        <div class=\"slick-item\">\r\n                <div class=\"slider-image\">\r\n                <img decoding=\"async\" src=\"https:\/\/mauderli.ch\/wp-content\/uploads\/2024\/09\/EHS-1.jpg\" alt=\"EHS-1\" \/>\r\n                <\/div>\r\n            <\/div>\r\n                        <div class=\"slick-item\">\r\n                <div class=\"slider-image\">\r\n                <img decoding=\"async\" src=\"https:\/\/mauderli.ch\/wp-content\/uploads\/2024\/09\/EHS2.jpg\" alt=\"EHS2\" \/>\r\n                <\/div>\r\n            <\/div>\r\n                        <div class=\"slick-item\">\r\n                <div class=\"slider-image\">\r\n                <img decoding=\"async\" src=\"https:\/\/mauderli.ch\/wp-content\/uploads\/2024\/09\/Mauderli_Stapler_0263_RGB_oL-scaled.jpg\" alt=\"Mauderli_Stapler_0263_RGB_oL\" \/>\r\n                <\/div>\r\n            <\/div>\r\n                        <div class=\"slick-item\">\r\n                <div class=\"slider-image\">\r\n                <img decoding=\"async\" src=\"https:\/\/mauderli.ch\/wp-content\/uploads\/2024\/09\/DSC00078_MLook_ohne_Fremdlogo-scaled.jpg\" alt=\"DSC00078_MLook_ohne_Fremdlogo\" \/>\r\n                <\/div>\r\n            <\/div>\r\n                        <div class=\"slick-item\">\r\n                <div class=\"slider-image\">\r\n                <img decoding=\"async\" src=\"https:\/\/mauderli.ch\/wp-content\/uploads\/2024\/09\/DSC00714_MLook_ohne_Fremdlogo-scaled.jpg\" alt=\"DSC00714_MLook_ohne_Fremdlogo\" \/>\r\n                <\/div>\r\n            <\/div>\r\n                        <div class=\"slick-item\">\r\n                <div class=\"slider-image\">\r\n                <img decoding=\"async\" src=\"https:\/\/mauderli.ch\/wp-content\/uploads\/2024\/09\/Image-scaled.jpg\" alt=\"Image\" \/>\r\n                <\/div>\r\n            <\/div>\r\n                    <\/div>\r\n    <\/div>\r\n<\/section>\r\n\n<\/div><\/div>\n\n<div class=\"gb-grid-column gb-grid-column-d8e27e9d\"><div class=\"gb-container gb-container-d8e27e9d\">\n<div class=\"gb-container gb-container-26367d19\">\n\n<h2 class=\"gb-headline gb-headline-c7ee95cf gb-headline-text\">Tuyaux d&rsquo;\u00e9gout et de drainage<\/h2>\n\n\n\n<p>MAUDERLI produit et fournit des syst\u00e8mes complets de tuyaux de drainage en PE et PP avec des diam\u00e8tres allant jusqu&rsquo;\u00e0 DN 1200 mm. Nous proposons ces syst\u00e8mes de tuyaux avec diff\u00e9rentes possibilit\u00e9s de raccordement, comme par exemple un raccordement par embo\u00eetement, un raccordement soud\u00e9 ou un raccordement \u00e0 bride fixe. Nous fabriquons tous les raccords n\u00e9cessaires. \u00c0 partir du DN 250, nous fabriquons tous les raccords \u00e0 la m\u00eame semelle que nos s\u00e9ries de tubes. Nos syst\u00e8mes de tuyaux se distinguent ainsi par une \u00e9paisseur de paroi et une rigidit\u00e9 annulaire constantes, ce qui garantit des solutions hydrauliques parfaites et durables.   <\/p>\n\n\n\n<a class=\"gb-button gb-button-da194a8e gb-button-text\" href=\"https:\/\/mauderli.ch\/wp-content\/uploads\/2024\/12\/42392-BR_RIDUR_SN4_8_12_14_DE_03-06-2019.pdf\" target=\"_blank\" rel=\"noopener noreferrer\">Voir le catalogue<\/a>\n\n<\/div>\n<\/div><\/div>\n<\/div>\n<\/div><div class=\"gb-container gb-container-51607e90\" data-aos=\"fade-up\" data-aos-duration=\"800\">\n<div class=\"gb-grid-wrapper gb-grid-wrapper-1d28fa6d rev_grid\">\n<div class=\"gb-grid-column gb-grid-column-377bec52\"><div class=\"gb-container gb-container-377bec52\">\n<div class=\"gb-container gb-container-149acbf5\">\n\n<h2 class=\"gb-headline gb-headline-65181776 gb-headline-text\">Gaines pour c\u00e2bles<\/h2>\n\n\n\n<p>Chez MAUDERLI, nous vous proposons des syst\u00e8mes complets de tubes de protection de c\u00e2bles en PE et PP, fabriqu\u00e9s au choix \u00e0 partir de mat\u00e9riaux recycl\u00e9s durables ou de mat\u00e9riaux neufs &#8211; exactement adapt\u00e9s \u00e0 vos exigences individuelles. Nos coudes sont fabriqu\u00e9s en PELD, PEHD ou PP et sont disponibles en dimensions standard ou en solutions sur mesure. Pour la pose pr\u00e9cise de conduites industrielles, nous vous proposons des entretoises et des dispositifs de montage standard ou personnalis\u00e9s, qui r\u00e9pondent exactement aux exigences sp\u00e9cifiques de votre projet. D\u00e9couvrez \u00e9galement notre large gamme de pi\u00e8ces moul\u00e9es pour la protection des c\u00e2bles. Nos produits garantissent une protection fiable et une longue dur\u00e9e de vie de votre infrastructure de c\u00e2blage, m\u00eame dans les environnements les plus difficiles.    <\/p>\n\n\n\n<a class=\"gb-button gb-button-4f147a7e gb-button-text\" href=\"https:\/\/mauderli.ch\/wp-content\/uploads\/2025\/01\/61312-BR-Kabelschutz-DE-2.pdf\" target=\"_blank\" rel=\"noopener noreferrer\">Voir le catalogue<\/a>\n\n<\/div>\n<\/div><\/div>\n\n<div class=\"gb-grid-column gb-grid-column-20d77a80\"><div class=\"gb-container gb-container-20d77a80\">\n<section id=\"digicube-block-66e42bc9b576b\"  class=\"DEMO\" >\r\n    <div class=\"custom-slide-wrapper\">\r\n        <div class=\"custom-slider\">\r\n                        <div class=\"slick-item\">\r\n                <div class=\"slider-image\">\r\n                <img decoding=\"async\" src=\"https:\/\/mauderli.ch\/wp-content\/uploads\/2024\/09\/A4A0380_ohne_Fremdlogo-1.jpg\" alt=\"_A4A0380_ohne_Fremdlogo (1)\" \/>\r\n                <\/div>\r\n            <\/div>\r\n                        <div class=\"slick-item\">\r\n                <div class=\"slider-image\">\r\n                <img decoding=\"async\" src=\"https:\/\/mauderli.ch\/wp-content\/uploads\/2024\/09\/DSC00927-_MLook_ohne_Fremdlogo.jpg\" alt=\"DSC00927 _MLook_ohne_Fremdlogo\" \/>\r\n                <\/div>\r\n            <\/div>\r\n                        <div class=\"slick-item\">\r\n                <div class=\"slider-image\">\r\n                <img decoding=\"async\" src=\"https:\/\/mauderli.ch\/wp-content\/uploads\/2024\/09\/A4A1233_ohne_Fremdlogos-scaled.jpg\" alt=\"_A4A1233_ohne_Fremdlogos\" \/>\r\n                <\/div>\r\n            <\/div>\r\n                        <div class=\"slick-item\">\r\n                <div class=\"slider-image\">\r\n                <img decoding=\"async\" src=\"https:\/\/mauderli.ch\/wp-content\/uploads\/2024\/09\/ANSQ8174_Fin_R1_ohne_Logo.jpg\" alt=\"ANSQ8174_Fin_R1_ohne_Logo\" \/>\r\n                <\/div>\r\n            <\/div>\r\n                        <div class=\"slick-item\">\r\n                <div class=\"slider-image\">\r\n                <img decoding=\"async\" src=\"https:\/\/mauderli.ch\/wp-content\/uploads\/2024\/09\/Mauderli_Werkhof_0200_Walo-_MLook_ohne_Fremdlogo-scaled.jpg\" alt=\"Mauderli_Werkhof_0200_Walo _MLook_ohne_Fremdlogo\" \/>\r\n                <\/div>\r\n            <\/div>\r\n                        <div class=\"slick-item\">\r\n                <div class=\"slider-image\">\r\n                <img decoding=\"async\" src=\"https:\/\/mauderli.ch\/wp-content\/uploads\/2024\/09\/UWAR9681_Fin_R1_ohne_Logo.jpg\" alt=\"UWAR9681_Fin_R1_ohne_Logo\" \/>\r\n                <\/div>\r\n            <\/div>\r\n                    <\/div>\r\n    <\/div>\r\n<\/section>\r\n\n<\/div><\/div>\n<\/div>\n<\/div><div class=\"gb-container gb-container-d3f38cb4\" data-aos=\"fade-up\" data-aos-duration=\"800\">\n<div class=\"gb-grid-wrapper gb-grid-wrapper-0ade41d8\">\n<div class=\"gb-grid-column gb-grid-column-9d37429b\"><div class=\"gb-container gb-container-9d37429b\">\n<section id=\"digicube-block-66e42bc9b576b\"  class=\"DEMO\" >\r\n    <div class=\"custom-slide-wrapper\">\r\n        <div class=\"custom-slider\">\r\n                        <div class=\"slick-item\">\r\n                <div class=\"slider-image\">\r\n                <img decoding=\"async\" src=\"https:\/\/mauderli.ch\/wp-content\/uploads\/2024\/09\/IMG_7542-_MLook_ohne_Fremdlogo.jpg\" alt=\"IMG_7542 _MLook_ohne_Fremdlogo\" \/>\r\n                <\/div>\r\n            <\/div>\r\n                        <div class=\"slick-item\">\r\n                <div class=\"slider-image\">\r\n                <img decoding=\"async\" src=\"https:\/\/mauderli.ch\/wp-content\/uploads\/2024\/09\/E0A84FAD-7F53-46DD-9322-389485DA5DEC_MLook_ohne_Fremdlogo-scaled.jpg\" alt=\"E0A84FAD-7F53-46DD-9322-389485DA5DEC_MLook_ohne_Fremdlogo\" \/>\r\n                <\/div>\r\n            <\/div>\r\n                        <div class=\"slick-item\">\r\n                <div class=\"slider-image\">\r\n                <img decoding=\"async\" src=\"https:\/\/mauderli.ch\/wp-content\/uploads\/2024\/09\/DSC00714_MLook_ohne_Fremdlogo-1-scaled.jpg\" alt=\"DSC00714_MLook_ohne_Fremdlogo\" \/>\r\n                <\/div>\r\n            <\/div>\r\n                    <\/div>\r\n    <\/div>\r\n<\/section>\r\n\n<\/div><\/div>\n\n<div class=\"gb-grid-column gb-grid-column-0718ac6a\"><div class=\"gb-container gb-container-0718ac6a\">\n<div class=\"gb-container gb-container-1a382f34\">\n\n<h2 class=\"gb-headline gb-headline-412ee849 gb-headline-text\">Tuyaux sous pression<\/h2>\n\n\n\n<p>MAUDERLI vous propose une gamme compl\u00e8te de tuyaux de pression et de raccords en poly\u00e9thyl\u00e8ne (PE) pour les applications d&rsquo;approvisionnement exigeantes dans les domaines de l&rsquo;eau, du gaz, des eaux us\u00e9es, de l&rsquo;\u00e9nergie et de l&rsquo;industrie. Nos tuyaux de refoulement sont r\u00e9alis\u00e9s dans les mat\u00e9riaux de haute qualit\u00e9 PE100, PE100RC ou avec une gaine de protection suppl\u00e9mentaire en polypropyl\u00e8ne (PP) et sont disponibles dans des diam\u00e8tres allant jusqu&rsquo;\u00e0 DN 1200 mm. Une gamme vari\u00e9e d&rsquo;accessoires comprenant des raccords, des raccords \u00e0 souder, des brides ainsi que des outils et des machines adapt\u00e9s compl\u00e8te parfaitement notre programme de livraison. Nous vous proposons ainsi tout ce dont vous avez besoin pour une installation efficace et pr\u00e9cise de vos syst\u00e8mes de canalisations sous pression &#8211; d&rsquo;une seule source et parfaitement coordonn\u00e9e. Faites confiance \u00e0 nos produits de haute qualit\u00e9 pour une infrastructure d&rsquo;approvisionnement fiable et durable.    <br\/><\/p>\n\n<\/div>\n<\/div><\/div>\n<\/div>\n<\/div><div class=\"gb-container gb-container-898f0829\" data-aos=\"fade-up\" data-aos-duration=\"800\">\n<div class=\"gb-grid-wrapper gb-grid-wrapper-9a65edd8 rev_grid\">\n<div class=\"gb-grid-column gb-grid-column-4f85fd66\"><div class=\"gb-container gb-container-4f85fd66\">\n<div class=\"gb-container gb-container-b71085d0\">\n\n<h2 class=\"gb-headline gb-headline-b8f67435 gb-headline-text\">Tubes ondul\u00e9s<\/h2>\n\n\n\n<p>Notre syst\u00e8me de tuyaux ondul\u00e9s pour l&rsquo;eau propre et l&rsquo;eau de pluie, y compris une gamme compl\u00e8te de raccords, est bas\u00e9 sur une conception optimis\u00e9e des tuyaux qui offre \u00e0 la fois s\u00e9curit\u00e9 et flexibilit\u00e9. Les tuyaux \u00e0 double paroi constituent une alternative rentable \u00e0 nos syst\u00e8mes \u00e0 paroi pleine. <br\/><\/p>\n\n\n\n<p><\/p>\n\n<\/div>\n<\/div><\/div>\n\n<div class=\"gb-grid-column gb-grid-column-1729faea\"><div class=\"gb-container gb-container-1729faea\">\n<section id=\"digicube-block-66e42bc9b576b\"  class=\"DEMO\" >\r\n    <div class=\"custom-slide-wrapper\">\r\n        <div class=\"custom-slider\">\r\n                        <div class=\"slick-item\">\r\n                <div class=\"slider-image\">\r\n                <img decoding=\"async\" src=\"https:\/\/mauderli.ch\/wp-content\/uploads\/2024\/09\/DJI_0200_Walo_MLook_ohne_Fremdlogo-scaled.jpg\" alt=\"DCIM100MEDIADJI_0200.JPG\" \/>\r\n                <\/div>\r\n            <\/div>\r\n                        <div class=\"slick-item\">\r\n                <div class=\"slider-image\">\r\n                <img decoding=\"async\" src=\"https:\/\/mauderli.ch\/wp-content\/uploads\/2024\/09\/DJI_0195-_MLook_ohne_Fremdlogo-scaled.jpg\" alt=\"DCIM100MEDIADJI_0195.JPG\" \/>\r\n                <\/div>\r\n            <\/div>\r\n                        <div class=\"slick-item\">\r\n                <div class=\"slider-image\">\r\n                <img decoding=\"async\" src=\"https:\/\/mauderli.ch\/wp-content\/uploads\/2024\/09\/DSC00565_MLook_ohne_Fremdlogo-scaled.jpg\" alt=\"DSC00565_MLook_ohne_Fremdlogo\" \/>\r\n                <\/div>\r\n            <\/div>\r\n                    <\/div>\r\n    <\/div>\r\n<\/section>\r\n\n<\/div><\/div>\n<\/div>\n<\/div><div class=\"gb-container gb-container-5aeef67d\" data-aos=\"fade-up\" data-aos-duration=\"800\">\n<div class=\"gb-grid-wrapper gb-grid-wrapper-1c107fc2\">\n<div class=\"gb-grid-column gb-grid-column-34a6e0fd\"><div class=\"gb-container gb-container-34a6e0fd\">\n<section id=\"digicube-block-66e42bc9b576b\"  class=\"DEMO\" >\r\n    <div class=\"custom-slide-wrapper\">\r\n        <div class=\"custom-slider\">\r\n                        <div class=\"slick-item\">\r\n                <div class=\"slider-image\">\r\n                <img decoding=\"async\" src=\"https:\/\/mauderli.ch\/wp-content\/uploads\/2024\/09\/DSC02976-Kopie-scaled.jpg\" alt=\"DSC02976 Kopie\" \/>\r\n                <\/div>\r\n            <\/div>\r\n                    <\/div>\r\n    <\/div>\r\n<\/section>\r\n\n<\/div><\/div>\n\n<div class=\"gb-grid-column gb-grid-column-4dc2002c\"><div class=\"gb-container gb-container-4dc2002c\">\n<div class=\"gb-container gb-container-721de37d\">\n\n<p><\/p>\n\n\n\n<h2 class=\"gb-headline gb-headline-ce71a36a gb-headline-text\">Tubes d&rsquo;enroulement<\/h2>\n\n\n\n<p>Nos tubes enroul\u00e9s sont fabriqu\u00e9s gr\u00e2ce \u00e0 un proc\u00e9d\u00e9 d&rsquo;enroulement innovant. Ce proc\u00e9d\u00e9 consiste \u00e0 enrouler une bande plastifi\u00e9e homog\u00e8ne en spirale autour d&rsquo;un noyau en acier robuste et \u00e0 la relier solidement par des chevauchements. Le noyau interne solide garantit un diam\u00e8tre interne constant. Diff\u00e9rentes \u00e9paisseurs et nuances de paroi permettent d&rsquo;obtenir les rigidit\u00e9s annulaires souhait\u00e9es. Nous fabriquons des tubes d&rsquo;enroulement d&rsquo;un diam\u00e8tre allant jusqu&rsquo;\u00e0 3 m\u00e8tres.    <\/p>\n\n\n\n<p><\/p>\n\n<\/div>\n<\/div><\/div>\n<\/div>\n<\/div><div class=\"gb-container gb-container-56e6e966\" data-aos=\"fade-up\" data-aos-duration=\"800\">\n<div class=\"gb-grid-wrapper gb-grid-wrapper-65e046ac rev_grid\">\n<div class=\"gb-grid-column gb-grid-column-d3c2c55f\"><div class=\"gb-container gb-container-d3c2c55f\">\n<div class=\"gb-container gb-container-ce437bb1\">\n\n<h2 class=\"gb-headline gb-headline-d77fed8a gb-headline-text\">Tuyauterie en tant que pr\u00e9fabrication<\/h2>\n\n\n\n<p>Pour vous \u00e9viter de perdre un temps pr\u00e9cieux sur le chantier, nous proposons des tuyauteries soud\u00e9es pr\u00e9fabriqu\u00e9es sur mesure. Celles-ci sont \u00e9tir\u00e9es avec pr\u00e9cision, planifi\u00e9es, produites et livr\u00e9es dans les d\u00e9lais par MAUDERLI afin de garantir une installation efficace sur site. <\/p>\n\n<\/div>\n<\/div><\/div>\n\n<div class=\"gb-grid-column gb-grid-column-53867561\"><div class=\"gb-container gb-container-53867561\">\n<section id=\"digicube-block-66e42bc9b576b\"  class=\"DEMO\" >\r\n    <div class=\"custom-slide-wrapper\">\r\n        <div class=\"custom-slider\">\r\n                        <div class=\"slick-item\">\r\n                <div class=\"slider-image\">\r\n                <img decoding=\"async\" src=\"https:\/\/mauderli.ch\/wp-content\/uploads\/2024\/09\/A4A8958_Fin-scaled.jpg\" alt=\"_A4A8958_Fin\" \/>\r\n                <\/div>\r\n            <\/div>\r\n                        <div class=\"slick-item\">\r\n                <div class=\"slider-image\">\r\n                <img decoding=\"async\" src=\"https:\/\/mauderli.ch\/wp-content\/uploads\/2024\/09\/A4A9000_Fin-2-scaled.jpg\" alt=\"_A4A9000_Fin\" \/>\r\n                <\/div>\r\n            <\/div>\r\n                        <div class=\"slick-item\">\r\n                <div class=\"slider-image\">\r\n                <img decoding=\"async\" src=\"https:\/\/mauderli.ch\/wp-content\/uploads\/2024\/09\/A4A9029_Fin-scaled.jpg\" alt=\"_A4A9029_Fin\" \/>\r\n                <\/div>\r\n            <\/div>\r\n                        <div class=\"slick-item\">\r\n                <div class=\"slider-image\">\r\n                <img decoding=\"async\" src=\"https:\/\/mauderli.ch\/wp-content\/uploads\/2024\/09\/A4A9034_Fin-scaled.jpg\" alt=\"_A4A9034_Fin\" \/>\r\n                <\/div>\r\n            <\/div>\r\n                        <div class=\"slick-item\">\r\n                <div class=\"slider-image\">\r\n                <img decoding=\"async\" src=\"https:\/\/mauderli.ch\/wp-content\/uploads\/2024\/09\/A4A9076_Fin-scaled.jpg\" alt=\"_A4A9076_Fin\" \/>\r\n                <\/div>\r\n            <\/div>\r\n                        <div class=\"slick-item\">\r\n                <div class=\"slider-image\">\r\n                <img decoding=\"async\" src=\"https:\/\/mauderli.ch\/wp-content\/uploads\/2024\/09\/A4A9102_Fin-scaled.jpg\" alt=\"_A4A9102_Fin\" \/>\r\n                <\/div>\r\n            <\/div>\r\n                        <div class=\"slick-item\">\r\n                <div class=\"slider-image\">\r\n                <img decoding=\"async\" src=\"https:\/\/mauderli.ch\/wp-content\/uploads\/2024\/09\/A4A9133_Fin-scaled.jpg\" alt=\"_A4A9133_Fin\" \/>\r\n                <\/div>\r\n            <\/div>\r\n                    <\/div>\r\n    <\/div>\r\n<\/section>\r\n\n<\/div><\/div>\n<\/div>\n<\/div>\n<p><\/p>\n","protected":false},"excerpt":{"rendered":"","protected":false},"author":1,"featured_media":2001,"parent":0,"menu_order":0,"comment_status":"closed","ping_status":"closed","template":"","meta":{"_acf_changed":false,"inline_featured_image":false,"footnotes":""},"class_list":["post-3007","page","type-page","status-publish","has-post-thumbnail"],"acf":[],"_links":{"self":[{"href":"https:\/\/mauderli.ch\/fr\/wp-json\/wp\/v2\/pages\/3007","targetHints":{"allow":["GET"]}}],"collection":[{"href":"https:\/\/mauderli.ch\/fr\/wp-json\/wp\/v2\/pages"}],"about":[{"href":"https:\/\/mauderli.ch\/fr\/wp-json\/wp\/v2\/types\/page"}],"author":[{"embeddable":true,"href":"https:\/\/mauderli.ch\/fr\/wp-json\/wp\/v2\/users\/1"}],"replies":[{"embeddable":true,"href":"https:\/\/mauderli.ch\/fr\/wp-json\/wp\/v2\/comments?post=3007"}],"version-history":[{"count":8,"href":"https:\/\/mauderli.ch\/fr\/wp-json\/wp\/v2\/pages\/3007\/revisions"}],"predecessor-version":[{"id":4282,"href":"https:\/\/mauderli.ch\/fr\/wp-json\/wp\/v2\/pages\/3007\/revisions\/4282"}],"wp:featuredmedia":[{"embeddable":true,"href":"https:\/\/mauderli.ch\/fr\/wp-json\/wp\/v2\/media\/2001"}],"wp:attachment":[{"href":"https:\/\/mauderli.ch\/fr\/wp-json\/wp\/v2\/media?parent=3007"}],"curies":[{"name":"wp","href":"https:\/\/api.w.org\/{rel}","templated":true}]}}