{"id":2988,"date":"2024-09-13T14:10:04","date_gmt":"2024-09-13T12:10:04","guid":{"rendered":"https:\/\/mauderli.ch\/puits\/"},"modified":"2024-11-25T16:39:40","modified_gmt":"2024-11-25T15:39:40","slug":"puits","status":"publish","type":"page","link":"https:\/\/mauderli.ch\/fr\/puits\/","title":{"rendered":"Puits"},"content":{"rendered":"<div class=\"gb-container gb-container-6b1170d7\" data-aos=\"fade-up\" data-aos-duration=\"800\">\n<div class=\"gb-grid-wrapper gb-grid-wrapper-1d51386e rev_grid_mob\">\n<div class=\"gb-grid-column gb-grid-column-87913fb3\"><div class=\"gb-container gb-container-87913fb3\">\n<div class=\"gb-container gb-container-61eb29a6\">\n<h1 class=\"gb-headline gb-headline-2588b5e4 gb-headline-text\">Puits<\/h1>\n\n\n<p class=\"f__25\">Nous proposons une gamme compl\u00e8te de regards de visite pour le drainage, l&rsquo;alimentation et la protection des c\u00e2bles. Nous fabriquons des regards en b\u00e9ton, en plastique ou en BFUP zeroUltra<sub>one<\/sub>, le mat\u00e9riau de construction de l&rsquo;avenir dans la construction d&rsquo;infrastructures, en fonction de vos besoins individuels sur le chantier.<\/p>\n\n\n\n<p class=\"f__25\">Gr\u00e2ce aux propri\u00e9t\u00e9s du BFUP zeroUltra<sub>one<\/sub> et aux \u00e9paisseurs de paroi extr\u00eamement fines qui en r\u00e9sultent, il est possible de fabriquer des structures de puits pr\u00e9fabriqu\u00e9es qui n&rsquo;\u00e9taient jusqu&rsquo;\u00e0 pr\u00e9sent r\u00e9alisables qu&rsquo;en b\u00e9ton coul\u00e9 sur place.<\/p>\n\n<\/div>\n<\/div><\/div>\n\n<div class=\"gb-grid-column gb-grid-column-89feef3b\"><div class=\"gb-container gb-container-89feef3b\">\n<figure class=\"gb-block-image gb-block-image-4b7a698d\"><img decoding=\"async\" width=\"830\" height=\"926\" src=\"https:\/\/mauderli.ch\/wp-content\/uploads\/2024\/09\/A4A4351_ohne_Fremdlogo-2.jpg\" class=\"gb-image-4b7a698d main__image__height\" alt=\"\" srcset=\"https:\/\/mauderli.ch\/wp-content\/uploads\/2024\/09\/A4A4351_ohne_Fremdlogo-2.jpg 830w, https:\/\/mauderli.ch\/wp-content\/uploads\/2024\/09\/A4A4351_ohne_Fremdlogo-2-269x300.jpg 269w, https:\/\/mauderli.ch\/wp-content\/uploads\/2024\/09\/A4A4351_ohne_Fremdlogo-2-768x857.jpg 768w\" sizes=\"(max-width: 830px) 100vw, 830px\" \/><\/figure>\n<\/div><\/div>\n<\/div>\n<\/div>\n\n<div class=\"gb-container gb-container-f91b1acd\" data-aos=\"fade-up\" data-aos-duration=\"800\">\n<div class=\"gb-grid-wrapper gb-grid-wrapper-e578118e rev_grid\">\n<div class=\"gb-grid-column gb-grid-column-739b36d1\"><div class=\"gb-container gb-container-739b36d1\">\n<div class=\"gb-container gb-container-fb9ae985\">\n\n<h2 class=\"gb-headline gb-headline-6b8c4ead gb-headline-text\">Syst\u00e8me de regards de visite RIDUR en b\u00e9ton<\/h2>\n\n\n\n<p><\/p>\n\n\n\n<a class=\"gb-button gb-button-6118987f gb-button-text\" href=\"https:\/\/mauderli.ch\/fr\/puits\/systeme-de-regards-de-visite-ridur-en-beton\/\">En savoir plus<\/a>\n\n<\/div>\n<\/div><\/div>\n\n<div class=\"gb-grid-column gb-grid-column-1ebc76cc\"><div class=\"gb-container gb-container-1ebc76cc\">\n<section id=\"digicube-block-66e42bc9b576b\"  class=\"DEMO\" >\r\n    <div class=\"custom-slide-wrapper\">\r\n        <div class=\"custom-slider\">\r\n                        <div class=\"slick-item\">\r\n                <div class=\"slider-image\">\r\n                <img decoding=\"async\" src=\"https:\/\/mauderli.ch\/wp-content\/uploads\/2024\/09\/Mauderli_Schacht8-3.jpg\" alt=\"Mauderli_Schacht8\" \/>\r\n                <\/div>\r\n            <\/div>\r\n                    <\/div>\r\n    <\/div>\r\n<\/section>\r\n\n<\/div><\/div>\n<\/div>\n<\/div>\n\n<div class=\"gb-container gb-container-9b97b049\" data-aos=\"800\">\n<div class=\"gb-container gb-container-d081e473\">\n<div class=\"gb-grid-wrapper gb-grid-wrapper-5695c2d5\">\n<div class=\"gb-grid-column gb-grid-column-77e0b8e8\"><div class=\"gb-container gb-container-77e0b8e8\">\n<div class=\"gb-container gb-container-dfb9ec4f\">\n<section id=\"digicube-block-66e42bc9b576b\"  class=\"DEMO\" >\r\n    <div class=\"custom-slide-wrapper\">\r\n        <div class=\"custom-slider\">\r\n                        <div class=\"slick-item\">\r\n                <div class=\"slider-image\">\r\n                <img decoding=\"async\" src=\"https:\/\/mauderli.ch\/wp-content\/uploads\/2024\/09\/A4A4351_ohne_Fremdlogo-1.jpg\" alt=\"_A4A4351_ohne_Fremdlogo\" \/>\r\n                <\/div>\r\n            <\/div>\r\n                    <\/div>\r\n    <\/div>\r\n<\/section>\r\n\n<\/div>\n<\/div><\/div>\n\n<div class=\"gb-grid-column gb-grid-column-ad491f21\"><div class=\"gb-container gb-container-ad491f21\">\n<div class=\"gb-container gb-container-6950ccee\">\n\n<h2 class=\"gb-headline gb-headline-bd3c7eff gb-headline-text\">Regards en plastique<\/h2>\n\n\n\n<p>Nous proposons des chambres de contr\u00f4le, des chambres de pompage et des chambres \u00e0 vannes, des collecteurs de boues ainsi que des destructeurs d&rsquo;\u00e9nergie sous forme de syst\u00e8me complet.<\/p>\n\n\n\n<a class=\"gb-button gb-button-67efffca gb-button-text\" href=\"https:\/\/mauderli.ch\/fr\/puits\/regards-en-plastique\/\">En savoir plus<\/a>\n\n<\/div>\n<\/div><\/div>\n<\/div>\n<\/div>\n<\/div>\n\n<div class=\"gb-container gb-container-78af713f\" data-aos=\"fade-up\" data-aos-duration=\"800\">\n<div class=\"gb-grid-wrapper gb-grid-wrapper-53fc9831 rev_grid\">\n<div class=\"gb-grid-column gb-grid-column-1019fdaa\"><div class=\"gb-container gb-container-1019fdaa\">\n<div class=\"gb-container gb-container-d330b22c\">\n\n<h2 class=\"gb-headline gb-headline-f883136d gb-headline-text\">Gaines de c\u00e2bles en BFUP zeroUltra<sub>one<\/sub><\/h2>\n\n\n\n<p>L&rsquo;utilisation d&rsquo;un mat\u00e9riau de construction fibreux \u00e0 ultra haute performance (BFUP) permet de produire des chambres de c\u00e2bles conformes \u00e0 la norme ASTRA (A1, A2, A3, S2, S3) ainsi que des chambres de c\u00e2bles standard ou sur mesure avec des parois de faible \u00e9paisseur (4-6cm). L&rsquo;avantage d\u00e9cisif r\u00e9side dans le gain de poids consid\u00e9rable &#8211; ces chambres sont jusqu&rsquo;\u00e0 4 \u00e0 5 fois plus l\u00e9g\u00e8res que les chambres de c\u00e2bles traditionnelles en b\u00e9ton. Il en r\u00e9sulte une logistique consid\u00e9rablement simplifi\u00e9e, car les chambres peuvent \u00eatre facilement d\u00e9plac\u00e9es sur place par des engins de construction, sans qu&rsquo;il soit n\u00e9cessaire d&rsquo;utiliser un \u00e9quipement sp\u00e9cial lourd. Les raccords pr\u00e9fabriqu\u00e9s permettent \u00e9galement une pose plus rapide des gaines, ce qui acc\u00e9l\u00e8re l&rsquo;ensemble du processus de construction tout en le rendant plus durable. La r\u00e9duction des exigences en mati\u00e8re de transport et l&rsquo;utilisation plus efficace des machines contribuent \u00e0 la conservation des ressources et \u00e0 la r\u00e9duction de l&rsquo;impact environnemental. Avec le BFUP, les projets peuvent \u00eatre r\u00e9alis\u00e9s plus rapidement, de mani\u00e8re plus rentable et plus respectueuse de l&rsquo;environnement &#8211; une solution id\u00e9ale pour l&rsquo;industrie moderne de la construction.<\/p>\n\n<\/div>\n<\/div><\/div>\n\n<div class=\"gb-grid-column gb-grid-column-9459028f\"><div class=\"gb-container gb-container-9459028f\">\n<section id=\"digicube-block-66e42bc9b576b\"  class=\"DEMO\" >\r\n    <div class=\"custom-slide-wrapper\">\r\n        <div class=\"custom-slider\">\r\n                        <div class=\"slick-item\">\r\n                <div class=\"slider-image\">\r\n                <img decoding=\"async\" src=\"https:\/\/mauderli.ch\/wp-content\/uploads\/2024\/09\/A4A4277.jpg\" alt=\"_A4A4277\" \/>\r\n                <\/div>\r\n            <\/div>\r\n                        <div class=\"slick-item\">\r\n                <div class=\"slider-image\">\r\n                <img decoding=\"async\" src=\"https:\/\/mauderli.ch\/wp-content\/uploads\/2024\/09\/A4A4351_ohne_Fremdlogo-3-scaled.jpg\" alt=\"_A4A4351_ohne_Fremdlogo\" \/>\r\n                <\/div>\r\n            <\/div>\r\n                        <div class=\"slick-item\">\r\n                <div class=\"slider-image\">\r\n                <img decoding=\"async\" src=\"https:\/\/mauderli.ch\/wp-content\/uploads\/2024\/09\/IMG_20210812_095918_Fin_R1_ohne_Logo-scaled.jpg\" alt=\"IMG_20210812_095918_Fin_R1_ohne_Logo\" \/>\r\n                <\/div>\r\n            <\/div>\r\n                        <div class=\"slick-item\">\r\n                <div class=\"slider-image\">\r\n                <img decoding=\"async\" src=\"https:\/\/mauderli.ch\/wp-content\/uploads\/2024\/09\/Foto-26.02.21-13-26-07b_FREISELLER_Fin_R1_ohne_Logo-scaled.jpg\" alt=\"Foto 26.02.21, 13 26 07b_FREISELLER_Fin_R1_ohne_Logo\" \/>\r\n                <\/div>\r\n            <\/div>\r\n                        <div class=\"slick-item\">\r\n                <div class=\"slider-image\">\r\n                <img decoding=\"async\" src=\"https:\/\/mauderli.ch\/wp-content\/uploads\/2024\/09\/Foto-26.02.21-13-24-05_FREISTELLER_Fin_R1_ohne_Logo-scaled.jpg\" alt=\"Foto 26.02.21, 13 24 05_FREISTELLER_Fin_R1_ohne_Logo\" \/>\r\n                <\/div>\r\n            <\/div>\r\n                    <\/div>\r\n    <\/div>\r\n<\/section>\r\n\n<\/div><\/div>\n<\/div>\n<\/div>\n\n<div class=\"gb-container gb-container-5ddcb56a\" data-aos=\"fade-up\" data-aos-duration=\"800\">\n<div class=\"gb-grid-wrapper gb-grid-wrapper-a3125dd0\">\n<div class=\"gb-grid-column gb-grid-column-413db226\"><div class=\"gb-container gb-container-413db226\">\n<section id=\"digicube-block-66e42bc9b576b\"  class=\"DEMO\" >\r\n    <div class=\"custom-slide-wrapper\">\r\n        <div class=\"custom-slider\">\r\n                        <div class=\"slick-item\">\r\n                <div class=\"slider-image\">\r\n                <img decoding=\"async\" src=\"https:\/\/mauderli.ch\/wp-content\/uploads\/2024\/09\/99d90c8b-ef14-481f-bcc0-bc9d152fba72-2.jpg\" alt=\"99d90c8b-ef14-481f-bcc0-bc9d152fba72\" \/>\r\n                <\/div>\r\n            <\/div>\r\n                        <div class=\"slick-item\">\r\n                <div class=\"slider-image\">\r\n                <img decoding=\"async\" src=\"https:\/\/mauderli.ch\/wp-content\/uploads\/2024\/09\/cfe8e1a2-de69-4976-9756-919c97916e3e_Fin_R1_ohne_Logo-rotated-e1727384373625.jpg\" alt=\"cfe8e1a2-de69-4976-9756-919c97916e3e_Fin_R1_ohne_Logo\" \/>\r\n                <\/div>\r\n            <\/div>\r\n                        <div class=\"slick-item\">\r\n                <div class=\"slider-image\">\r\n                <img decoding=\"async\" src=\"https:\/\/mauderli.ch\/wp-content\/uploads\/2024\/09\/d21fb275-2b9d-4dbb-abab-353fdbe03de7.jpg\" alt=\"d21fb275-2b9d-4dbb-abab-353fdbe03de7\" \/>\r\n                <\/div>\r\n            <\/div>\r\n                        <div class=\"slick-item\">\r\n                <div class=\"slider-image\">\r\n                <img decoding=\"async\" src=\"https:\/\/mauderli.ch\/wp-content\/uploads\/2024\/09\/IMG_3555_Fin_R1_ohne_Logo-scaled.jpg\" alt=\"IMG_3555_Fin_R1_ohne_Logo\" \/>\r\n                <\/div>\r\n            <\/div>\r\n                        <div class=\"slick-item\">\r\n                <div class=\"slider-image\">\r\n                <img decoding=\"async\" src=\"https:\/\/mauderli.ch\/wp-content\/uploads\/2024\/09\/IMG_8341-scaled.jpg\" alt=\"IMG_8341\" \/>\r\n                <\/div>\r\n            <\/div>\r\n                        <div class=\"slick-item\">\r\n                <div class=\"slider-image\">\r\n                <img decoding=\"async\" src=\"https:\/\/mauderli.ch\/wp-content\/uploads\/2024\/09\/IMG_8736_Fin_R1_ohne_Logo-1-scaled.jpg\" alt=\"IMG_8736_Fin_R1_ohne_Logo\" \/>\r\n                <\/div>\r\n            <\/div>\r\n                    <\/div>\r\n    <\/div>\r\n<\/section>\r\n\n<\/div><\/div>\n\n<div class=\"gb-grid-column gb-grid-column-e0c10d78\"><div class=\"gb-container gb-container-e0c10d78\">\n<div class=\"gb-container gb-container-79cf448d\">\n\n<h2 class=\"gb-headline gb-headline-fe466642 gb-headline-text\">Des solutions de regards personnalis\u00e9es \u00e0 partir du mat\u00e9riau de construction du futur \u2013 BFUP zeroUltra<sub>one<\/sub><\/h2>\n\n\n\n<p>\u00c0 partir du mat\u00e9riau de construction innovant BFUP zeroUltra<sub>one<\/sub>, nous fabriquons des solutions de puits sur mesure pour les tunnels, les autoroutes et d&rsquo;autres applications d&rsquo;infrastructure exigeantes. Ces solutions offrent une combinaison exceptionnelle de parois minces, de l\u00e9g\u00e8ret\u00e9, de durabilit\u00e9 et de r\u00e9sistance \u00e0 l&rsquo;abrasion. Gr\u00e2ce aux excellentes propri\u00e9t\u00e9s m\u00e9caniques du BFUP et \u00e0 la minceur exceptionnelle des parois r\u00e9alisables avec le BFUP, nous produisons des structures de puits pr\u00e9fabriqu\u00e9es, qui n&rsquo;\u00e9taient auparavant r\u00e9alisables qu&rsquo;en b\u00e9ton coul\u00e9 sur place, avec une stabilit\u00e9 et une durabilit\u00e9 maximales. La construction l\u00e9g\u00e8re mais r\u00e9sistante permet de transporter efficacement ces regards et de les d\u00e9placer sur place avec des engins de construction normaux. Avec le BFUP, nous combinons les avantages de la pr\u00e9fabrication avec la stabilit\u00e9 et la durabilit\u00e9 d&rsquo;un mat\u00e9riau de construction haute performance, ce qui permet de r\u00e9duire les d\u00e9lais de construction et de diminuer les co\u00fbts. Que ce soit pour des projets sur mesure ou des exigences sp\u00e9cifiques, nous cr\u00e9ons avec <sub>zeroUltraone<\/sub> des solutions d&rsquo;avenir qui convainquent tant sur le plan technique qu&rsquo;\u00e9conomique. Faites confiance \u00e0 notre expertise pour la mise en \u0153uvre de solutions de regards de visite personnalis\u00e9es en BFUP, capables de r\u00e9sister aux charges les plus \u00e9lev\u00e9es et parfaitement adapt\u00e9es \u00e0 vos projets.<\/p>\n\n\n\n<p><\/p>\n\n<\/div>\n<\/div><\/div>\n<\/div>\n<\/div>\n\n<div class=\"gb-container gb-container-56e6e966\" data-aos=\"fade-up\" data-aos-duration=\"800\">\n<div class=\"gb-grid-wrapper gb-grid-wrapper-65e046ac rev_grid\">\n<div class=\"gb-grid-column gb-grid-column-d3c2c55f\"><div class=\"gb-container gb-container-d3c2c55f\">\n<div class=\"gb-container gb-container-ce437bb1\">\n\n<h2 class=\"gb-headline gb-headline-d77fed8a gb-headline-text\">Constructions de puits en b\u00e9ton personnalis\u00e9es &#8211; sur mesure selon vos besoins<\/h2>\n\n\n\n<p><\/p>\n\n\n\n<p>Nous fabriquons des regards de visite en b\u00e9ton personnalis\u00e9s, con\u00e7us exactement selon vos exigences et vos souhaits sp\u00e9cifiques. Qu&rsquo;ils soient utilis\u00e9s pour le drainage, la construction de tunnels ou l&rsquo;infrastructure, nos ouvrages d&rsquo;acc\u00e8s sur mesure vous offrent une qualit\u00e9, une durabilit\u00e9 et une fonctionnalit\u00e9 optimales. Gr\u00e2ce \u00e0 notre flexibilit\u00e9 et \u00e0 notre expertise dans la construction en b\u00e9ton, nous sommes en mesure de transformer toute id\u00e9e en r\u00e9alit\u00e9, que ce soit pour des applications standard ou sp\u00e9ciales. Avec un souci du d\u00e9tail et une attention particuli\u00e8re \u00e0 vos besoins individuels, nous concevons et fabriquons des regards qui sont non seulement robustes, mais aussi parfaitement adapt\u00e9s \u00e0 vos projets. Faites confiance \u00e0 notre savoir-faire lorsqu&rsquo;il s&rsquo;agit de trouver des solutions sur mesure dans le domaine de la construction en b\u00e9ton. Nous vous accompagnons de la conception \u00e0 la fabrication et vous proposons des regards de visite qui r\u00e9pondent aux exigences les plus \u00e9lev\u00e9es.     <\/p>\n\n<\/div>\n<\/div><\/div>\n\n<div class=\"gb-grid-column gb-grid-column-53867561\"><div class=\"gb-container gb-container-53867561\">\n<section id=\"digicube-block-66e42bc9b576b\"  class=\"DEMO\" >\r\n    <div class=\"custom-slide-wrapper\">\r\n        <div class=\"custom-slider\">\r\n                        <div class=\"slick-item\">\r\n                <div class=\"slider-image\">\r\n                <img decoding=\"async\" src=\"https:\/\/mauderli.ch\/wp-content\/uploads\/2024\/09\/Mauderli_Thun_oL_ZIV3035-2-scaled.jpg\" alt=\"Mauderli_Thun_oL_ZIV3035\" \/>\r\n                <\/div>\r\n            <\/div>\r\n                        <div class=\"slick-item\">\r\n                <div class=\"slider-image\">\r\n                <img decoding=\"async\" src=\"https:\/\/mauderli.ch\/wp-content\/uploads\/2024\/09\/Foto-09.05.18-17-03-51_oL_Fin-1-scaled.jpg\" alt=\"Foto 09.05.18, 17 03 51_oL_Fin\" \/>\r\n                <\/div>\r\n            <\/div>\r\n                        <div class=\"slick-item\">\r\n                <div class=\"slider-image\">\r\n                <img decoding=\"async\" src=\"https:\/\/mauderli.ch\/wp-content\/uploads\/2024\/09\/Foto-09.05.18-17-05-42_oL_Fin-1-scaled.jpg\" alt=\"Foto 09.05.18, 17 05 42_oL_Fin\" \/>\r\n                <\/div>\r\n            <\/div>\r\n                        <div class=\"slick-item\">\r\n                <div class=\"slider-image\">\r\n                <img decoding=\"async\" src=\"https:\/\/mauderli.ch\/wp-content\/uploads\/2024\/09\/Mauderli_Thun_oL_ZIV3273-1-scaled.jpg\" alt=\"Mauderli_Thun_oL_ZIV3273\" \/>\r\n                <\/div>\r\n            <\/div>\r\n                        <div class=\"slick-item\">\r\n                <div class=\"slider-image\">\r\n                <img decoding=\"async\" src=\"https:\/\/mauderli.ch\/wp-content\/uploads\/2024\/09\/Mauderli_Thun_oL_ZIV3276-1-scaled.jpg\" alt=\"Mauderli_Thun_oL_ZIV3276\" \/>\r\n                <\/div>\r\n            <\/div>\r\n                    <\/div>\r\n    <\/div>\r\n<\/section>\r\n\n<\/div><\/div>\n<\/div>\n<\/div>","protected":false},"excerpt":{"rendered":"","protected":false},"author":1,"featured_media":2094,"parent":0,"menu_order":0,"comment_status":"closed","ping_status":"closed","template":"","meta":{"_acf_changed":false,"inline_featured_image":false,"footnotes":""},"class_list":["post-2988","page","type-page","status-publish","has-post-thumbnail"],"acf":[],"_links":{"self":[{"href":"https:\/\/mauderli.ch\/fr\/wp-json\/wp\/v2\/pages\/2988","targetHints":{"allow":["GET"]}}],"collection":[{"href":"https:\/\/mauderli.ch\/fr\/wp-json\/wp\/v2\/pages"}],"about":[{"href":"https:\/\/mauderli.ch\/fr\/wp-json\/wp\/v2\/types\/page"}],"author":[{"embeddable":true,"href":"https:\/\/mauderli.ch\/fr\/wp-json\/wp\/v2\/users\/1"}],"replies":[{"embeddable":true,"href":"https:\/\/mauderli.ch\/fr\/wp-json\/wp\/v2\/comments?post=2988"}],"version-history":[{"count":6,"href":"https:\/\/mauderli.ch\/fr\/wp-json\/wp\/v2\/pages\/2988\/revisions"}],"predecessor-version":[{"id":3718,"href":"https:\/\/mauderli.ch\/fr\/wp-json\/wp\/v2\/pages\/2988\/revisions\/3718"}],"wp:featuredmedia":[{"embeddable":true,"href":"https:\/\/mauderli.ch\/fr\/wp-json\/wp\/v2\/media\/2094"}],"wp:attachment":[{"href":"https:\/\/mauderli.ch\/fr\/wp-json\/wp\/v2\/media?parent=2988"}],"curies":[{"name":"wp","href":"https:\/\/api.w.org\/{rel}","templated":true}]}}